{"id":28174,"date":"2022-10-03T18:27:30","date_gmt":"2022-10-03T16:27:30","guid":{"rendered":"https:\/\/svijetopeke.com\/pogoji-prodaje\/"},"modified":"2024-04-30T07:25:32","modified_gmt":"2024-04-30T05:25:32","slug":"pogoji-prodaje","status":"publish","type":"page","link":"https:\/\/svijetopeke.com\/sl\/pogoji-prodaje\/","title":{"rendered":"Pogoji prodaje"},"content":{"rendered":"<div class=\"fusion-fullwidth fullwidth-box fusion-builder-row-1 fusion-flex-container nonhundred-percent-fullwidth non-hundred-percent-height-scrolling\" style=\"--awb-border-radius-top-left:0px;--awb-border-radius-top-right:0px;--awb-border-radius-bottom-right:0px;--awb-border-radius-bottom-left:0px;--awb-flex-wrap:wrap;\" ><div class=\"fusion-builder-row fusion-row fusion-flex-align-items-flex-start fusion-flex-content-wrap\" style=\"max-width:1289.6px;margin-left: calc(-4% \/ 2 );margin-right: calc(-4% \/ 2 );\"><div class=\"fusion-layout-column fusion_builder_column fusion-builder-column-0 fusion_builder_column_3_4 3_4 fusion-flex-column\" style=\"--awb-bg-size:cover;--awb-width-large:75%;--awb-margin-top-large:0px;--awb-spacing-right-large:3.4133333333333%;--awb-margin-bottom-large:0px;--awb-spacing-left-large:2.56%;--awb-width-medium:75%;--awb-spacing-right-medium:3.4133333333333%;--awb-spacing-left-medium:2.56%;--awb-width-small:100%;--awb-spacing-right-small:1.92%;--awb-spacing-left-small:1.92%;\"><div class=\"fusion-column-wrapper fusion-flex-justify-content-flex-start fusion-content-layout-column\"><div class=\"fusion-text fusion-text-1\"><p><strong>1. VELJAVNOST<\/strong><\/p>\n<p>Dobavni pogoji veljajo za vse sklenjene prodajne posle in pogodbe ter s tem povezane dobave in naknadne dobave.<br \/>\nOdstopanja od teh prodajnih in dobavnih pogojev so veljavna le, \u010de so pisno potrjena s strani kupca in prodajalca.<\/p>\n<p><strong>2. PONUDBE<\/strong><\/p>\n<p>Ponudbe so nezavezujo\u010de, razen \u010de je izrecno navedeno druga\u010de. Njihova veljavnost je navedena na ponudbi.<br \/>\nPonudba vsebuje naziv izdelka, koli\u010dine, cene, pla\u010dilne pogoje in druge pogoje.<\/p>\n<p><strong>3. CENA IN IZRA\u010cUN<\/strong><\/p>\n<p>Cene v ponudbah veljajo za FCA skladi\u0161\u010de Valpovo nalo\u017eeno na tovorno ali osebno vozilo.<br \/>\nZa obra\u010dun so veljavne dimenzije in koli\u010dine realizirane dobave na podlagi potrjene dobavnice.<\/p>\n<p><strong>4. IZDELKI<\/strong><\/p>\n<p>Fasadna opeka je naraven material, pridobljen z \u017eganjem gline, zato so odstopanja v barvi in \u200b\u200bdimenzijah v razli\u010dnih serijah pri\u010dakovana.<br \/>\nKupcu ne moremo zagotoviti enakega odtenka, \u010de je opeka vzeta iz ve\u010d serij, zato prav zaradi tega priporo\u010damo, da kupec naro\u010di vzorce manj\u0161e koli\u010dine iz trenutne proizvodne serije, da bo zagotovo dobil tisto, kar i\u0161\u010de .<br \/>\n\u010ce stranka naro\u010da opeko po katalogih, internetu ali razstavnih panojih, ne moremo zagotoviti istega odtenka in ne sprejemamo reklamacij v primeru razlike v barvi, ker gre za naraven material.<\/p>\n<p>Izolacija ali solitra je naravni proces razcveta na povr\u0161ini kamnitih ali betonskih izdelkov in nastane, ko topne soli s pomo\u010djo vlage migrirajo iz notranjih plasti konstrukcije na povr\u0161ino in med su\u0161enjem nastanejo kristalni pra\u0161kasti agregati. nastanejo, ki jih garancija ne krije.<\/p>\n<p><strong>5. NASTAVITEV<\/strong><\/p>\n<p>\u010ce stranka zidake vgrajuje sama, Svijet opeka predlaga, da vgradnjo izvede po predpisih in navodilih proizvajalca ali pa poi\u0161\u010de strokovnjaka, ki je specializiran za vgradnjo.<br \/>\nVe\u010d o na\u010dinu vgradnje si preberite na na\u0161i spletni strani: <a href=\"https:\/\/svijetopeke.com\/sl\/namestitev\/\" target=\"_blank\" rel=\"noopener\">MONTA\u017dA<\/a> ali poi\u0161\u010dite nasvet pri sodelavcih Svijet opeka.<\/p>\n<p><strong>6. DOBAVNI \u010cAS<\/strong><\/p>\n<p>Svet opeke se bo dr\u017eal navedenih dobavnih rokov glede na namen in mo\u017enosti.<\/p>\n<p><strong>7. PO\u0160ILJANJE IN TRANSPORT<\/strong><\/p>\n<p>\u010ce Svijet opeka dostavi blago kupcu na skladi\u0161\u010de ali gradbi\u0161\u010de, bo cena prevoza prikazana kot posebna postavka.<br \/>\nSvet opeke lahko med letom korigira cene prevozov v skladu s spremembami na trgu.<\/p>\n<p><strong>8. PALETE<\/strong><\/p>\n<p>Izdelke Svijet opeke dostavljamo na paletah dimenzij 80\/120 cm oziroma 100\/120 za stenske.<br \/>\nV ceno prevoza vam obra\u010dunamo palete za stenske obloge.<\/p>\n<p><strong>9. PLA\u010cILNI POGOJI<\/strong><\/p>\n<p>Pla\u010dilni pogoji so dogovorjeni v Dru\u017ebeni pogodbi z opredeljenimi na\u010dini zavarovanja pla\u010dila.<br \/>\n\u010ce s stranko ni sklenjena pogodba o sodelovanju, se pla\u010dilo izvede na podlagi predra\u010duna (ponudbe).<br \/>\nZa zamude pri pla\u010dilih se zara\u010dunajo zakonske zamudne obresti.<br \/>\n\u010ce kupec odstopi od nakupa naro\u010denega blaga, nima pravice do vra\u010dila vpla\u010danega predujma, niti nima pravice uporabiti vpla\u010danega predujma kot polog in\/ali ceno za drug izdelek.<\/p>\n<p><strong>10. PRAVICA DO ODR\u017dANJA LASTNINE<\/strong><\/p>\n<p>Do celotnega pla\u010dila ostane dostavljeno blago last Svijet ofeka.<br \/>\n\u010ce Svijet opeka prevzame blago nazaj zaradi kup\u010devega nepla\u010dila, na podlagi pridr\u017ene lastninske pravice, nosi kupec stro\u0161ke prevoza v primeru vra\u010dila ali nadaljnje prodaje blaga.<\/p>\n<p><strong>11. VRA\u010cILO BLAGA IN POVEZANI STRO\u0160KI<\/strong><\/p>\n<p>\u010ce je dobavljena prevelika koli\u010dina blaga glede na naro\u010dilo kupca, bo le-to prevzeto nazaj \u0161ele po pisnem obvestilu Svijet opeke ter \u010de je blago nepo\u0161kodovano in originalno pakirano na paletah, pripravljenih za odpremo.<br \/>\nBlago, vrnjeno s strani stranke, ki ni pravilno pakirano na palete, ne bo sprejeto.<br \/>\nV vsakem primeru mora kupec ob vra\u010dilu blaga imeti potrdilo o prejemu le-tega (dobavnico), iz katerega so razvidni izdelki in njihova koli\u010dina.<\/p>\n<p><strong>12. GARANCIJA IN REKLAMACIJE<\/strong><\/p>\n<p>Svet opeke zagotavlja obi\u010dajno kakovost in koli\u010dino izdelkov v okviru zakonskih dolo\u010dil.<br \/>\nZa vse morebitne reklamacije glede kakovosti in koli\u010dine izdelka je kupec dol\u017ean predlo\u017eiti komisijski zapisnik o ugotovljenih napakah v roku 7 dni od prevzema\/oddaje izdelka.<br \/>\nV primeru reklamacije bo kupec reklamirano blago lo\u010dil in povabil Svet opek, da skupaj ugotovimo dejansko stanje.<br \/>\nReklamacija dela blaga ne daje partnerju pravice do podalj\u0161anja pla\u010dila za neprevzeti del blaga.<br \/>\nOgla\u0161evanega blaga partner ne sme dajati v prodajo, dokler Svijet opeke ne izda morebitnega soglasja za prodajo.<br \/>\nReklamacij na \u017ee delno ali v celoti vgrajene zidake ne sprejemamo.<\/p>\n<p><strong>13. AVTORSKE PRAVICE<\/strong><\/p>\n<p>Izdelek, ki je predmet prodaje, je avtorsko delo Prodajalca.<br \/>\nProdajalec si pridr\u017euje pravico, da zadevni izdelek uporabi kot referenco v vseh prihodnjih projektih.<\/p>\n<\/div><\/div><\/div><div class=\"fusion-layout-column fusion_builder_column fusion-builder-column-1 fusion_builder_column_1_4 1_4 fusion-flex-column\" style=\"--awb-bg-size:cover;--awb-width-large:25%;--awb-margin-top-large:0px;--awb-spacing-right-large:7.68%;--awb-margin-bottom-large:20px;--awb-spacing-left-large:5.12%;--awb-width-medium:25%;--awb-order-medium:0;--awb-spacing-right-medium:7.68%;--awb-spacing-left-medium:5.12%;--awb-width-small:100%;--awb-order-small:0;--awb-spacing-right-small:1.92%;--awb-spacing-left-small:1.92%;\"><div class=\"fusion-column-wrapper fusion-column-has-shadow fusion-flex-justify-content-flex-start fusion-content-layout-column\"><div class=\"fusion-title title fusion-title-1 sep-underline sep-solid fusion-title-text fusion-title-size-one fusion-animated\" style=\"--awb-sep-color:var(--awb-color4);\" data-animationType=\"fadeInLeft\" data-animationDuration=\"0.3\" data-animationOffset=\"top-into-view\"><h1 class=\"fusion-title-heading title-heading-left fusion-responsive-typography-calculated\" style=\"font-family:&quot;Montserrat&quot;;font-style:normal;font-weight:200;margin:0;text-transform:uppercase;--fontSize:34;line-height:var(--awb-typography1-line-height);\">Pogoji prodaje<\/h1><\/div><div class=\"fusion-image-element \" style=\"--awb-caption-title-font-family:var(--h2_typography-font-family);--awb-caption-title-font-weight:var(--h2_typography-font-weight);--awb-caption-title-font-style:var(--h2_typography-font-style);--awb-caption-title-size:var(--h2_typography-font-size);--awb-caption-title-transform:var(--h2_typography-text-transform);--awb-caption-title-line-height:var(--h2_typography-line-height);--awb-caption-title-letter-spacing:var(--h2_typography-letter-spacing);\"><span class=\" fusion-imageframe imageframe-none imageframe-1 hover-type-none\"><img decoding=\"async\" width=\"350\" height=\"70\" title=\"logo-finalni-mali\" src=\"https:\/\/svijetopeke.com\/wp-content\/uploads\/logo-finalni-mali-2.png\" alt class=\"img-responsive wp-image-24980\" srcset=\"https:\/\/svijetopeke.com\/wp-content\/uploads\/logo-finalni-mali-2-200x40.png 200w, https:\/\/svijetopeke.com\/wp-content\/uploads\/logo-finalni-mali-2.png 350w\" sizes=\"(max-width: 640px) 100vw, 350px\" \/><\/span><\/div><\/div><\/div><\/div><\/div>\n","protected":false},"excerpt":{"rendered":"","protected":false},"author":1,"featured_media":0,"parent":0,"menu_order":0,"comment_status":"closed","ping_status":"closed","template":"","meta":{"_seopress_robots_primary_cat":"","_seopress_titles_title":"","_seopress_titles_desc":"","_seopress_robots_index":"","footnotes":""},"class_list":["post-28174","page","type-page","status-publish","hentry"],"yoast_head":"<!-- This site is optimized with the Yoast SEO plugin v27.1.1 - https:\/\/yoast.com\/product\/yoast-seo-wordpress\/ -->\n<title>Pogoji prodaje - Svijet opeke<\/title>\n<meta name=\"robots\" content=\"index, follow, max-snippet:-1, max-image-preview:large, max-video-preview:-1\" \/>\n<link rel=\"canonical\" href=\"https:\/\/svijetopeke.com\/sl\/pogoji-prodaje\/\" \/>\n<meta property=\"og:locale\" content=\"sl_SI\" \/>\n<meta property=\"og:type\" content=\"article\" \/>\n<meta property=\"og:title\" content=\"Pogoji prodaje - Svijet opeke\" \/>\n<meta property=\"og:url\" content=\"https:\/\/svijetopeke.com\/sl\/pogoji-prodaje\/\" \/>\n<meta property=\"og:site_name\" content=\"Svijet opeke\" \/>\n<meta property=\"article:publisher\" content=\"https:\/\/www.facebook.com\/svijetopeke\/\" \/>\n<meta property=\"article:modified_time\" content=\"2024-04-30T05:25:32+00:00\" \/>\n<meta name=\"twitter:card\" content=\"summary_large_image\" \/>\n<meta name=\"twitter:label1\" content=\"Est. reading time\" \/>\n\t<meta name=\"twitter:data1\" content=\"9 minut\" \/>\n<script type=\"application\/ld+json\" class=\"yoast-schema-graph\">{\"@context\":\"https:\/\/schema.org\",\"@graph\":[{\"@type\":\"WebPage\",\"@id\":\"https:\/\/svijetopeke.com\/sl\/pogoji-prodaje\/\",\"url\":\"https:\/\/svijetopeke.com\/sl\/pogoji-prodaje\/\",\"name\":\"Pogoji prodaje - Svijet opeke\",\"isPartOf\":{\"@id\":\"https:\/\/svijetopeke.com\/sl\/#website\"},\"datePublished\":\"2022-10-03T16:27:30+00:00\",\"dateModified\":\"2024-04-30T05:25:32+00:00\",\"breadcrumb\":{\"@id\":\"https:\/\/svijetopeke.com\/sl\/pogoji-prodaje\/#breadcrumb\"},\"inLanguage\":\"sl-SI\",\"potentialAction\":[{\"@type\":\"ReadAction\",\"target\":[\"https:\/\/svijetopeke.com\/sl\/pogoji-prodaje\/\"]}]},{\"@type\":\"BreadcrumbList\",\"@id\":\"https:\/\/svijetopeke.com\/sl\/pogoji-prodaje\/#breadcrumb\",\"itemListElement\":[{\"@type\":\"ListItem\",\"position\":1,\"name\":\"Po\u010detna stranica\",\"item\":\"https:\/\/svijetopeke.com\/sl\/\"},{\"@type\":\"ListItem\",\"position\":2,\"name\":\"Pogoji prodaje\"}]},{\"@type\":\"WebSite\",\"@id\":\"https:\/\/svijetopeke.com\/sl\/#website\",\"url\":\"https:\/\/svijetopeke.com\/sl\/\",\"name\":\"Svijet opeke\",\"description\":\"Najve\u0107i izbor opeke\",\"publisher\":{\"@id\":\"https:\/\/svijetopeke.com\/sl\/#organization\"},\"potentialAction\":[{\"@type\":\"SearchAction\",\"target\":{\"@type\":\"EntryPoint\",\"urlTemplate\":\"https:\/\/svijetopeke.com\/sl\/?s={search_term_string}\"},\"query-input\":{\"@type\":\"PropertyValueSpecification\",\"valueRequired\":true,\"valueName\":\"search_term_string\"}}],\"inLanguage\":\"sl-SI\"},{\"@type\":\"Organization\",\"@id\":\"https:\/\/svijetopeke.com\/sl\/#organization\",\"name\":\"Svijet opeke\",\"url\":\"https:\/\/svijetopeke.com\/sl\/\",\"logo\":{\"@type\":\"ImageObject\",\"inLanguage\":\"sl-SI\",\"@id\":\"https:\/\/svijetopeke.com\/sl\/#\/schema\/logo\/image\/\",\"url\":\"https:\/\/svijetopeke.com\/wp-content\/uploads\/web\/svijetopeke_logo_site_icon.png\",\"contentUrl\":\"https:\/\/svijetopeke.com\/wp-content\/uploads\/web\/svijetopeke_logo_site_icon.png\",\"width\":1024,\"height\":1024,\"caption\":\"Svijet opeke\"},\"image\":{\"@id\":\"https:\/\/svijetopeke.com\/sl\/#\/schema\/logo\/image\/\"},\"sameAs\":[\"https:\/\/www.facebook.com\/svijetopeke\/\",\"https:\/\/www.instagram.com\/svijetopeke\/\"]}]}<\/script>\n<!-- \/ Yoast SEO plugin. -->","yoast_head_json":{"title":"Pogoji prodaje - Svijet opeke","robots":{"index":"index","follow":"follow","max-snippet":"max-snippet:-1","max-image-preview":"max-image-preview:large","max-video-preview":"max-video-preview:-1"},"canonical":"https:\/\/svijetopeke.com\/sl\/pogoji-prodaje\/","og_locale":"sl_SI","og_type":"article","og_title":"Pogoji prodaje - Svijet opeke","og_url":"https:\/\/svijetopeke.com\/sl\/pogoji-prodaje\/","og_site_name":"Svijet opeke","article_publisher":"https:\/\/www.facebook.com\/svijetopeke\/","article_modified_time":"2024-04-30T05:25:32+00:00","twitter_card":"summary_large_image","twitter_misc":{"Est. reading time":"9 minut"},"schema":{"@context":"https:\/\/schema.org","@graph":[{"@type":"WebPage","@id":"https:\/\/svijetopeke.com\/sl\/pogoji-prodaje\/","url":"https:\/\/svijetopeke.com\/sl\/pogoji-prodaje\/","name":"Pogoji prodaje - Svijet opeke","isPartOf":{"@id":"https:\/\/svijetopeke.com\/sl\/#website"},"datePublished":"2022-10-03T16:27:30+00:00","dateModified":"2024-04-30T05:25:32+00:00","breadcrumb":{"@id":"https:\/\/svijetopeke.com\/sl\/pogoji-prodaje\/#breadcrumb"},"inLanguage":"sl-SI","potentialAction":[{"@type":"ReadAction","target":["https:\/\/svijetopeke.com\/sl\/pogoji-prodaje\/"]}]},{"@type":"BreadcrumbList","@id":"https:\/\/svijetopeke.com\/sl\/pogoji-prodaje\/#breadcrumb","itemListElement":[{"@type":"ListItem","position":1,"name":"Po\u010detna stranica","item":"https:\/\/svijetopeke.com\/sl\/"},{"@type":"ListItem","position":2,"name":"Pogoji prodaje"}]},{"@type":"WebSite","@id":"https:\/\/svijetopeke.com\/sl\/#website","url":"https:\/\/svijetopeke.com\/sl\/","name":"Svijet opeke","description":"Najve\u0107i izbor opeke","publisher":{"@id":"https:\/\/svijetopeke.com\/sl\/#organization"},"potentialAction":[{"@type":"SearchAction","target":{"@type":"EntryPoint","urlTemplate":"https:\/\/svijetopeke.com\/sl\/?s={search_term_string}"},"query-input":{"@type":"PropertyValueSpecification","valueRequired":true,"valueName":"search_term_string"}}],"inLanguage":"sl-SI"},{"@type":"Organization","@id":"https:\/\/svijetopeke.com\/sl\/#organization","name":"Svijet opeke","url":"https:\/\/svijetopeke.com\/sl\/","logo":{"@type":"ImageObject","inLanguage":"sl-SI","@id":"https:\/\/svijetopeke.com\/sl\/#\/schema\/logo\/image\/","url":"https:\/\/svijetopeke.com\/wp-content\/uploads\/web\/svijetopeke_logo_site_icon.png","contentUrl":"https:\/\/svijetopeke.com\/wp-content\/uploads\/web\/svijetopeke_logo_site_icon.png","width":1024,"height":1024,"caption":"Svijet opeke"},"image":{"@id":"https:\/\/svijetopeke.com\/sl\/#\/schema\/logo\/image\/"},"sameAs":["https:\/\/www.facebook.com\/svijetopeke\/","https:\/\/www.instagram.com\/svijetopeke\/"]}]}},"_links":{"self":[{"href":"https:\/\/svijetopeke.com\/sl\/wp-json\/wp\/v2\/pages\/28174","targetHints":{"allow":["GET"]}}],"collection":[{"href":"https:\/\/svijetopeke.com\/sl\/wp-json\/wp\/v2\/pages"}],"about":[{"href":"https:\/\/svijetopeke.com\/sl\/wp-json\/wp\/v2\/types\/page"}],"author":[{"embeddable":true,"href":"https:\/\/svijetopeke.com\/sl\/wp-json\/wp\/v2\/users\/1"}],"replies":[{"embeddable":true,"href":"https:\/\/svijetopeke.com\/sl\/wp-json\/wp\/v2\/comments?post=28174"}],"version-history":[{"count":7,"href":"https:\/\/svijetopeke.com\/sl\/wp-json\/wp\/v2\/pages\/28174\/revisions"}],"predecessor-version":[{"id":30704,"href":"https:\/\/svijetopeke.com\/sl\/wp-json\/wp\/v2\/pages\/28174\/revisions\/30704"}],"wp:attachment":[{"href":"https:\/\/svijetopeke.com\/sl\/wp-json\/wp\/v2\/media?parent=28174"}],"curies":[{"name":"wp","href":"https:\/\/api.w.org\/{rel}","templated":true}]}}