{"id":28211,"date":"2022-01-14T09:00:08","date_gmt":"2022-01-14T07:00:08","guid":{"rendered":"https:\/\/svijetopeke.com\/vandersanden-stenska-opeka\/polna-opeka\/"},"modified":"2024-04-26T22:12:13","modified_gmt":"2024-04-26T20:12:13","slug":"polna-opeka","status":"publish","type":"page","link":"https:\/\/svijetopeke.com\/sl\/vandersanden-stenska-opeka\/polna-opeka\/","title":{"rendered":"Polna opeka"},"content":{"rendered":"<p><div class=\"fusion-fullwidth fullwidth-box fusion-builder-row-1 fusion-flex-container hundred-percent-fullwidth non-hundred-percent-height-scrolling\" style=\"--awb-border-radius-top-left:0px;--awb-border-radius-top-right:0px;--awb-border-radius-bottom-right:0px;--awb-border-radius-bottom-left:0px;--awb-overflow:visible;--awb-flex-wrap:wrap;\" ><div class=\"fusion-builder-row fusion-row fusion-flex-align-items-flex-start fusion-flex-content-wrap\" style=\"width:104% !important;max-width:104% !important;margin-left: calc(-4% \/ 2 );margin-right: calc(-4% \/ 2 );\"><div class=\"fusion-layout-column fusion_builder_column fusion-builder-column-0 fusion_builder_column_1_1 1_1 fusion-flex-column fusion-flex-align-self-flex-start fusion-column-no-min-height\" style=\"--awb-bg-size:cover;--awb-width-large:100%;--awb-margin-top-large:0px;--awb-spacing-right-large:1.92%;--awb-margin-bottom-large:0px;--awb-spacing-left-large:1.92%;--awb-width-medium:100%;--awb-spacing-right-medium:1.92%;--awb-spacing-left-medium:1.92%;--awb-width-small:100%;--awb-spacing-right-small:1.92%;--awb-spacing-left-small:1.92%;\"><div class=\"fusion-column-wrapper fusion-flex-justify-content-flex-start fusion-content-layout-column\"><nav class=\"awb-menu awb-menu_row awb-menu_em-hover mobile-mode-collapse-to-button awb-menu_icons-left awb-menu_dc-yes mobile-trigger-fullwidth-off awb-menu_mobile-toggle awb-menu_indent-left mobile-size-full-absolute loading mega-menu-loading awb-menu_desktop awb-menu_dropdown awb-menu_expand-right awb-menu_transition-fade\" style=\"--awb-font-size:16px;--awb-margin-bottom:10px;--awb-text-transform:uppercase;--awb-min-height:16px;--awb-gap:15px;--awb-color:var(--awb-color7);--awb-letter-spacing:1,35;--awb-active-color:var(--awb-custom18);--awb-main-justify-content:flex-start;--awb-mobile-justify:flex-start;--awb-mobile-caret-left:auto;--awb-mobile-caret-right:0;--awb-fusion-font-family-typography:&quot;Montserrat&quot;;--awb-fusion-font-style-typography:normal;--awb-fusion-font-weight-typography:700;--awb-fusion-font-family-submenu-typography:inherit;--awb-fusion-font-style-submenu-typography:normal;--awb-fusion-font-weight-submenu-typography:400;--awb-fusion-font-family-mobile-typography:inherit;--awb-fusion-font-style-mobile-typography:normal;--awb-fusion-font-weight-mobile-typography:400;\" aria-label=\"Menu Vandersanden fasadna\" data-breakpoint=\"1024\" data-count=\"0\" data-transition-type=\"fade\" data-transition-time=\"300\" data-expand=\"right\"><button type=\"button\" class=\"awb-menu__m-toggle awb-menu__m-toggle_no-text\" aria-expanded=\"false\" aria-controls=\"menu-menu-vandersanden-fasadna\"><span class=\"awb-menu__m-toggle-inner\"><span class=\"collapsed-nav-text\"><span class=\"screen-reader-text\">Toggle Navigation<\/span><\/span><span class=\"awb-menu__m-collapse-icon awb-menu__m-collapse-icon_no-text\"><span class=\"awb-menu__m-collapse-icon-open awb-menu__m-collapse-icon-open_no-text fa-bars fas\"><\/span><span class=\"awb-menu__m-collapse-icon-close awb-menu__m-collapse-icon-close_no-text fa-times fas\"><\/span><\/span><\/span><\/button><ul id=\"menu-menu-vandersanden-fasadna\" class=\"fusion-menu awb-menu__main-ul awb-menu__main-ul_row\"><li  id=\"menu-item-3997\"  class=\"menu-item menu-item-type-post_type menu-item-object-page menu-item-3997 awb-menu__li awb-menu__main-li awb-menu__main-li_regular\"  data-item-id=\"3997\"><span class=\"awb-menu__main-background-default awb-menu__main-background-default_fade\"><\/span><span class=\"awb-menu__main-background-active awb-menu__main-background-active_fade\"><\/span><a  href=\"https:\/\/svijetopeke.com\/vandersanden-zidna-opeka\/\" class=\"awb-menu__main-a awb-menu__main-a_regular\"><span class=\"menu-text\">Vandersanden stenska opeka<\/span><\/a><\/li><li  id=\"menu-item-3996\"  class=\"menu-item menu-item-type-post_type menu-item-object-page menu-item-3996 awb-menu__li awb-menu__main-li awb-menu__main-li_regular\"  data-item-id=\"3996\"><span class=\"awb-menu__main-background-default awb-menu__main-background-default_fade\"><\/span><span class=\"awb-menu__main-background-active awb-menu__main-background-active_fade\"><\/span><a  href=\"https:\/\/svijetopeke.com\/vandersanden-zidna-opeka\/modeli-vandersanden\/\" class=\"awb-menu__main-a awb-menu__main-a_regular\"><span class=\"menu-text\">Modeli Vandersanden<\/span><\/a><\/li><li  id=\"menu-item-3971\"  class=\"menu-item menu-item-type-post_type menu-item-object-page menu-item-3971 awb-menu__li awb-menu__main-li awb-menu__main-li_regular\"  data-item-id=\"3971\"><span class=\"awb-menu__main-background-default awb-menu__main-background-default_fade\"><\/span><span class=\"awb-menu__main-background-active awb-menu__main-background-active_fade\"><\/span><a  href=\"https:\/\/svijetopeke.com\/vandersanden-zidna-opeka\/vandersanden-puna-opeka\/\" class=\"awb-menu__main-a awb-menu__main-a_regular\"><span class=\"menu-text\">Polna opeka<\/span><\/a><\/li><li  id=\"menu-item-3972\"  class=\"menu-item menu-item-type-post_type menu-item-object-page menu-item-3972 awb-menu__li awb-menu__main-li awb-menu__main-li_regular\"  data-item-id=\"3972\"><span class=\"awb-menu__main-background-default awb-menu__main-background-default_fade\"><\/span><span class=\"awb-menu__main-background-active awb-menu__main-background-active_fade\"><\/span><a  href=\"https:\/\/svijetopeke.com\/vandersanden-zidna-opeka\/vandersanden-slip-opeka\/\" class=\"awb-menu__main-a awb-menu__main-a_regular\"><span class=\"menu-text\">Slip opeka<\/span><\/a><\/li><li  id=\"menu-item-3973\"  class=\"menu-item menu-item-type-post_type menu-item-object-page menu-item-3973 awb-menu__li awb-menu__main-li awb-menu__main-li_regular\"  data-item-id=\"3973\"><span class=\"awb-menu__main-background-default awb-menu__main-background-default_fade\"><\/span><span class=\"awb-menu__main-background-active awb-menu__main-background-active_fade\"><\/span><a  href=\"https:\/\/svijetopeke.com\/vandersanden-zidna-opeka\/vandersanden-zero-opeka\/\" class=\"awb-menu__main-a awb-menu__main-a_regular\"><span class=\"menu-text\">Zero opeka<\/span><\/a><\/li><li  id=\"menu-item-7187\"  class=\"menu-item menu-item-type-post_type menu-item-object-page menu-item-7187 awb-menu__li awb-menu__main-li awb-menu__main-li_regular\"  data-item-id=\"7187\"><span class=\"awb-menu__main-background-default awb-menu__main-background-default_fade\"><\/span><span class=\"awb-menu__main-background-active awb-menu__main-background-active_fade\"><\/span><a  href=\"https:\/\/svijetopeke.com\/vandersanden-zidna-opeka\/vandersanden-posebna-opeka\/\" class=\"awb-menu__main-a awb-menu__main-a_regular\"><span class=\"menu-text\">Posebna opeka<\/span><\/a><\/li><li  id=\"menu-item-3974\"  class=\"menu-item menu-item-type-post_type menu-item-object-page menu-item-3974 awb-menu__li awb-menu__main-li awb-menu__main-li_regular\"  data-item-id=\"3974\"><span class=\"awb-menu__main-background-default awb-menu__main-background-default_fade\"><\/span><span class=\"awb-menu__main-background-active awb-menu__main-background-active_fade\"><\/span><a  href=\"https:\/\/svijetopeke.com\/vandersanden-zidna-opeka\/vandersanden-signa-paneli\/\" class=\"awb-menu__main-a awb-menu__main-a_regular\"><span class=\"menu-text\">Signa paneli<\/span><\/a><\/li><\/ul><\/nav>\n<div class=\"fusion-text fusion-text-1\" style=\"--awb-text-transform:none;\"><p><a href=\"https:\/\/svijetopeke.com\/wp-content\/uploads\/web\/proizvodi\/vandersanden\/cigla2.jpg\"><img decoding=\"async\" class=\"alignnone wp-image-16891\" src=\"https:\/\/svijetopeke.com\/wp-content\/uploads\/web\/proizvodi\/vandersanden\/cigla2.jpg\" alt=\"cigla2\" width=\"1100\" height=\"521\"><\/a><\/p>\n<p><a href=\"https:\/\/www.vandersanden.com\/en\"><img decoding=\"async\" class=\"alignnone wp-image-21855 size-full\" title=\"Vandersanden\" src=\"https:\/\/svijetopeke.com\/wp-content\/uploads\/web\/proizvodi\/vandersanden\/vander1.gif\" alt=\"Vandersanden\" width=\"400\" height=\"78\"><\/a><\/p>\n<h3>Fasadna polna opeka<\/h3>\n<p>Naravno, kvalitetno, enostavno za namestitev in vzdr\u017eevanje.<\/p>\n<p>Opeka je naraven in plemenit 100% naravni izdelek. Fasadna opeka je trajen izdelek z \u017eivljenjsko dobo preko 100 let, kar dokazujejo \u0161tevilne hi\u0161e po vsej zahodni Evropi.<br \/>\nFasadna opeka \u0161\u010diti pred zunanjimi vplivi in \u200b\u200bne zahteva dodatnega vzdr\u017eevanja, kar je dolgoro\u010dno bolj donosno kot druge vrste fasad. Je negorljiv in negorljiv. Fasadna opeka je zelo fleksibilen material, zato se lahko med gradnjo in \u017eivljenjsko dobo objekta enostavno spreminja tloris.<\/p>\n<\/div><div class=\"fusion-separator fusion-full-width-sep\" style=\"align-self: center;margin-left: auto;margin-right: auto;width:100%;\"><div class=\"fusion-separator-border sep-shadow\" style=\"--awb-height:20px;--awb-amount:20px;background:radial-gradient(ellipse at 50% -50% , #e0dede 0px, rgba(255, 255, 255, 0) 80%) repeat scroll 0 0 rgba(0, 0, 0, 0);background:-webkit-radial-gradient(ellipse at 50% -50% , #e0dede 0px, rgba(255, 255, 255, 0) 80%) repeat scroll 0 0 rgba(0, 0, 0, 0);background:-moz-radial-gradient(ellipse at 50% -50% , #e0dede 0px, rgba(255, 255, 255, 0) 80%) repeat scroll 0 0 rgba(0, 0, 0, 0);background:-o-radial-gradient(ellipse at 50% -50% , #e0dede 0px, rgba(255, 255, 255, 0) 80%) repeat scroll 0 0 rgba(0, 0, 0, 0);\"><\/div><\/div><div class=\"fusion-text fusion-text-2\" style=\"--awb-text-transform:none;\"><h3>Dimenzije<\/h3>\n<p>Vandersanden proizvaja 7 razli\u010dnih velikosti opek:<\/p>\n<p><a href=\"https:\/\/svijetopeke.com\/wp-content\/uploads\/web\/proizvodi\/vandersanden\/velicine.jpg\"><img decoding=\"async\" class=\"alignnone wp-image-16893\" src=\"https:\/\/svijetopeke.com\/wp-content\/uploads\/web\/proizvodi\/vandersanden\/velicine.jpg\" alt=\"velicine\" width=\"1100\" height=\"781\"><\/a><\/p>\n<\/div><div class=\"fusion-content-boxes content-boxes columns row fusion-columns-2 fusion-columns-total-2 fusion-content-boxes-1 content-boxes-icon-with-title content-left fusion-delayed-animation\" style=\"--awb-backgroundcolor:#f8f9fa;--awb-body-color:#6d6d6d;--awb-title-color:#0b0c11;--awb-iconcolor:#ffffff;--awb-margin-bottom:0px;--awb-hover-accent-color:#e11e24;--awb-circle-hover-accent-color:#e11e24;\" data-animation-delay=\"500\" data-animationOffset=\"top-into-view\"><div style=\"--awb-backgroundcolor:#f8f9fa;--awb-iconcolor:#ffffff;\" class=\"fusion-column content-box-column content-box-column content-box-column-1 col-lg-6 col-md-6 col-sm-6 fusion-content-box-hover content-box-column-first-in-row\"><div class=\"col content-box-wrapper content-wrapper-background link-area-link-icon link-type-text icon-hover-animation-slide fusion-animated\" data-animationType=\"fadeInLeft\" data-animationDuration=\"2.0\" data-animationOffset=\"top-into-view\"><div class=\"heading heading-with-icon icon-left\"><a class=\"heading-link\" style=\"float:left;\" href=\"https:\/\/svijetopeke.com\/vandersanden-zidna-opeka\/modeli-vandersanden\/\" target=\"_self\"><div aria-hidden=\"true\" class=\"image\"><img decoding=\"async\" src=\"https:\/\/svijetopeke.com\/wp-content\/uploads\/web\/paleta.png\" width=\"50\" height=\"50.37\" alt=\"\" \/><\/div><h3 class=\"content-box-heading fusion-responsive-typography-calculated\" style=\"--h3_typography-font-size:18px;--fontSize:18;line-height:1.2;\">Oglejte si na\u0161o ponudbo ve\u010d kot 150 modelov &gt;<\/h3><\/a><\/div><\/div><\/div><div style=\"--awb-backgroundcolor:#f8f9fa;--awb-iconcolor:#ffffff;\" class=\"fusion-column content-box-column content-box-column content-box-column-2 col-lg-6 col-md-6 col-sm-6 fusion-content-box-hover content-box-column-last content-box-column-last-in-row\"><div class=\"col content-box-wrapper content-wrapper-background link-area-link-icon link-type-text icon-hover-animation-slide fusion-animated\" data-animationType=\"fadeInLeft\" data-animationDuration=\"2.0\" data-animationOffset=\"top-into-view\"><div class=\"heading heading-with-icon icon-left\"><a class=\"heading-link\" style=\"float:left;\" href=\"https:\/\/svijetopeke.com\/wp-content\/uploads\/web\/proizvodi\/vandersanden\/opeke-osnove_en.pdf\" target=\"_blank\" rel=\"noopener noreferrer\"><div class=\"icon\" style=\"-webkit-animation-duration: 500ms;animation-duration: 500ms;\"><i style=\"border-color:#212934;border-width:0px;background-color:var(--awb-color6);box-sizing:content-box;height:48px;width:48px;line-height:48px;border-radius:8px;font-size:24px;\" aria-hidden=\"true\" class=\"fontawesome-icon fa-file-pdf fas circle-yes\"><\/i><\/div><h3 class=\"content-box-heading fusion-responsive-typography-calculated\" style=\"--h3_typography-font-size:18px;--fontSize:18;line-height:1.2;\">Prenesite dokumentacijo o opekah Vandersanden<\/h3><\/a><\/div><\/div><\/div><div class=\"fusion-clearfix\"><\/div><\/div><\/div><\/div><\/div><\/div><div class=\"fusion-fullwidth fullwidth-box fusion-builder-row-2 fusion-flex-container nonhundred-percent-fullwidth non-hundred-percent-height-scrolling\" style=\"--awb-border-radius-top-left:0px;--awb-border-radius-top-right:0px;--awb-border-radius-bottom-right:0px;--awb-border-radius-bottom-left:0px;--awb-flex-wrap:wrap;\" ><\/div><\/p>\n","protected":false},"excerpt":{"rendered":"","protected":false},"author":1,"featured_media":0,"parent":28208,"menu_order":0,"comment_status":"closed","ping_status":"closed","template":"","meta":{"_seopress_robots_primary_cat":"","_seopress_titles_title":"Polna opeka %%sep%%Vandersanden","_seopress_titles_desc":"Opeka je naraven in plemenit 100% naravni izdelek. Fasadna opeka je trajen izdelek z \u017eivljenjsko dobo ve\u010d kod 100 let.","_seopress_robots_index":"","footnotes":""},"class_list":["post-28211","page","type-page","status-publish","hentry"],"yoast_head":"<!-- This site is optimized with the Yoast SEO plugin v27.1.1 - https:\/\/yoast.com\/product\/yoast-seo-wordpress\/ -->\n<title>Polna opeka - Svijet opeke<\/title>\n<meta name=\"robots\" content=\"index, follow, max-snippet:-1, max-image-preview:large, max-video-preview:-1\" \/>\n<link rel=\"canonical\" href=\"https:\/\/svijetopeke.com\/sl\/vandersanden-stenska-opeka\/polna-opeka\/\" \/>\n<meta property=\"og:locale\" content=\"sl_SI\" \/>\n<meta property=\"og:type\" content=\"article\" \/>\n<meta property=\"og:title\" content=\"Polna opeka - Svijet opeke\" \/>\n<meta property=\"og:url\" content=\"https:\/\/svijetopeke.com\/sl\/vandersanden-stenska-opeka\/polna-opeka\/\" \/>\n<meta property=\"og:site_name\" content=\"Svijet opeke\" \/>\n<meta property=\"article:publisher\" content=\"https:\/\/www.facebook.com\/svijetopeke\/\" \/>\n<meta property=\"article:modified_time\" content=\"2024-04-26T20:12:13+00:00\" \/>\n<meta name=\"twitter:card\" content=\"summary_large_image\" \/>\n<meta name=\"twitter:label1\" content=\"Est. reading time\" \/>\n\t<meta name=\"twitter:data1\" content=\"3 minute\" \/>\n<script type=\"application\/ld+json\" class=\"yoast-schema-graph\">{\"@context\":\"https:\/\/schema.org\",\"@graph\":[{\"@type\":\"WebPage\",\"@id\":\"https:\/\/svijetopeke.com\/sl\/vandersanden-stenska-opeka\/polna-opeka\/\",\"url\":\"https:\/\/svijetopeke.com\/sl\/vandersanden-stenska-opeka\/polna-opeka\/\",\"name\":\"Polna opeka - Svijet opeke\",\"isPartOf\":{\"@id\":\"https:\/\/svijetopeke.com\/sl\/#website\"},\"primaryImageOfPage\":{\"@id\":\"https:\/\/svijetopeke.com\/sl\/vandersanden-stenska-opeka\/polna-opeka\/#primaryimage\"},\"image\":{\"@id\":\"https:\/\/svijetopeke.com\/sl\/vandersanden-stenska-opeka\/polna-opeka\/#primaryimage\"},\"thumbnailUrl\":\"https:\/\/svijetopeke.com\/wp-content\/uploads\/web\/proizvodi\/vandersanden\/cigla2.jpg\",\"datePublished\":\"2022-01-14T07:00:08+00:00\",\"dateModified\":\"2024-04-26T20:12:13+00:00\",\"breadcrumb\":{\"@id\":\"https:\/\/svijetopeke.com\/sl\/vandersanden-stenska-opeka\/polna-opeka\/#breadcrumb\"},\"inLanguage\":\"sl-SI\",\"potentialAction\":[{\"@type\":\"ReadAction\",\"target\":[\"https:\/\/svijetopeke.com\/sl\/vandersanden-stenska-opeka\/polna-opeka\/\"]}]},{\"@type\":\"ImageObject\",\"inLanguage\":\"sl-SI\",\"@id\":\"https:\/\/svijetopeke.com\/sl\/vandersanden-stenska-opeka\/polna-opeka\/#primaryimage\",\"url\":\"https:\/\/svijetopeke.com\/wp-content\/uploads\/web\/proizvodi\/vandersanden\/cigla2.jpg\",\"contentUrl\":\"https:\/\/svijetopeke.com\/wp-content\/uploads\/web\/proizvodi\/vandersanden\/cigla2.jpg\"},{\"@type\":\"BreadcrumbList\",\"@id\":\"https:\/\/svijetopeke.com\/sl\/vandersanden-stenska-opeka\/polna-opeka\/#breadcrumb\",\"itemListElement\":[{\"@type\":\"ListItem\",\"position\":1,\"name\":\"Po\u010detna stranica\",\"item\":\"https:\/\/svijetopeke.com\/sl\/\"},{\"@type\":\"ListItem\",\"position\":2,\"name\":\"Vandersanden stenska opeka\",\"item\":\"https:\/\/svijetopeke.com\/sl\/vandersanden-zidna-opeka\/\"},{\"@type\":\"ListItem\",\"position\":3,\"name\":\"Polna opeka\"}]},{\"@type\":\"WebSite\",\"@id\":\"https:\/\/svijetopeke.com\/sl\/#website\",\"url\":\"https:\/\/svijetopeke.com\/sl\/\",\"name\":\"Svijet opeke\",\"description\":\"Najve\u0107i izbor opeke\",\"publisher\":{\"@id\":\"https:\/\/svijetopeke.com\/sl\/#organization\"},\"potentialAction\":[{\"@type\":\"SearchAction\",\"target\":{\"@type\":\"EntryPoint\",\"urlTemplate\":\"https:\/\/svijetopeke.com\/sl\/?s={search_term_string}\"},\"query-input\":{\"@type\":\"PropertyValueSpecification\",\"valueRequired\":true,\"valueName\":\"search_term_string\"}}],\"inLanguage\":\"sl-SI\"},{\"@type\":\"Organization\",\"@id\":\"https:\/\/svijetopeke.com\/sl\/#organization\",\"name\":\"Svijet opeke\",\"url\":\"https:\/\/svijetopeke.com\/sl\/\",\"logo\":{\"@type\":\"ImageObject\",\"inLanguage\":\"sl-SI\",\"@id\":\"https:\/\/svijetopeke.com\/sl\/#\/schema\/logo\/image\/\",\"url\":\"https:\/\/svijetopeke.com\/wp-content\/uploads\/web\/svijetopeke_logo_site_icon.png\",\"contentUrl\":\"https:\/\/svijetopeke.com\/wp-content\/uploads\/web\/svijetopeke_logo_site_icon.png\",\"width\":1024,\"height\":1024,\"caption\":\"Svijet opeke\"},\"image\":{\"@id\":\"https:\/\/svijetopeke.com\/sl\/#\/schema\/logo\/image\/\"},\"sameAs\":[\"https:\/\/www.facebook.com\/svijetopeke\/\",\"https:\/\/www.instagram.com\/svijetopeke\/\"]}]}<\/script>\n<!-- \/ Yoast SEO plugin. -->","yoast_head_json":{"title":"Polna opeka - Svijet opeke","robots":{"index":"index","follow":"follow","max-snippet":"max-snippet:-1","max-image-preview":"max-image-preview:large","max-video-preview":"max-video-preview:-1"},"canonical":"https:\/\/svijetopeke.com\/sl\/vandersanden-stenska-opeka\/polna-opeka\/","og_locale":"sl_SI","og_type":"article","og_title":"Polna opeka - Svijet opeke","og_url":"https:\/\/svijetopeke.com\/sl\/vandersanden-stenska-opeka\/polna-opeka\/","og_site_name":"Svijet opeke","article_publisher":"https:\/\/www.facebook.com\/svijetopeke\/","article_modified_time":"2024-04-26T20:12:13+00:00","twitter_card":"summary_large_image","twitter_misc":{"Est. reading time":"3 minute"},"schema":{"@context":"https:\/\/schema.org","@graph":[{"@type":"WebPage","@id":"https:\/\/svijetopeke.com\/sl\/vandersanden-stenska-opeka\/polna-opeka\/","url":"https:\/\/svijetopeke.com\/sl\/vandersanden-stenska-opeka\/polna-opeka\/","name":"Polna opeka - Svijet opeke","isPartOf":{"@id":"https:\/\/svijetopeke.com\/sl\/#website"},"primaryImageOfPage":{"@id":"https:\/\/svijetopeke.com\/sl\/vandersanden-stenska-opeka\/polna-opeka\/#primaryimage"},"image":{"@id":"https:\/\/svijetopeke.com\/sl\/vandersanden-stenska-opeka\/polna-opeka\/#primaryimage"},"thumbnailUrl":"https:\/\/svijetopeke.com\/wp-content\/uploads\/web\/proizvodi\/vandersanden\/cigla2.jpg","datePublished":"2022-01-14T07:00:08+00:00","dateModified":"2024-04-26T20:12:13+00:00","breadcrumb":{"@id":"https:\/\/svijetopeke.com\/sl\/vandersanden-stenska-opeka\/polna-opeka\/#breadcrumb"},"inLanguage":"sl-SI","potentialAction":[{"@type":"ReadAction","target":["https:\/\/svijetopeke.com\/sl\/vandersanden-stenska-opeka\/polna-opeka\/"]}]},{"@type":"ImageObject","inLanguage":"sl-SI","@id":"https:\/\/svijetopeke.com\/sl\/vandersanden-stenska-opeka\/polna-opeka\/#primaryimage","url":"https:\/\/svijetopeke.com\/wp-content\/uploads\/web\/proizvodi\/vandersanden\/cigla2.jpg","contentUrl":"https:\/\/svijetopeke.com\/wp-content\/uploads\/web\/proizvodi\/vandersanden\/cigla2.jpg"},{"@type":"BreadcrumbList","@id":"https:\/\/svijetopeke.com\/sl\/vandersanden-stenska-opeka\/polna-opeka\/#breadcrumb","itemListElement":[{"@type":"ListItem","position":1,"name":"Po\u010detna stranica","item":"https:\/\/svijetopeke.com\/sl\/"},{"@type":"ListItem","position":2,"name":"Vandersanden stenska opeka","item":"https:\/\/svijetopeke.com\/sl\/vandersanden-zidna-opeka\/"},{"@type":"ListItem","position":3,"name":"Polna opeka"}]},{"@type":"WebSite","@id":"https:\/\/svijetopeke.com\/sl\/#website","url":"https:\/\/svijetopeke.com\/sl\/","name":"Svijet opeke","description":"Najve\u0107i izbor opeke","publisher":{"@id":"https:\/\/svijetopeke.com\/sl\/#organization"},"potentialAction":[{"@type":"SearchAction","target":{"@type":"EntryPoint","urlTemplate":"https:\/\/svijetopeke.com\/sl\/?s={search_term_string}"},"query-input":{"@type":"PropertyValueSpecification","valueRequired":true,"valueName":"search_term_string"}}],"inLanguage":"sl-SI"},{"@type":"Organization","@id":"https:\/\/svijetopeke.com\/sl\/#organization","name":"Svijet opeke","url":"https:\/\/svijetopeke.com\/sl\/","logo":{"@type":"ImageObject","inLanguage":"sl-SI","@id":"https:\/\/svijetopeke.com\/sl\/#\/schema\/logo\/image\/","url":"https:\/\/svijetopeke.com\/wp-content\/uploads\/web\/svijetopeke_logo_site_icon.png","contentUrl":"https:\/\/svijetopeke.com\/wp-content\/uploads\/web\/svijetopeke_logo_site_icon.png","width":1024,"height":1024,"caption":"Svijet opeke"},"image":{"@id":"https:\/\/svijetopeke.com\/sl\/#\/schema\/logo\/image\/"},"sameAs":["https:\/\/www.facebook.com\/svijetopeke\/","https:\/\/www.instagram.com\/svijetopeke\/"]}]}},"_links":{"self":[{"href":"https:\/\/svijetopeke.com\/sl\/wp-json\/wp\/v2\/pages\/28211","targetHints":{"allow":["GET"]}}],"collection":[{"href":"https:\/\/svijetopeke.com\/sl\/wp-json\/wp\/v2\/pages"}],"about":[{"href":"https:\/\/svijetopeke.com\/sl\/wp-json\/wp\/v2\/types\/page"}],"author":[{"embeddable":true,"href":"https:\/\/svijetopeke.com\/sl\/wp-json\/wp\/v2\/users\/1"}],"replies":[{"embeddable":true,"href":"https:\/\/svijetopeke.com\/sl\/wp-json\/wp\/v2\/comments?post=28211"}],"version-history":[{"count":2,"href":"https:\/\/svijetopeke.com\/sl\/wp-json\/wp\/v2\/pages\/28211\/revisions"}],"predecessor-version":[{"id":28213,"href":"https:\/\/svijetopeke.com\/sl\/wp-json\/wp\/v2\/pages\/28211\/revisions\/28213"}],"up":[{"embeddable":true,"href":"https:\/\/svijetopeke.com\/sl\/wp-json\/wp\/v2\/pages\/28208"}],"wp:attachment":[{"href":"https:\/\/svijetopeke.com\/sl\/wp-json\/wp\/v2\/media?parent=28211"}],"curies":[{"name":"wp","href":"https:\/\/api.w.org\/{rel}","templated":true}]}}