{"id":28225,"date":"2022-01-14T09:02:42","date_gmt":"2022-01-14T07:02:42","guid":{"rendered":"https:\/\/svijetopeke.com\/vandersanden-stenska-opeka\/signa-paneli\/"},"modified":"2024-04-26T22:41:36","modified_gmt":"2024-04-26T20:41:36","slug":"signa-paneli","status":"publish","type":"page","link":"https:\/\/svijetopeke.com\/sl\/vandersanden-stenska-opeka\/signa-paneli\/","title":{"rendered":"Signa paneli"},"content":{"rendered":"<div class=\"fusion-fullwidth fullwidth-box fusion-builder-row-1 fusion-flex-container nonhundred-percent-fullwidth non-hundred-percent-height-scrolling\" style=\"--awb-border-radius-top-left:0px;--awb-border-radius-top-right:0px;--awb-border-radius-bottom-right:0px;--awb-border-radius-bottom-left:0px;--awb-flex-wrap:wrap;\" ><div class=\"fusion-builder-row fusion-row fusion-flex-align-items-flex-start fusion-flex-content-wrap\" style=\"max-width:1289.6px;margin-left: calc(-4% \/ 2 );margin-right: calc(-4% \/ 2 );\"><div class=\"fusion-layout-column fusion_builder_column fusion-builder-column-0 fusion_builder_column_1_1 1_1 fusion-flex-column\" style=\"--awb-bg-size:cover;--awb-width-large:100%;--awb-margin-top-large:0px;--awb-spacing-right-large:1.92%;--awb-margin-bottom-large:0px;--awb-spacing-left-large:1.92%;--awb-width-medium:100%;--awb-spacing-right-medium:1.92%;--awb-spacing-left-medium:1.92%;--awb-width-small:100%;--awb-spacing-right-small:1.92%;--awb-spacing-left-small:1.92%;\"><div class=\"fusion-column-wrapper fusion-flex-justify-content-flex-start fusion-content-layout-column\"><nav class=\"awb-menu awb-menu_row awb-menu_em-hover mobile-mode-collapse-to-button awb-menu_icons-left awb-menu_dc-yes mobile-trigger-fullwidth-off awb-menu_mobile-toggle awb-menu_indent-left mobile-size-full-absolute loading mega-menu-loading awb-menu_desktop awb-menu_dropdown awb-menu_expand-right awb-menu_transition-fade\" style=\"--awb-font-size:16px;--awb-margin-bottom:10px;--awb-text-transform:uppercase;--awb-min-height:16px;--awb-gap:15px;--awb-color:var(--awb-color7);--awb-letter-spacing:1,35;--awb-active-color:var(--awb-custom18);--awb-main-justify-content:flex-start;--awb-mobile-justify:flex-start;--awb-mobile-caret-left:auto;--awb-mobile-caret-right:0;--awb-fusion-font-family-typography:&quot;Montserrat&quot;;--awb-fusion-font-style-typography:normal;--awb-fusion-font-weight-typography:700;--awb-fusion-font-family-submenu-typography:inherit;--awb-fusion-font-style-submenu-typography:normal;--awb-fusion-font-weight-submenu-typography:400;--awb-fusion-font-family-mobile-typography:inherit;--awb-fusion-font-style-mobile-typography:normal;--awb-fusion-font-weight-mobile-typography:400;\" aria-label=\"Menu Vandersanden fasadna\" data-breakpoint=\"1024\" data-count=\"0\" data-transition-type=\"fade\" data-transition-time=\"300\" data-expand=\"right\"><button type=\"button\" class=\"awb-menu__m-toggle awb-menu__m-toggle_no-text\" aria-expanded=\"false\" aria-controls=\"menu-menu-vandersanden-fasadna\"><span class=\"awb-menu__m-toggle-inner\"><span class=\"collapsed-nav-text\"><span class=\"screen-reader-text\">Toggle Navigation<\/span><\/span><span class=\"awb-menu__m-collapse-icon awb-menu__m-collapse-icon_no-text\"><span class=\"awb-menu__m-collapse-icon-open awb-menu__m-collapse-icon-open_no-text fa-bars fas\"><\/span><span class=\"awb-menu__m-collapse-icon-close awb-menu__m-collapse-icon-close_no-text fa-times fas\"><\/span><\/span><\/span><\/button><ul id=\"menu-menu-vandersanden-fasadna\" class=\"fusion-menu awb-menu__main-ul awb-menu__main-ul_row\"><li  id=\"menu-item-3997\"  class=\"menu-item menu-item-type-post_type menu-item-object-page menu-item-3997 awb-menu__li awb-menu__main-li awb-menu__main-li_regular\"  data-item-id=\"3997\"><span class=\"awb-menu__main-background-default awb-menu__main-background-default_fade\"><\/span><span class=\"awb-menu__main-background-active awb-menu__main-background-active_fade\"><\/span><a  href=\"https:\/\/svijetopeke.com\/vandersanden-zidna-opeka\/\" class=\"awb-menu__main-a awb-menu__main-a_regular\"><span class=\"menu-text\">Vandersanden stenska opeka<\/span><\/a><\/li><li  id=\"menu-item-3996\"  class=\"menu-item menu-item-type-post_type menu-item-object-page menu-item-3996 awb-menu__li awb-menu__main-li awb-menu__main-li_regular\"  data-item-id=\"3996\"><span class=\"awb-menu__main-background-default awb-menu__main-background-default_fade\"><\/span><span class=\"awb-menu__main-background-active awb-menu__main-background-active_fade\"><\/span><a  href=\"https:\/\/svijetopeke.com\/vandersanden-zidna-opeka\/modeli-vandersanden\/\" class=\"awb-menu__main-a awb-menu__main-a_regular\"><span class=\"menu-text\">Modeli Vandersanden<\/span><\/a><\/li><li  id=\"menu-item-3971\"  class=\"menu-item menu-item-type-post_type menu-item-object-page menu-item-3971 awb-menu__li awb-menu__main-li awb-menu__main-li_regular\"  data-item-id=\"3971\"><span class=\"awb-menu__main-background-default awb-menu__main-background-default_fade\"><\/span><span class=\"awb-menu__main-background-active awb-menu__main-background-active_fade\"><\/span><a  href=\"https:\/\/svijetopeke.com\/vandersanden-zidna-opeka\/vandersanden-puna-opeka\/\" class=\"awb-menu__main-a awb-menu__main-a_regular\"><span class=\"menu-text\">Polna opeka<\/span><\/a><\/li><li  id=\"menu-item-3972\"  class=\"menu-item menu-item-type-post_type menu-item-object-page menu-item-3972 awb-menu__li awb-menu__main-li awb-menu__main-li_regular\"  data-item-id=\"3972\"><span class=\"awb-menu__main-background-default awb-menu__main-background-default_fade\"><\/span><span class=\"awb-menu__main-background-active awb-menu__main-background-active_fade\"><\/span><a  href=\"https:\/\/svijetopeke.com\/vandersanden-zidna-opeka\/vandersanden-slip-opeka\/\" class=\"awb-menu__main-a awb-menu__main-a_regular\"><span class=\"menu-text\">Slip opeka<\/span><\/a><\/li><li  id=\"menu-item-3973\"  class=\"menu-item menu-item-type-post_type menu-item-object-page menu-item-3973 awb-menu__li awb-menu__main-li awb-menu__main-li_regular\"  data-item-id=\"3973\"><span class=\"awb-menu__main-background-default awb-menu__main-background-default_fade\"><\/span><span class=\"awb-menu__main-background-active awb-menu__main-background-active_fade\"><\/span><a  href=\"https:\/\/svijetopeke.com\/vandersanden-zidna-opeka\/vandersanden-zero-opeka\/\" class=\"awb-menu__main-a awb-menu__main-a_regular\"><span class=\"menu-text\">Zero opeka<\/span><\/a><\/li><li  id=\"menu-item-7187\"  class=\"menu-item menu-item-type-post_type menu-item-object-page menu-item-7187 awb-menu__li awb-menu__main-li awb-menu__main-li_regular\"  data-item-id=\"7187\"><span class=\"awb-menu__main-background-default awb-menu__main-background-default_fade\"><\/span><span class=\"awb-menu__main-background-active awb-menu__main-background-active_fade\"><\/span><a  href=\"https:\/\/svijetopeke.com\/vandersanden-zidna-opeka\/vandersanden-posebna-opeka\/\" class=\"awb-menu__main-a awb-menu__main-a_regular\"><span class=\"menu-text\">Posebna opeka<\/span><\/a><\/li><li  id=\"menu-item-3974\"  class=\"menu-item menu-item-type-post_type menu-item-object-page menu-item-3974 awb-menu__li awb-menu__main-li awb-menu__main-li_regular\"  data-item-id=\"3974\"><span class=\"awb-menu__main-background-default awb-menu__main-background-default_fade\"><\/span><span class=\"awb-menu__main-background-active awb-menu__main-background-active_fade\"><\/span><a  href=\"https:\/\/svijetopeke.com\/vandersanden-zidna-opeka\/vandersanden-signa-paneli\/\" class=\"awb-menu__main-a awb-menu__main-a_regular\"><span class=\"menu-text\">Signa paneli<\/span><\/a><\/li><\/ul><\/nav><div class=\"fusion-text fusion-text-1\" style=\"--awb-text-transform:none;\"><p><a href=\"https:\/\/svijetopeke.com\/wp-content\/uploads\/web\/proizvodi\/vandersanden\/opeka1.jpg\"><img decoding=\"async\" class=\"alignnone wp-image-16897\" src=\"https:\/\/svijetopeke.com\/wp-content\/uploads\/web\/proizvodi\/vandersanden\/opeka1.jpg\" alt=\"opeka1\" width=\"1100\" height=\"665\"><\/a><\/p>\n<p><a href=\"https:\/\/www.vandersanden.com\/en\"><img decoding=\"async\" class=\"alignnone size-full wp-image-21855\" src=\"https:\/\/svijetopeke.com\/wp-content\/uploads\/web\/proizvodi\/vandersanden\/vander1.gif\" alt=\"vander1\" width=\"400\" height=\"78\"><\/a><\/p>\n<h3>Kaj je Signa?<\/h3>\n<p>Signa se sestoji od Rockpanela, ki je odporen na vremenske razmere, in na kateri se lepi slip opeka po va\u0161em, ali na\u0161em dizajnu. Paneli so proizvedeni do konca, in kot taki so takoj pripravljeni za uporabo. Na ta na\u010din lahko projektu podate edinstven in sodoben videz.<\/p>\n<h3>Milijon mo\u017enosti<\/h3>\n<p>Signa pomeni \u2026 svoboda opeke. Tudi najo\u010ditnej\u0161e fasade lahko postanejo resni\u010dnost. Vandersanden proizvaja, kar vi dizajnirate. Na osnovi 4 spremenljivk je mo\u017eno izvesti milijon vzorcev. Od dizjna do izvedbe: veseli nas, da lahko pomagamo z nasveti.<\/p>\n<h3>Barva<\/h3>\n<p>Lahko izbirate in kombinirate iz Vandersandenove ponudbe. Ponujamo ve\u010d kot 100 barv, v 4 razli\u010dne obdelave povr\u0161ine:<br \/>\nro\u010dno delana opeka, formback, water-struck in serija stare opeke Nostalgie.<\/p>\n<h3><strong>Format <\/strong><\/h3>\n<p>Kot bazo lahko uporabite eden od 5 Vandersanden formatov:<\/p>\n<ul>\n<li>M50 \u00b1 190 x 90 x 50 mm<\/li>\n<li>WF \u00b1 210 x 100 x 50 mm<\/li>\n<li>M65 \u00b1 190 x 90 x 65 mm<\/li>\n<li>DF \u00b1 210 x 100 x 65 mm<\/li>\n<li>NF \u00b1 240 x 115 x 70 mm<\/li>\n<\/ul>\n<h3>Relief<\/h3>\n<p>Re\u017eemo lahko slip opeke razli\u010dnih debelin. Lahko izberete ravno ali diagonalno \u010drto rezanja. Poleg tega, od ene iste opeke lahko uporabite nekoliko delov. Ni se potrebno omejiti na samo eno \u010drto rezanja. Ko kombinirate nekoliko \u010drt rezanja, ustvarjate intenzivno kompozicijo z razli\u010dnim svojstvenim reliefom.<\/p>\n<p><a href=\"https:\/\/svijetopeke.com\/wp-content\/uploads\/web\/proizvodi\/vandersanden\/opeka2.jpg\"><img decoding=\"async\" class=\"alignnone wp-image-16898\" src=\"https:\/\/svijetopeke.com\/wp-content\/uploads\/web\/proizvodi\/vandersanden\/opeka2.jpg\" alt=\"opeka2\" width=\"1100\" height=\"707\"><\/a><\/p>\n<p><a href=\"https:\/\/svijetopeke.com\/wp-content\/uploads\/web\/proizvodi\/vandersanden\/ciglice.jpg\"><img decoding=\"async\" class=\"alignnone wp-image-16899\" src=\"https:\/\/svijetopeke.com\/wp-content\/uploads\/web\/proizvodi\/vandersanden\/ciglice.jpg\" alt=\"ciglice\" width=\"1100\" height=\"68\"><\/a><\/p>\n<h3>Vez opeke<\/h3>\n<p>Uporabljate lahko znani vez opeke, kot vez na pol opeke, angle\u0161ki vez, ali nepravilni vez. Poleg te, najpogosteje uporabljene fuge, obstaja veliko razli\u010dnih na\u010dinov zlaganja zidakov, med katerimi so najbolj znane angle\u0161ka fuga, brazilska fuga in nepravilna, t.j. slobodni vez.<\/p>\n<p>Mo\u017ene so tudi kombinacije razli\u010dnih vezenin. Mo\u017ene so tudi horizontalne, vertikalne in celo diagonalne povezave. Vse to je mogo\u010de, saj Signa ni zidana, ampak lepljena, zato ponuja ve\u010d svobode.<\/p>\n<p>Za dodatne tehni\u010dne informacije, navodila za namestitev in primere, lahko prenesete Signa bro\u0161uro, ali nas kontaktirate.<\/p>\n<\/div>[fusion_youtube id=&#8221;https:\/\/www.youtube.com\/embed\/ML78wHGr_rw&#8221; alignment=&#8221;center&#8221; width=&#8221;750&#8243; height=&#8221;450&#8243; autoplay=&#8221;false&#8221; api_params=&#8221;&#8221; title_attribute=&#8221;&#8221; video_facade=&#8221;&#8221; hide_on_mobile=&#8221;small-visibility,medium-visibility,large-visibility&#8221; class=&#8221;&#8221; css_id=&#8221;&#8221; \/]<div class=\"fusion-separator fusion-full-width-sep\" style=\"align-self: center;margin-left: auto;margin-right: auto;margin-bottom:20px;width:100%;\"><\/div><div class=\"fusion-content-boxes content-boxes columns row fusion-columns-1 fusion-columns-total-1 fusion-content-boxes-1 content-boxes-icon-with-title content-left fusion-delayed-animation\" style=\"--awb-backgroundcolor:#f8f9fa;--awb-body-color:#6d6d6d;--awb-title-color:#0b0c11;--awb-iconcolor:#ffffff;--awb-margin-bottom:0px;--awb-hover-accent-color:#e11e24;--awb-circle-hover-accent-color:#e11e24;--awb-item-margin-bottom:40px;\" data-animation-delay=\"500\" data-animationOffset=\"top-into-view\"><div style=\"--awb-backgroundcolor:#f8f9fa;--awb-iconcolor:#ffffff;\" class=\"fusion-column content-box-column content-box-column content-box-column-1 col-lg-12 col-md-12 col-sm-12 fusion-content-box-hover content-box-column-last content-box-column-last-in-row\"><div class=\"col content-box-wrapper content-wrapper-background link-area-link-icon link-type-text icon-hover-animation-slide fusion-animated\" data-animationType=\"fadeInLeft\" data-animationDuration=\"2.0\" data-animationOffset=\"top-into-view\"><div class=\"heading heading-with-icon icon-left\"><a class=\"heading-link\" style=\"float:left;\" href=\"https:\/\/svijetopeke.com\/wp-content\/uploads\/web\/proizvodi\/vandersanden\/signa_en.pdf\" target=\"_blank\" rel=\"noopener noreferrer\"><div class=\"icon\" style=\"-webkit-animation-duration: 500ms;animation-duration: 500ms;\"><i style=\"border-color:#212934;border-width:0px;background-color:var(--awb-color6);box-sizing:content-box;height:48px;width:48px;line-height:48px;border-radius:8px;font-size:24px;\" aria-hidden=\"true\" class=\"fontawesome-icon fa-file-pdf fas circle-yes\"><\/i><\/div><h3 class=\"content-box-heading fusion-responsive-typography-calculated\" style=\"--h3_typography-font-size:18px;--fontSize:18;line-height:1.2;\">Prenesite dokumentacijo o plo\u0161\u010dah Signa<\/h3><\/a><\/div><\/div><\/div><div class=\"fusion-clearfix\"><\/div><\/div><\/div><\/div><\/div><\/div>\n","protected":false},"excerpt":{"rendered":"","protected":false},"author":1,"featured_media":0,"parent":28208,"menu_order":0,"comment_status":"closed","ping_status":"closed","template":"","meta":{"_seopress_robots_primary_cat":"","_seopress_titles_title":"","_seopress_titles_desc":"","_seopress_robots_index":"","footnotes":""},"class_list":["post-28225","page","type-page","status-publish","hentry"],"yoast_head":"<!-- This site is optimized with the Yoast SEO plugin v27.1.1 - https:\/\/yoast.com\/product\/yoast-seo-wordpress\/ -->\n<title>Signa paneli - Svijet opeke<\/title>\n<meta name=\"robots\" content=\"index, follow, max-snippet:-1, max-image-preview:large, max-video-preview:-1\" \/>\n<link rel=\"canonical\" href=\"https:\/\/svijetopeke.com\/sl\/vandersanden-stenska-opeka\/signa-paneli\/\" \/>\n<meta property=\"og:locale\" content=\"sl_SI\" \/>\n<meta property=\"og:type\" content=\"article\" \/>\n<meta property=\"og:title\" content=\"Signa paneli - Svijet opeke\" \/>\n<meta property=\"og:url\" content=\"https:\/\/svijetopeke.com\/sl\/vandersanden-stenska-opeka\/signa-paneli\/\" \/>\n<meta property=\"og:site_name\" content=\"Svijet opeke\" \/>\n<meta property=\"article:publisher\" content=\"https:\/\/www.facebook.com\/svijetopeke\/\" \/>\n<meta property=\"article:modified_time\" content=\"2024-04-26T20:41:36+00:00\" \/>\n<meta name=\"twitter:card\" content=\"summary_large_image\" \/>\n<meta name=\"twitter:label1\" content=\"Est. reading time\" \/>\n\t<meta name=\"twitter:data1\" content=\"6 minut\" \/>\n<script type=\"application\/ld+json\" class=\"yoast-schema-graph\">{\"@context\":\"https:\/\/schema.org\",\"@graph\":[{\"@type\":\"WebPage\",\"@id\":\"https:\/\/svijetopeke.com\/sl\/vandersanden-stenska-opeka\/signa-paneli\/\",\"url\":\"https:\/\/svijetopeke.com\/sl\/vandersanden-stenska-opeka\/signa-paneli\/\",\"name\":\"Signa paneli - Svijet opeke\",\"isPartOf\":{\"@id\":\"https:\/\/svijetopeke.com\/sl\/#website\"},\"primaryImageOfPage\":{\"@id\":\"https:\/\/svijetopeke.com\/sl\/vandersanden-stenska-opeka\/signa-paneli\/#primaryimage\"},\"image\":{\"@id\":\"https:\/\/svijetopeke.com\/sl\/vandersanden-stenska-opeka\/signa-paneli\/#primaryimage\"},\"thumbnailUrl\":\"https:\/\/svijetopeke.com\/wp-content\/uploads\/web\/proizvodi\/vandersanden\/opeka1.jpg\",\"datePublished\":\"2022-01-14T07:02:42+00:00\",\"dateModified\":\"2024-04-26T20:41:36+00:00\",\"breadcrumb\":{\"@id\":\"https:\/\/svijetopeke.com\/sl\/vandersanden-stenska-opeka\/signa-paneli\/#breadcrumb\"},\"inLanguage\":\"sl-SI\",\"potentialAction\":[{\"@type\":\"ReadAction\",\"target\":[\"https:\/\/svijetopeke.com\/sl\/vandersanden-stenska-opeka\/signa-paneli\/\"]}]},{\"@type\":\"ImageObject\",\"inLanguage\":\"sl-SI\",\"@id\":\"https:\/\/svijetopeke.com\/sl\/vandersanden-stenska-opeka\/signa-paneli\/#primaryimage\",\"url\":\"https:\/\/svijetopeke.com\/wp-content\/uploads\/web\/proizvodi\/vandersanden\/opeka1.jpg\",\"contentUrl\":\"https:\/\/svijetopeke.com\/wp-content\/uploads\/web\/proizvodi\/vandersanden\/opeka1.jpg\"},{\"@type\":\"BreadcrumbList\",\"@id\":\"https:\/\/svijetopeke.com\/sl\/vandersanden-stenska-opeka\/signa-paneli\/#breadcrumb\",\"itemListElement\":[{\"@type\":\"ListItem\",\"position\":1,\"name\":\"Po\u010detna stranica\",\"item\":\"https:\/\/svijetopeke.com\/sl\/\"},{\"@type\":\"ListItem\",\"position\":2,\"name\":\"Vandersanden stenska opeka\",\"item\":\"https:\/\/svijetopeke.com\/sl\/vandersanden-zidna-opeka\/\"},{\"@type\":\"ListItem\",\"position\":3,\"name\":\"Signa paneli\"}]},{\"@type\":\"WebSite\",\"@id\":\"https:\/\/svijetopeke.com\/sl\/#website\",\"url\":\"https:\/\/svijetopeke.com\/sl\/\",\"name\":\"Svijet opeke\",\"description\":\"Najve\u0107i izbor opeke\",\"publisher\":{\"@id\":\"https:\/\/svijetopeke.com\/sl\/#organization\"},\"potentialAction\":[{\"@type\":\"SearchAction\",\"target\":{\"@type\":\"EntryPoint\",\"urlTemplate\":\"https:\/\/svijetopeke.com\/sl\/?s={search_term_string}\"},\"query-input\":{\"@type\":\"PropertyValueSpecification\",\"valueRequired\":true,\"valueName\":\"search_term_string\"}}],\"inLanguage\":\"sl-SI\"},{\"@type\":\"Organization\",\"@id\":\"https:\/\/svijetopeke.com\/sl\/#organization\",\"name\":\"Svijet opeke\",\"url\":\"https:\/\/svijetopeke.com\/sl\/\",\"logo\":{\"@type\":\"ImageObject\",\"inLanguage\":\"sl-SI\",\"@id\":\"https:\/\/svijetopeke.com\/sl\/#\/schema\/logo\/image\/\",\"url\":\"https:\/\/svijetopeke.com\/wp-content\/uploads\/web\/svijetopeke_logo_site_icon.png\",\"contentUrl\":\"https:\/\/svijetopeke.com\/wp-content\/uploads\/web\/svijetopeke_logo_site_icon.png\",\"width\":1024,\"height\":1024,\"caption\":\"Svijet opeke\"},\"image\":{\"@id\":\"https:\/\/svijetopeke.com\/sl\/#\/schema\/logo\/image\/\"},\"sameAs\":[\"https:\/\/www.facebook.com\/svijetopeke\/\",\"https:\/\/www.instagram.com\/svijetopeke\/\"]}]}<\/script>\n<!-- \/ Yoast SEO plugin. -->","yoast_head_json":{"title":"Signa paneli - Svijet opeke","robots":{"index":"index","follow":"follow","max-snippet":"max-snippet:-1","max-image-preview":"max-image-preview:large","max-video-preview":"max-video-preview:-1"},"canonical":"https:\/\/svijetopeke.com\/sl\/vandersanden-stenska-opeka\/signa-paneli\/","og_locale":"sl_SI","og_type":"article","og_title":"Signa paneli - Svijet opeke","og_url":"https:\/\/svijetopeke.com\/sl\/vandersanden-stenska-opeka\/signa-paneli\/","og_site_name":"Svijet opeke","article_publisher":"https:\/\/www.facebook.com\/svijetopeke\/","article_modified_time":"2024-04-26T20:41:36+00:00","twitter_card":"summary_large_image","twitter_misc":{"Est. reading time":"6 minut"},"schema":{"@context":"https:\/\/schema.org","@graph":[{"@type":"WebPage","@id":"https:\/\/svijetopeke.com\/sl\/vandersanden-stenska-opeka\/signa-paneli\/","url":"https:\/\/svijetopeke.com\/sl\/vandersanden-stenska-opeka\/signa-paneli\/","name":"Signa paneli - Svijet opeke","isPartOf":{"@id":"https:\/\/svijetopeke.com\/sl\/#website"},"primaryImageOfPage":{"@id":"https:\/\/svijetopeke.com\/sl\/vandersanden-stenska-opeka\/signa-paneli\/#primaryimage"},"image":{"@id":"https:\/\/svijetopeke.com\/sl\/vandersanden-stenska-opeka\/signa-paneli\/#primaryimage"},"thumbnailUrl":"https:\/\/svijetopeke.com\/wp-content\/uploads\/web\/proizvodi\/vandersanden\/opeka1.jpg","datePublished":"2022-01-14T07:02:42+00:00","dateModified":"2024-04-26T20:41:36+00:00","breadcrumb":{"@id":"https:\/\/svijetopeke.com\/sl\/vandersanden-stenska-opeka\/signa-paneli\/#breadcrumb"},"inLanguage":"sl-SI","potentialAction":[{"@type":"ReadAction","target":["https:\/\/svijetopeke.com\/sl\/vandersanden-stenska-opeka\/signa-paneli\/"]}]},{"@type":"ImageObject","inLanguage":"sl-SI","@id":"https:\/\/svijetopeke.com\/sl\/vandersanden-stenska-opeka\/signa-paneli\/#primaryimage","url":"https:\/\/svijetopeke.com\/wp-content\/uploads\/web\/proizvodi\/vandersanden\/opeka1.jpg","contentUrl":"https:\/\/svijetopeke.com\/wp-content\/uploads\/web\/proizvodi\/vandersanden\/opeka1.jpg"},{"@type":"BreadcrumbList","@id":"https:\/\/svijetopeke.com\/sl\/vandersanden-stenska-opeka\/signa-paneli\/#breadcrumb","itemListElement":[{"@type":"ListItem","position":1,"name":"Po\u010detna stranica","item":"https:\/\/svijetopeke.com\/sl\/"},{"@type":"ListItem","position":2,"name":"Vandersanden stenska opeka","item":"https:\/\/svijetopeke.com\/sl\/vandersanden-zidna-opeka\/"},{"@type":"ListItem","position":3,"name":"Signa paneli"}]},{"@type":"WebSite","@id":"https:\/\/svijetopeke.com\/sl\/#website","url":"https:\/\/svijetopeke.com\/sl\/","name":"Svijet opeke","description":"Najve\u0107i izbor opeke","publisher":{"@id":"https:\/\/svijetopeke.com\/sl\/#organization"},"potentialAction":[{"@type":"SearchAction","target":{"@type":"EntryPoint","urlTemplate":"https:\/\/svijetopeke.com\/sl\/?s={search_term_string}"},"query-input":{"@type":"PropertyValueSpecification","valueRequired":true,"valueName":"search_term_string"}}],"inLanguage":"sl-SI"},{"@type":"Organization","@id":"https:\/\/svijetopeke.com\/sl\/#organization","name":"Svijet opeke","url":"https:\/\/svijetopeke.com\/sl\/","logo":{"@type":"ImageObject","inLanguage":"sl-SI","@id":"https:\/\/svijetopeke.com\/sl\/#\/schema\/logo\/image\/","url":"https:\/\/svijetopeke.com\/wp-content\/uploads\/web\/svijetopeke_logo_site_icon.png","contentUrl":"https:\/\/svijetopeke.com\/wp-content\/uploads\/web\/svijetopeke_logo_site_icon.png","width":1024,"height":1024,"caption":"Svijet opeke"},"image":{"@id":"https:\/\/svijetopeke.com\/sl\/#\/schema\/logo\/image\/"},"sameAs":["https:\/\/www.facebook.com\/svijetopeke\/","https:\/\/www.instagram.com\/svijetopeke\/"]}]}},"_links":{"self":[{"href":"https:\/\/svijetopeke.com\/sl\/wp-json\/wp\/v2\/pages\/28225","targetHints":{"allow":["GET"]}}],"collection":[{"href":"https:\/\/svijetopeke.com\/sl\/wp-json\/wp\/v2\/pages"}],"about":[{"href":"https:\/\/svijetopeke.com\/sl\/wp-json\/wp\/v2\/types\/page"}],"author":[{"embeddable":true,"href":"https:\/\/svijetopeke.com\/sl\/wp-json\/wp\/v2\/users\/1"}],"replies":[{"embeddable":true,"href":"https:\/\/svijetopeke.com\/sl\/wp-json\/wp\/v2\/comments?post=28225"}],"version-history":[{"count":2,"href":"https:\/\/svijetopeke.com\/sl\/wp-json\/wp\/v2\/pages\/28225\/revisions"}],"predecessor-version":[{"id":28227,"href":"https:\/\/svijetopeke.com\/sl\/wp-json\/wp\/v2\/pages\/28225\/revisions\/28227"}],"up":[{"embeddable":true,"href":"https:\/\/svijetopeke.com\/sl\/wp-json\/wp\/v2\/pages\/28208"}],"wp:attachment":[{"href":"https:\/\/svijetopeke.com\/sl\/wp-json\/wp\/v2\/media?parent=28225"}],"curies":[{"name":"wp","href":"https:\/\/api.w.org\/{rel}","templated":true}]}}