{"id":30577,"date":"2022-01-14T07:23:43","date_gmt":"2022-01-14T05:23:43","guid":{"rendered":"https:\/\/svijetopeke.com\/stenska-opeka-iz-klinkerja-feldhaus\/zdrs-opeke\/"},"modified":"2024-04-29T18:42:02","modified_gmt":"2024-04-29T16:42:02","slug":"zdrs-opeke","status":"publish","type":"page","link":"https:\/\/svijetopeke.com\/sl\/stenska-opeka-iz-klinkerja-feldhaus\/zdrs-opeke\/","title":{"rendered":"Zdrs opeke"},"content":{"rendered":"<div class=\"fusion-fullwidth fullwidth-box fusion-builder-row-1 fusion-flex-container nonhundred-percent-fullwidth non-hundred-percent-height-scrolling\" style=\"--awb-border-radius-top-left:0px;--awb-border-radius-top-right:0px;--awb-border-radius-bottom-right:0px;--awb-border-radius-bottom-left:0px;--awb-flex-wrap:wrap;\" ><div class=\"fusion-builder-row fusion-row fusion-flex-align-items-flex-start fusion-flex-content-wrap\" style=\"max-width:1289.6px;margin-left: calc(-4% \/ 2 );margin-right: calc(-4% \/ 2 );\"><div class=\"fusion-layout-column fusion_builder_column fusion-builder-column-0 fusion_builder_column_1_1 1_1 fusion-flex-column\" style=\"--awb-bg-size:cover;--awb-width-large:100%;--awb-margin-top-large:0px;--awb-spacing-right-large:1.92%;--awb-margin-bottom-large:0px;--awb-spacing-left-large:1.92%;--awb-width-medium:100%;--awb-spacing-right-medium:1.92%;--awb-spacing-left-medium:1.92%;--awb-width-small:100%;--awb-spacing-right-small:1.92%;--awb-spacing-left-small:1.92%;\"><div class=\"fusion-column-wrapper fusion-flex-justify-content-flex-start fusion-content-layout-column\"><nav class=\"awb-menu awb-menu_row awb-menu_em-hover mobile-mode-collapse-to-button awb-menu_icons-left awb-menu_dc-yes mobile-trigger-fullwidth-off awb-menu_mobile-toggle awb-menu_indent-left mobile-size-full-absolute loading mega-menu-loading awb-menu_desktop awb-menu_dropdown awb-menu_expand-right awb-menu_transition-fade\" style=\"--awb-font-size:16px;--awb-margin-bottom:10px;--awb-text-transform:uppercase;--awb-min-height:16px;--awb-gap:15px;--awb-color:var(--awb-color7);--awb-letter-spacing:1,35;--awb-active-color:var(--awb-custom18);--awb-main-justify-content:flex-start;--awb-mobile-justify:flex-start;--awb-mobile-caret-left:auto;--awb-mobile-caret-right:0;--awb-fusion-font-family-typography:&quot;Montserrat&quot;;--awb-fusion-font-style-typography:normal;--awb-fusion-font-weight-typography:700;--awb-fusion-font-family-submenu-typography:inherit;--awb-fusion-font-style-submenu-typography:normal;--awb-fusion-font-weight-submenu-typography:400;--awb-fusion-font-family-mobile-typography:inherit;--awb-fusion-font-style-mobile-typography:normal;--awb-fusion-font-weight-mobile-typography:400;\" aria-label=\"Menu Feldhaus fasadna\" data-breakpoint=\"1024\" data-count=\"0\" data-transition-type=\"fade\" data-transition-time=\"300\" data-expand=\"right\"><button type=\"button\" class=\"awb-menu__m-toggle awb-menu__m-toggle_no-text\" aria-expanded=\"false\" aria-controls=\"menu-menu-feldhaus-fasadna\"><span class=\"awb-menu__m-toggle-inner\"><span class=\"collapsed-nav-text\"><span class=\"screen-reader-text\">Toggle Navigation<\/span><\/span><span class=\"awb-menu__m-collapse-icon awb-menu__m-collapse-icon_no-text\"><span class=\"awb-menu__m-collapse-icon-open awb-menu__m-collapse-icon-open_no-text fa-bars fas\"><\/span><span class=\"awb-menu__m-collapse-icon-close awb-menu__m-collapse-icon-close_no-text fa-times fas\"><\/span><\/span><\/span><\/button><ul id=\"menu-menu-feldhaus-fasadna\" class=\"fusion-menu awb-menu__main-ul awb-menu__main-ul_row\"><li  id=\"menu-item-5758\"  class=\"menu-item menu-item-type-post_type menu-item-object-page menu-item-5758 awb-menu__li awb-menu__main-li awb-menu__main-li_regular\"  data-item-id=\"5758\"><span class=\"awb-menu__main-background-default awb-menu__main-background-default_fade\"><\/span><span class=\"awb-menu__main-background-active awb-menu__main-background-active_fade\"><\/span><a  href=\"https:\/\/svijetopeke.com\/feldhaus-klinker-zidna-opeka\/\" class=\"awb-menu__main-a awb-menu__main-a_regular\"><span class=\"menu-text\">Stenska opeka iz klinkerja Feldhaus<\/span><\/a><\/li><li  id=\"menu-item-5739\"  class=\"menu-item menu-item-type-post_type menu-item-object-page menu-item-5739 awb-menu__li awb-menu__main-li awb-menu__main-li_regular\"  data-item-id=\"5739\"><span class=\"awb-menu__main-background-default awb-menu__main-background-default_fade\"><\/span><span class=\"awb-menu__main-background-active awb-menu__main-background-active_fade\"><\/span><a  href=\"https:\/\/svijetopeke.com\/feldhaus-klinker-zidna-opeka\/modeli-feldhaus\/\" class=\"awb-menu__main-a awb-menu__main-a_regular\"><span class=\"menu-text\">Modeli Feldhaus<\/span><\/a><\/li><li  id=\"menu-item-8535\"  class=\"menu-item menu-item-type-post_type menu-item-object-page menu-item-8535 awb-menu__li awb-menu__main-li awb-menu__main-li_regular\"  data-item-id=\"8535\"><span class=\"awb-menu__main-background-default awb-menu__main-background-default_fade\"><\/span><span class=\"awb-menu__main-background-active awb-menu__main-background-active_fade\"><\/span><a  href=\"https:\/\/svijetopeke.com\/feldhaus-klinker-zidna-opeka\/modeli-feldhaus-slip-opeka\/\" class=\"awb-menu__main-a awb-menu__main-a_regular\"><span class=\"menu-text\">Modeli Feldhaus slip opeka<\/span><\/a><\/li><li  id=\"menu-item-5742\"  class=\"menu-item menu-item-type-post_type menu-item-object-page menu-item-5742 awb-menu__li awb-menu__main-li awb-menu__main-li_regular\"  data-item-id=\"5742\"><span class=\"awb-menu__main-background-default awb-menu__main-background-default_fade\"><\/span><span class=\"awb-menu__main-background-active awb-menu__main-background-active_fade\"><\/span><a  href=\"https:\/\/svijetopeke.com\/feldhaus-klinker-zidna-opeka\/feldhaus-puna-opeka\/\" class=\"awb-menu__main-a awb-menu__main-a_regular\"><span class=\"menu-text\">Polna opeka<\/span><\/a><\/li><li  id=\"menu-item-5741\"  class=\"menu-item menu-item-type-post_type menu-item-object-page menu-item-5741 awb-menu__li awb-menu__main-li awb-menu__main-li_regular\"  data-item-id=\"5741\"><span class=\"awb-menu__main-background-default awb-menu__main-background-default_fade\"><\/span><span class=\"awb-menu__main-background-active awb-menu__main-background-active_fade\"><\/span><a  href=\"https:\/\/svijetopeke.com\/feldhaus-klinker-zidna-opeka\/feldhaus-slip-opeka\/\" class=\"awb-menu__main-a awb-menu__main-a_regular\"><span class=\"menu-text\">Zdrs opeke<\/span><\/a><\/li><li  id=\"menu-item-5743\"  class=\"menu-item menu-item-type-post_type menu-item-object-page menu-item-5743 awb-menu__li awb-menu__main-li awb-menu__main-li_regular\"  data-item-id=\"5743\"><span class=\"awb-menu__main-background-default awb-menu__main-background-default_fade\"><\/span><span class=\"awb-menu__main-background-active awb-menu__main-background-active_fade\"><\/span><a  href=\"https:\/\/svijetopeke.com\/feldhaus-klinker-zidna-opeka\/feldhaus-posebna-opeka\/\" class=\"awb-menu__main-a awb-menu__main-a_regular\"><span class=\"menu-text\">Posebna opeka<\/span><\/a><\/li><\/ul><\/nav><div class=\"fusion-text fusion-text-1\" style=\"--awb-text-transform:none;\"><p><a href=\"https:\/\/www.feldhaus-klinker.com\/\"><img decoding=\"async\" class=\"alignnone size-full wp-image-20649\" src=\"https:\/\/svijetopeke.com\/wp-content\/uploads\/web\/proizvodi\/feldhaus\/feldhauslogo.png\" alt=\"Feldhaus\" width=\"408\" height=\"136\"><\/a><\/p>\n<p><strong>Slip brik<\/strong> je tanka opeka, ki se pe\u010de v razli\u010dnih debelinah 9, 11, 14, 17 mm. Zaradi majhne debeline je primeren za uporabo v notranjih prostorih in fasadah kot dodatek k sistemu ETICS.<\/p>\n<p>Sestava slip zidakov je enaka polnim zidakom, njihova funkcija pa je enaka, in sicer slu\u017ei kot mehanska za\u0161\u010dita, t.j. trda obloga fasade, ki jo \u0161\u010diti pred mehanskimi in kemi\u010dnimi po\u0161kodbami. Poleg naravnega in lepega videza je opeka na fasadi dolgoro\u010dno donosen material, saj ni naknadnega vzdr\u017eevanja. Druge vrste fasad, npr. ETICS je potrebno redno vzdr\u017eevati, tj. prati ali prebarvati. Fasade z opeko so po dolgem nizu let \u0161e vedno videti sve\u017ee, saj na njih ni vidna umazanija, opeka pa pridobi patino in dodaten \u010dar.<\/p>\n<p><strong>Felhaus Klinker<\/strong> je v 80-ih letih prej\u0161njega stoletja prvi v Evropi pri\u010del s proizvodnjo slip opeke in postal vodilni v Evropi po kakovosti in \u0161irokem izboru modelov. Feldhaus slip opeke delimo na serije Classic, Sintra, Galena, Vascu, Accudo, Salina, Carbon, Abacco in Vario, obstaja pa preko 100 razli\u010dnih modelov.<\/p>\n<\/div><div class=\"fusion-content-boxes content-boxes columns row fusion-columns-3 fusion-columns-total-3 fusion-content-boxes-1 content-boxes-icon-with-title content-left fusion-delayed-animation\" style=\"--awb-backgroundcolor:#f8f9fa;--awb-body-color:#6d6d6d;--awb-title-color:#0b0c11;--awb-iconcolor:#ffffff;--awb-margin-bottom:0px;--awb-hover-accent-color:#e11e24;--awb-circle-hover-accent-color:#e11e24;\" data-animation-delay=\"500\" data-animationOffset=\"top-into-view\"><div style=\"--awb-backgroundcolor:#f8f9fa;--awb-iconcolor:#ffffff;\" class=\"fusion-column content-box-column content-box-column content-box-column-1 col-lg-4 col-md-4 col-sm-4 fusion-content-box-hover content-box-column-first-in-row\"><div class=\"col content-box-wrapper content-wrapper-background link-area-link-icon link-type-text icon-hover-animation-slide fusion-animated\" data-animationType=\"fadeInLeft\" data-animationDuration=\"2.0\" data-animationOffset=\"top-into-view\"><div class=\"heading heading-with-icon icon-left\"><a class=\"heading-link\" style=\"float:left;\" href=\"https:\/\/svijetopeke.com\/feldhaus-podna-opeka\/feldhaus-modeli-podne-opeke\/\" target=\"_self\"><div aria-hidden=\"true\" class=\"image\"><img decoding=\"async\" src=\"https:\/\/svijetopeke.com\/wp-content\/uploads\/web\/paleta.png\" width=\"50\" height=\"50.37\" alt=\"\" \/><\/div><h3 class=\"content-box-heading fusion-responsive-typography-calculated\" style=\"--h3_typography-font-size:18px;--fontSize:18;line-height:1.2;\">Oglejte si na\u0161o paleto ve\u010d kot 100 barv  &gt;<\/h3><\/a><\/div><\/div><\/div><div style=\"--awb-backgroundcolor:#f8f9fa;--awb-iconcolor:#ffffff;\" class=\"fusion-column content-box-column content-box-column content-box-column-2 col-lg-4 col-md-4 col-sm-4 fusion-content-box-hover \"><div class=\"col content-box-wrapper content-wrapper-background link-area-link-icon link-type-text icon-hover-animation-slide fusion-animated\" data-animationType=\"fadeInLeft\" data-animationDuration=\"2.0\" data-animationOffset=\"top-into-view\"><div class=\"heading heading-with-icon icon-left\"><a class=\"heading-link\" style=\"float:left;\" href=\"https:\/\/svijetopeke.com\/wp-content\/uploads\/web\/proizvodi\/feldhaus\/feldhaus-katalog-hr.pdf\" target=\"_blank\" rel=\"noopener noreferrer\"><div class=\"icon\" style=\"-webkit-animation-duration: 500ms;animation-duration: 500ms;\"><i style=\"border-color:#212934;border-width:0px;background-color:var(--awb-color6);box-sizing:content-box;height:48px;width:48px;line-height:48px;border-radius:8px;font-size:24px;\" aria-hidden=\"true\" class=\"fontawesome-icon fa-file-pdf fas circle-yes\"><\/i><\/div><h3 class=\"content-box-heading fusion-responsive-typography-calculated\" style=\"--h3_typography-font-size:18px;--fontSize:18;line-height:1.2;\">Prenesite dokumentacijo o klinker opeki Feldhaus<\/h3><\/a><\/div><\/div><\/div><div style=\"--awb-backgroundcolor:#f8f9fa;--awb-iconcolor:#ffffff;\" class=\"fusion-column content-box-column content-box-column content-box-column-3 col-lg-4 col-md-4 col-sm-4 fusion-content-box-hover content-box-column-last content-box-column-last-in-row\"><div class=\"col content-box-wrapper content-wrapper-background link-area-link-icon link-type-text icon-hover-animation-slide fusion-animated\" data-animationType=\"fadeInLeft\" data-animationDuration=\"2.0\" data-animationOffset=\"top-into-view\"><div class=\"heading heading-with-icon icon-left\"><a class=\"heading-link\" style=\"float:left;\" href=\"https:\/\/svijetopeke.com\/wp-content\/uploads\/web\/proizvodi\/feldhaus\/formati-slip-opeka.pdf\" target=\"_blank\" rel=\"noopener noreferrer\"><div class=\"icon\" style=\"-webkit-animation-duration: 500ms;animation-duration: 500ms;\"><i style=\"border-color:#212934;border-width:0px;background-color:var(--awb-color6);box-sizing:content-box;height:48px;width:48px;line-height:48px;border-radius:8px;font-size:24px;\" aria-hidden=\"true\" class=\"fontawesome-icon fa-file-pdf fas circle-yes\"><\/i><\/div><h3 class=\"content-box-heading fusion-responsive-typography-calculated\" style=\"--h3_typography-font-size:18px;--fontSize:18;line-height:1.2;\">Formati drsnih opek<\/h3><\/a><\/div><\/div><\/div><div class=\"fusion-clearfix\"><\/div><\/div><\/div><\/div><\/div><\/div>\n","protected":false},"excerpt":{"rendered":"","protected":false},"author":1,"featured_media":0,"parent":30565,"menu_order":0,"comment_status":"closed","ping_status":"closed","template":"","meta":{"_seopress_robots_primary_cat":"","_seopress_titles_title":"","_seopress_titles_desc":"","_seopress_robots_index":"","footnotes":""},"class_list":["post-30577","page","type-page","status-publish","hentry"],"yoast_head":"<!-- This site is optimized with the Yoast SEO plugin v27.1.1 - https:\/\/yoast.com\/product\/yoast-seo-wordpress\/ -->\n<title>Zdrs opeke - Svijet opeke<\/title>\n<meta name=\"robots\" content=\"index, follow, max-snippet:-1, max-image-preview:large, max-video-preview:-1\" \/>\n<link rel=\"canonical\" href=\"https:\/\/svijetopeke.com\/sl\/stenska-opeka-iz-klinkerja-feldhaus\/zdrs-opeke\/\" \/>\n<meta property=\"og:locale\" content=\"sl_SI\" \/>\n<meta property=\"og:type\" content=\"article\" \/>\n<meta property=\"og:title\" content=\"Zdrs opeke - Svijet opeke\" \/>\n<meta property=\"og:url\" content=\"https:\/\/svijetopeke.com\/sl\/stenska-opeka-iz-klinkerja-feldhaus\/zdrs-opeke\/\" \/>\n<meta property=\"og:site_name\" content=\"Svijet opeke\" \/>\n<meta property=\"article:publisher\" content=\"https:\/\/www.facebook.com\/svijetopeke\/\" \/>\n<meta property=\"article:modified_time\" content=\"2024-04-29T16:42:02+00:00\" \/>\n<meta property=\"og:image\" content=\"https:\/\/svijetopeke.com\/wp-content\/uploads\/web\/galerije\/vandersanden-fasadna\/exterijer\/klasicna\/klasicna15.jpg\" \/>\n\t<meta property=\"og:image:width\" content=\"1024\" \/>\n\t<meta property=\"og:image:height\" content=\"768\" \/>\n\t<meta property=\"og:image:type\" content=\"image\/jpeg\" \/>\n<meta name=\"twitter:card\" content=\"summary_large_image\" \/>\n<meta name=\"twitter:label1\" content=\"Est. reading time\" \/>\n\t<meta name=\"twitter:data1\" content=\"5 minut\" \/>\n<script type=\"application\/ld+json\" class=\"yoast-schema-graph\">{\"@context\":\"https:\/\/schema.org\",\"@graph\":[{\"@type\":\"WebPage\",\"@id\":\"https:\/\/svijetopeke.com\/sl\/stenska-opeka-iz-klinkerja-feldhaus\/zdrs-opeke\/\",\"url\":\"https:\/\/svijetopeke.com\/sl\/stenska-opeka-iz-klinkerja-feldhaus\/zdrs-opeke\/\",\"name\":\"Zdrs opeke - Svijet opeke\",\"isPartOf\":{\"@id\":\"https:\/\/svijetopeke.com\/sl\/#website\"},\"primaryImageOfPage\":{\"@id\":\"https:\/\/svijetopeke.com\/sl\/stenska-opeka-iz-klinkerja-feldhaus\/zdrs-opeke\/#primaryimage\"},\"image\":{\"@id\":\"https:\/\/svijetopeke.com\/sl\/stenska-opeka-iz-klinkerja-feldhaus\/zdrs-opeke\/#primaryimage\"},\"thumbnailUrl\":\"https:\/\/svijetopeke.com\/wp-content\/uploads\/web\/proizvodi\/feldhaus\/feldhauslogo.png\",\"datePublished\":\"2022-01-14T05:23:43+00:00\",\"dateModified\":\"2024-04-29T16:42:02+00:00\",\"breadcrumb\":{\"@id\":\"https:\/\/svijetopeke.com\/sl\/stenska-opeka-iz-klinkerja-feldhaus\/zdrs-opeke\/#breadcrumb\"},\"inLanguage\":\"sl-SI\",\"potentialAction\":[{\"@type\":\"ReadAction\",\"target\":[\"https:\/\/svijetopeke.com\/sl\/stenska-opeka-iz-klinkerja-feldhaus\/zdrs-opeke\/\"]}]},{\"@type\":\"ImageObject\",\"inLanguage\":\"sl-SI\",\"@id\":\"https:\/\/svijetopeke.com\/sl\/stenska-opeka-iz-klinkerja-feldhaus\/zdrs-opeke\/#primaryimage\",\"url\":\"https:\/\/svijetopeke.com\/wp-content\/uploads\/web\/proizvodi\/feldhaus\/feldhauslogo.png\",\"contentUrl\":\"https:\/\/svijetopeke.com\/wp-content\/uploads\/web\/proizvodi\/feldhaus\/feldhauslogo.png\"},{\"@type\":\"BreadcrumbList\",\"@id\":\"https:\/\/svijetopeke.com\/sl\/stenska-opeka-iz-klinkerja-feldhaus\/zdrs-opeke\/#breadcrumb\",\"itemListElement\":[{\"@type\":\"ListItem\",\"position\":1,\"name\":\"Po\u010detna stranica\",\"item\":\"https:\/\/svijetopeke.com\/sl\/\"},{\"@type\":\"ListItem\",\"position\":2,\"name\":\"Stenska opeka iz klinkerja Feldhaus\",\"item\":\"https:\/\/svijetopeke.com\/sl\/feldhaus-klinker-zidna-opeka\/\"},{\"@type\":\"ListItem\",\"position\":3,\"name\":\"Zdrs opeke\"}]},{\"@type\":\"WebSite\",\"@id\":\"https:\/\/svijetopeke.com\/sl\/#website\",\"url\":\"https:\/\/svijetopeke.com\/sl\/\",\"name\":\"Svijet opeke\",\"description\":\"Najve\u0107i izbor opeke\",\"publisher\":{\"@id\":\"https:\/\/svijetopeke.com\/sl\/#organization\"},\"potentialAction\":[{\"@type\":\"SearchAction\",\"target\":{\"@type\":\"EntryPoint\",\"urlTemplate\":\"https:\/\/svijetopeke.com\/sl\/?s={search_term_string}\"},\"query-input\":{\"@type\":\"PropertyValueSpecification\",\"valueRequired\":true,\"valueName\":\"search_term_string\"}}],\"inLanguage\":\"sl-SI\"},{\"@type\":\"Organization\",\"@id\":\"https:\/\/svijetopeke.com\/sl\/#organization\",\"name\":\"Svijet opeke\",\"url\":\"https:\/\/svijetopeke.com\/sl\/\",\"logo\":{\"@type\":\"ImageObject\",\"inLanguage\":\"sl-SI\",\"@id\":\"https:\/\/svijetopeke.com\/sl\/#\/schema\/logo\/image\/\",\"url\":\"https:\/\/svijetopeke.com\/wp-content\/uploads\/web\/svijetopeke_logo_site_icon.png\",\"contentUrl\":\"https:\/\/svijetopeke.com\/wp-content\/uploads\/web\/svijetopeke_logo_site_icon.png\",\"width\":1024,\"height\":1024,\"caption\":\"Svijet opeke\"},\"image\":{\"@id\":\"https:\/\/svijetopeke.com\/sl\/#\/schema\/logo\/image\/\"},\"sameAs\":[\"https:\/\/www.facebook.com\/svijetopeke\/\",\"https:\/\/www.instagram.com\/svijetopeke\/\"]}]}<\/script>\n<!-- \/ Yoast SEO plugin. -->","yoast_head_json":{"title":"Zdrs opeke - Svijet opeke","robots":{"index":"index","follow":"follow","max-snippet":"max-snippet:-1","max-image-preview":"max-image-preview:large","max-video-preview":"max-video-preview:-1"},"canonical":"https:\/\/svijetopeke.com\/sl\/stenska-opeka-iz-klinkerja-feldhaus\/zdrs-opeke\/","og_locale":"sl_SI","og_type":"article","og_title":"Zdrs opeke - Svijet opeke","og_url":"https:\/\/svijetopeke.com\/sl\/stenska-opeka-iz-klinkerja-feldhaus\/zdrs-opeke\/","og_site_name":"Svijet opeke","article_publisher":"https:\/\/www.facebook.com\/svijetopeke\/","article_modified_time":"2024-04-29T16:42:02+00:00","og_image":[{"width":1024,"height":768,"url":"https:\/\/svijetopeke.com\/wp-content\/uploads\/web\/galerije\/vandersanden-fasadna\/exterijer\/klasicna\/klasicna15.jpg","type":"image\/jpeg"}],"twitter_card":"summary_large_image","twitter_misc":{"Est. reading time":"5 minut"},"schema":{"@context":"https:\/\/schema.org","@graph":[{"@type":"WebPage","@id":"https:\/\/svijetopeke.com\/sl\/stenska-opeka-iz-klinkerja-feldhaus\/zdrs-opeke\/","url":"https:\/\/svijetopeke.com\/sl\/stenska-opeka-iz-klinkerja-feldhaus\/zdrs-opeke\/","name":"Zdrs opeke - Svijet opeke","isPartOf":{"@id":"https:\/\/svijetopeke.com\/sl\/#website"},"primaryImageOfPage":{"@id":"https:\/\/svijetopeke.com\/sl\/stenska-opeka-iz-klinkerja-feldhaus\/zdrs-opeke\/#primaryimage"},"image":{"@id":"https:\/\/svijetopeke.com\/sl\/stenska-opeka-iz-klinkerja-feldhaus\/zdrs-opeke\/#primaryimage"},"thumbnailUrl":"https:\/\/svijetopeke.com\/wp-content\/uploads\/web\/proizvodi\/feldhaus\/feldhauslogo.png","datePublished":"2022-01-14T05:23:43+00:00","dateModified":"2024-04-29T16:42:02+00:00","breadcrumb":{"@id":"https:\/\/svijetopeke.com\/sl\/stenska-opeka-iz-klinkerja-feldhaus\/zdrs-opeke\/#breadcrumb"},"inLanguage":"sl-SI","potentialAction":[{"@type":"ReadAction","target":["https:\/\/svijetopeke.com\/sl\/stenska-opeka-iz-klinkerja-feldhaus\/zdrs-opeke\/"]}]},{"@type":"ImageObject","inLanguage":"sl-SI","@id":"https:\/\/svijetopeke.com\/sl\/stenska-opeka-iz-klinkerja-feldhaus\/zdrs-opeke\/#primaryimage","url":"https:\/\/svijetopeke.com\/wp-content\/uploads\/web\/proizvodi\/feldhaus\/feldhauslogo.png","contentUrl":"https:\/\/svijetopeke.com\/wp-content\/uploads\/web\/proizvodi\/feldhaus\/feldhauslogo.png"},{"@type":"BreadcrumbList","@id":"https:\/\/svijetopeke.com\/sl\/stenska-opeka-iz-klinkerja-feldhaus\/zdrs-opeke\/#breadcrumb","itemListElement":[{"@type":"ListItem","position":1,"name":"Po\u010detna stranica","item":"https:\/\/svijetopeke.com\/sl\/"},{"@type":"ListItem","position":2,"name":"Stenska opeka iz klinkerja Feldhaus","item":"https:\/\/svijetopeke.com\/sl\/feldhaus-klinker-zidna-opeka\/"},{"@type":"ListItem","position":3,"name":"Zdrs opeke"}]},{"@type":"WebSite","@id":"https:\/\/svijetopeke.com\/sl\/#website","url":"https:\/\/svijetopeke.com\/sl\/","name":"Svijet opeke","description":"Najve\u0107i izbor opeke","publisher":{"@id":"https:\/\/svijetopeke.com\/sl\/#organization"},"potentialAction":[{"@type":"SearchAction","target":{"@type":"EntryPoint","urlTemplate":"https:\/\/svijetopeke.com\/sl\/?s={search_term_string}"},"query-input":{"@type":"PropertyValueSpecification","valueRequired":true,"valueName":"search_term_string"}}],"inLanguage":"sl-SI"},{"@type":"Organization","@id":"https:\/\/svijetopeke.com\/sl\/#organization","name":"Svijet opeke","url":"https:\/\/svijetopeke.com\/sl\/","logo":{"@type":"ImageObject","inLanguage":"sl-SI","@id":"https:\/\/svijetopeke.com\/sl\/#\/schema\/logo\/image\/","url":"https:\/\/svijetopeke.com\/wp-content\/uploads\/web\/svijetopeke_logo_site_icon.png","contentUrl":"https:\/\/svijetopeke.com\/wp-content\/uploads\/web\/svijetopeke_logo_site_icon.png","width":1024,"height":1024,"caption":"Svijet opeke"},"image":{"@id":"https:\/\/svijetopeke.com\/sl\/#\/schema\/logo\/image\/"},"sameAs":["https:\/\/www.facebook.com\/svijetopeke\/","https:\/\/www.instagram.com\/svijetopeke\/"]}]}},"_links":{"self":[{"href":"https:\/\/svijetopeke.com\/sl\/wp-json\/wp\/v2\/pages\/30577","targetHints":{"allow":["GET"]}}],"collection":[{"href":"https:\/\/svijetopeke.com\/sl\/wp-json\/wp\/v2\/pages"}],"about":[{"href":"https:\/\/svijetopeke.com\/sl\/wp-json\/wp\/v2\/types\/page"}],"author":[{"embeddable":true,"href":"https:\/\/svijetopeke.com\/sl\/wp-json\/wp\/v2\/users\/1"}],"replies":[{"embeddable":true,"href":"https:\/\/svijetopeke.com\/sl\/wp-json\/wp\/v2\/comments?post=30577"}],"version-history":[{"count":4,"href":"https:\/\/svijetopeke.com\/sl\/wp-json\/wp\/v2\/pages\/30577\/revisions"}],"predecessor-version":[{"id":30582,"href":"https:\/\/svijetopeke.com\/sl\/wp-json\/wp\/v2\/pages\/30577\/revisions\/30582"}],"up":[{"embeddable":true,"href":"https:\/\/svijetopeke.com\/sl\/wp-json\/wp\/v2\/pages\/30565"}],"wp:attachment":[{"href":"https:\/\/svijetopeke.com\/sl\/wp-json\/wp\/v2\/media?parent=30577"}],"curies":[{"name":"wp","href":"https:\/\/api.w.org\/{rel}","templated":true}]}}