{"id":30600,"date":"2022-01-14T09:08:40","date_gmt":"2022-01-14T07:08:40","guid":{"rendered":"https:\/\/svijetopeke.com\/roben-fasadna-opeka\/polna-opeka\/"},"modified":"2024-04-29T18:55:48","modified_gmt":"2024-04-29T16:55:48","slug":"polna-opeka","status":"publish","type":"page","link":"https:\/\/svijetopeke.com\/sl\/roben-fasadna-opeka\/polna-opeka\/","title":{"rendered":"Polna opeka"},"content":{"rendered":"<p><div class=\"fusion-fullwidth fullwidth-box fusion-builder-row-1 fusion-flex-container hundred-percent-fullwidth non-hundred-percent-height-scrolling\" style=\"--awb-border-radius-top-left:0px;--awb-border-radius-top-right:0px;--awb-border-radius-bottom-right:0px;--awb-border-radius-bottom-left:0px;--awb-overflow:visible;--awb-flex-wrap:wrap;\" ><div class=\"fusion-builder-row fusion-row fusion-flex-align-items-flex-start fusion-flex-content-wrap\" style=\"width:104% !important;max-width:104% !important;margin-left: calc(-4% \/ 2 );margin-right: calc(-4% \/ 2 );\"><div class=\"fusion-layout-column fusion_builder_column fusion-builder-column-0 fusion_builder_column_1_1 1_1 fusion-flex-column fusion-flex-align-self-flex-start fusion-column-no-min-height\" style=\"--awb-bg-size:cover;--awb-width-large:100%;--awb-margin-top-large:0px;--awb-spacing-right-large:1.92%;--awb-margin-bottom-large:0px;--awb-spacing-left-large:1.92%;--awb-width-medium:100%;--awb-spacing-right-medium:1.92%;--awb-spacing-left-medium:1.92%;--awb-width-small:100%;--awb-spacing-right-small:1.92%;--awb-spacing-left-small:1.92%;\"><div class=\"fusion-column-wrapper fusion-flex-justify-content-flex-start fusion-content-layout-column\"><nav class=\"awb-menu awb-menu_row awb-menu_em-hover mobile-mode-collapse-to-button awb-menu_icons-left awb-menu_dc-yes mobile-trigger-fullwidth-off awb-menu_mobile-toggle awb-menu_indent-left mobile-size-full-absolute loading mega-menu-loading awb-menu_desktop awb-menu_dropdown awb-menu_expand-right awb-menu_transition-fade\" style=\"--awb-font-size:16px;--awb-margin-bottom:10px;--awb-text-transform:uppercase;--awb-min-height:16px;--awb-gap:15px;--awb-color:var(--awb-color7);--awb-letter-spacing:1,35;--awb-active-color:var(--awb-custom18);--awb-main-justify-content:flex-start;--awb-mobile-justify:flex-start;--awb-mobile-caret-left:auto;--awb-mobile-caret-right:0;--awb-fusion-font-family-typography:&quot;Montserrat&quot;;--awb-fusion-font-style-typography:normal;--awb-fusion-font-weight-typography:700;--awb-fusion-font-family-submenu-typography:inherit;--awb-fusion-font-style-submenu-typography:normal;--awb-fusion-font-weight-submenu-typography:400;--awb-fusion-font-family-mobile-typography:inherit;--awb-fusion-font-style-mobile-typography:normal;--awb-fusion-font-weight-mobile-typography:400;\" aria-label=\"Menu Roben\" data-breakpoint=\"1024\" data-count=\"0\" data-transition-type=\"fade\" data-transition-time=\"300\" data-expand=\"right\"><button type=\"button\" class=\"awb-menu__m-toggle awb-menu__m-toggle_no-text\" aria-expanded=\"false\" aria-controls=\"menu-menu-roben\"><span class=\"awb-menu__m-toggle-inner\"><span class=\"collapsed-nav-text\"><span class=\"screen-reader-text\">Toggle Navigation<\/span><\/span><span class=\"awb-menu__m-collapse-icon awb-menu__m-collapse-icon_no-text\"><span class=\"awb-menu__m-collapse-icon-open awb-menu__m-collapse-icon-open_no-text fa-bars fas\"><\/span><span class=\"awb-menu__m-collapse-icon-close awb-menu__m-collapse-icon-close_no-text fa-times fas\"><\/span><\/span><\/span><\/button><ul id=\"menu-menu-roben\" class=\"fusion-menu awb-menu__main-ul awb-menu__main-ul_row\"><li  id=\"menu-item-6984\"  class=\"menu-item menu-item-type-post_type menu-item-object-page menu-item-6984 awb-menu__li awb-menu__main-li awb-menu__main-li_regular\"  data-item-id=\"6984\"><span class=\"awb-menu__main-background-default awb-menu__main-background-default_fade\"><\/span><span class=\"awb-menu__main-background-active awb-menu__main-background-active_fade\"><\/span><a  href=\"https:\/\/svijetopeke.com\/roben-fasadna-opeka\/\" class=\"awb-menu__main-a awb-menu__main-a_regular\"><span class=\"menu-text\">R\u00f6ben fasadna opeka<\/span><\/a><\/li><li  id=\"menu-item-10016\"  class=\"menu-item menu-item-type-custom menu-item-object-custom menu-item-has-children menu-item-10016 awb-menu__li awb-menu__main-li awb-menu__main-li_regular\"  data-item-id=\"10016\"><span class=\"awb-menu__main-background-default awb-menu__main-background-default_fade\"><\/span><span class=\"awb-menu__main-background-active awb-menu__main-background-active_fade\"><\/span><a  href=\"#\" class=\"awb-menu__main-a awb-menu__main-a_regular\"><span class=\"menu-text\">MODELI<\/span><span class=\"awb-menu__open-nav-submenu-hover\"><\/span><\/a><button type=\"button\" aria-label=\"Open submenu of MODELI\" aria-expanded=\"false\" class=\"awb-menu__open-nav-submenu_mobile awb-menu__open-nav-submenu_main\"><\/button><ul class=\"awb-menu__sub-ul awb-menu__sub-ul_main\"><li  id=\"menu-item-10015\"  class=\"menu-item menu-item-type-post_type menu-item-object-page menu-item-10015 awb-menu__li awb-menu__sub-li\" ><a  href=\"https:\/\/svijetopeke.com\/roben-fasadna-opeka\/modeli-roben-puna-opeka-njemacka\/\" class=\"awb-menu__sub-a\"><span>Modeli iz polne opeke R\u00f6ben &#8211; Nem\u010dija<\/span><\/a><\/li><li  id=\"menu-item-10014\"  class=\"menu-item menu-item-type-post_type menu-item-object-page menu-item-10014 awb-menu__li awb-menu__sub-li\" ><a  href=\"https:\/\/svijetopeke.com\/roben-fasadna-opeka\/modeli-roben-slip-opeka-njemacka\/\" class=\"awb-menu__sub-a\"><span>Modeli slip opek R\u00f6ben &#8211; Nem\u010dija<\/span><\/a><\/li><li  id=\"menu-item-10013\"  class=\"menu-item menu-item-type-post_type menu-item-object-page menu-item-10013 awb-menu__li awb-menu__sub-li\" ><a  href=\"https:\/\/svijetopeke.com\/roben-fasadna-opeka\/modeli-roben-puna-opeka-poljska\/\" class=\"awb-menu__sub-a\"><span>Modeli iz polne opeke R\u00f6ben &#8211; Poljska<\/span><\/a><\/li><li  id=\"menu-item-10012\"  class=\"menu-item menu-item-type-post_type menu-item-object-page menu-item-10012 awb-menu__li awb-menu__sub-li\" ><a  href=\"https:\/\/svijetopeke.com\/roben-fasadna-opeka\/modeli-roben-slip-opeka-poljska\/\" class=\"awb-menu__sub-a\"><span>Modeli R\u00f6ben slip opeka &#8211; Poljska<\/span><\/a><\/li><\/ul><\/li><li  id=\"menu-item-6985\"  class=\"menu-item menu-item-type-post_type menu-item-object-page menu-item-6985 awb-menu__li awb-menu__main-li awb-menu__main-li_regular\"  data-item-id=\"6985\"><span class=\"awb-menu__main-background-default awb-menu__main-background-default_fade\"><\/span><span class=\"awb-menu__main-background-active awb-menu__main-background-active_fade\"><\/span><a  href=\"https:\/\/svijetopeke.com\/roben-fasadna-opeka\/roben-puna-opeka\/\" class=\"awb-menu__main-a awb-menu__main-a_regular\"><span class=\"menu-text\">Polna opeka<\/span><\/a><\/li><li  id=\"menu-item-6986\"  class=\"menu-item menu-item-type-post_type menu-item-object-page menu-item-6986 awb-menu__li awb-menu__main-li awb-menu__main-li_regular\"  data-item-id=\"6986\"><span class=\"awb-menu__main-background-default awb-menu__main-background-default_fade\"><\/span><span class=\"awb-menu__main-background-active awb-menu__main-background-active_fade\"><\/span><a  href=\"https:\/\/svijetopeke.com\/roben-fasadna-opeka\/roben-slip-opeka\/\" class=\"awb-menu__main-a awb-menu__main-a_regular\"><span class=\"menu-text\">Slip opeke<\/span><\/a><\/li><\/ul><\/nav><\/div><\/div><div class=\"fusion-layout-column fusion_builder_column fusion-builder-column-1 fusion_builder_column_1_1 1_1 fusion-flex-column fusion-flex-align-self-flex-start fusion-column-no-min-height\" style=\"--awb-bg-size:cover;--awb-width-large:100%;--awb-margin-top-large:0px;--awb-spacing-right-large:1.92%;--awb-margin-bottom-large:0px;--awb-spacing-left-large:1.92%;--awb-width-medium:100%;--awb-spacing-right-medium:1.92%;--awb-spacing-left-medium:1.92%;--awb-width-small:100%;--awb-spacing-right-small:1.92%;--awb-spacing-left-small:1.92%;\"><div class=\"fusion-column-wrapper fusion-flex-justify-content-flex-start fusion-content-layout-column\"><div class=\"fusion-slider-sc\"><div class=\"fusion-flexslider-loading flexslider flexslider-hover-type-none\" data-slideshow_autoplay=\"1\" data-slideshow_smooth_height=\"0\" data-slideshow_speed=\"7000\" style=\"max-width:100%;height:100%;\"><ul class=\"slides\"><li class=\"image\"><a title=\"01_Roeben-puna-opeka\" data-title=\"01_Roeben-puna-opeka\" aria-label=\"01_Roeben-puna-opeka\" href=\"https:\/\/svijetopeke.com\/roben-fasadna-opeka\/modeli-roben\/\" target=\"_self\"><span class=\"fusion-image-hover-element hover-type-none\"><img decoding=\"async\" src=\"https:\/\/svijetopeke.com\/wp-content\/uploads\/web\/proizvodi\/roben\/01_roeben-puna-opeka.jpg\" width=\"983\" height=\"654\" class=\"wp-image-3627\" srcset=\"https:\/\/svijetopeke.com\/wp-content\/uploads\/web\/proizvodi\/roben\/01_roeben-puna-opeka-200x133.jpg 200w, https:\/\/svijetopeke.com\/wp-content\/uploads\/web\/proizvodi\/roben\/01_roeben-puna-opeka-400x266.jpg 400w, https:\/\/svijetopeke.com\/wp-content\/uploads\/web\/proizvodi\/roben\/01_roeben-puna-opeka-600x399.jpg 600w, https:\/\/svijetopeke.com\/wp-content\/uploads\/web\/proizvodi\/roben\/01_roeben-puna-opeka-800x532.jpg 800w, https:\/\/svijetopeke.com\/wp-content\/uploads\/web\/proizvodi\/roben\/01_roeben-puna-opeka.jpg 983w\" sizes=\"(max-width: 640px) 100vw, 983px\" \/><\/span><\/a><\/li><li class=\"image\"><a title=\"02_Roeben-puna-opeka\" data-title=\"02_Roeben-puna-opeka\" aria-label=\"02_Roeben-puna-opeka\" href=\"https:\/\/svijetopeke.com\/roben-fasadna-opeka\/modeli-roben\/\" target=\"_self\"><span class=\"fusion-image-hover-element hover-type-none\"><img decoding=\"async\" src=\"https:\/\/svijetopeke.com\/wp-content\/uploads\/web\/proizvodi\/roben\/02_roeben-puna-opeka.jpg\" width=\"983\" height=\"654\" class=\"wp-image-3630\" srcset=\"https:\/\/svijetopeke.com\/wp-content\/uploads\/web\/proizvodi\/roben\/02_roeben-puna-opeka-200x133.jpg 200w, https:\/\/svijetopeke.com\/wp-content\/uploads\/web\/proizvodi\/roben\/02_roeben-puna-opeka-400x266.jpg 400w, https:\/\/svijetopeke.com\/wp-content\/uploads\/web\/proizvodi\/roben\/02_roeben-puna-opeka-600x399.jpg 600w, https:\/\/svijetopeke.com\/wp-content\/uploads\/web\/proizvodi\/roben\/02_roeben-puna-opeka-800x532.jpg 800w, https:\/\/svijetopeke.com\/wp-content\/uploads\/web\/proizvodi\/roben\/02_roeben-puna-opeka.jpg 983w\" sizes=\"(max-width: 640px) 100vw, 983px\" \/><\/span><\/a><\/li><li class=\"image\"><a title=\"03_Roeben-puna-opeka\" data-title=\"03_Roeben-puna-opeka\" aria-label=\"03_Roeben-puna-opeka\" href=\"https:\/\/svijetopeke.com\/roben-fasadna-opeka\/modeli-roben\/\" target=\"_self\"><span class=\"fusion-image-hover-element hover-type-none\"><img decoding=\"async\" src=\"https:\/\/svijetopeke.com\/wp-content\/uploads\/web\/proizvodi\/roben\/03_roeben-puna-opeka.jpg\" width=\"983\" height=\"654\" class=\"wp-image-3633\" srcset=\"https:\/\/svijetopeke.com\/wp-content\/uploads\/web\/proizvodi\/roben\/03_roeben-puna-opeka-200x133.jpg 200w, https:\/\/svijetopeke.com\/wp-content\/uploads\/web\/proizvodi\/roben\/03_roeben-puna-opeka-400x266.jpg 400w, https:\/\/svijetopeke.com\/wp-content\/uploads\/web\/proizvodi\/roben\/03_roeben-puna-opeka-600x399.jpg 600w, https:\/\/svijetopeke.com\/wp-content\/uploads\/web\/proizvodi\/roben\/03_roeben-puna-opeka-800x532.jpg 800w, https:\/\/svijetopeke.com\/wp-content\/uploads\/web\/proizvodi\/roben\/03_roeben-puna-opeka.jpg 983w\" sizes=\"(max-width: 640px) 100vw, 983px\" \/><\/span><\/a><\/li><\/ul><\/div><\/div><div class=\"fusion-text fusion-text-1\" style=\"--awb-text-transform:none;\"><p><a href=\"https:\/\/www.roeben.com\/en\"><img decoding=\"async\" class=\"alignnone wp-image-20649 size-full\" src=\"https:\/\/svijetopeke.com\/wp-content\/uploads\/web\/proizvodi\/roben\/roben-logo.svg\" alt=\"R\u00f6ben\" width=\"408\" height=\"208\"><\/a><\/p>\n<p><strong>Klinker opeka<\/strong> je \u017egana pri izjemno visokih temperaturah, do 1200 C, odlikuje pa jo visoka trdnost in nizka vodovpojnost materiala. Ker se pri izdelavi uporabljajo mati\u010dni materiali, temperature \u017eganja pa so zelo visoke, izdelki klinkerja niso enaki, se pravi, da je vsak kos unikat.<\/p>\n<p>Klinker je izredno stabilen in izgleda lepo desetletja. Glede na na\u010din izdelave je mo\u017ena izrazitej\u0161a ali preprostej\u0161a igra barv. Samo ime klinker je nastalo po zvoku, ki se zasli\u0161i ob trku dveh opek in ustvari zna\u010dilen zvok &#8220;KLINK&#8221;. Ta zvok je znak visoke trdote in gostote materiala in zagotavlja dolgoro\u010dno za\u0161\u010dito va\u0161ega prostora.<\/p>\n<p><strong>Lastnosti klinker opeke:<\/strong><\/p>\n<ol>\n<li>izjemno nizka absorpcija vode<\/li>\n<li>odli\u010dna odpornost proti zmrzali<\/li>\n<li>obstojnost barv, ki so UV obstojne (brez spremembe barve tudi po 100 letih)<\/li>\n<li>odpornost na kisline in alkalije<\/li>\n<li>zaradi odtenkov v glinenih plasteh je klinker raznobarven, kar mu daje svojstven \u010dar<\/li>\n<li>konstantnost dimenzij zaradi temperaturnih sprememb<\/li>\n<\/ol>\n<\/div><div class=\"fusion-content-boxes content-boxes columns row fusion-columns-2 fusion-columns-total-2 fusion-content-boxes-1 content-boxes-icon-with-title content-left fusion-delayed-animation\" style=\"--awb-backgroundcolor:#f8f9fa;--awb-body-color:#6d6d6d;--awb-title-color:#0b0c11;--awb-iconcolor:#ffffff;--awb-margin-bottom:0px;--awb-hover-accent-color:#e11e24;--awb-circle-hover-accent-color:#e11e24;\" data-animation-delay=\"500\" data-animationOffset=\"top-into-view\"><div style=\"--awb-backgroundcolor:#f8f9fa;--awb-iconcolor:#ffffff;\" class=\"fusion-column content-box-column content-box-column content-box-column-1 col-lg-6 col-md-6 col-sm-6 fusion-content-box-hover content-box-column-first-in-row\"><div class=\"col content-box-wrapper content-wrapper-background link-area-link-icon link-type-text icon-hover-animation-slide fusion-animated\" data-animationType=\"fadeInLeft\" data-animationDuration=\"2.0\" data-animationOffset=\"top-into-view\"><div class=\"heading heading-with-icon icon-left\"><a class=\"heading-link\" style=\"float:left;\" href=\"https:\/\/svijetopeke.com\/wp-content\/uploads\/web\/proizvodi\/roben\/roeben-puna-opeka.pdf\" target=\"_blank\" rel=\"noopener noreferrer\"><div class=\"icon\" style=\"-webkit-animation-duration: 500ms;animation-duration: 500ms;\"><i style=\"border-color:#212934;border-width:0px;background-color:var(--awb-color6);box-sizing:content-box;height:48px;width:48px;line-height:48px;border-radius:8px;font-size:24px;\" aria-hidden=\"true\" class=\"fontawesome-icon fa-file-pdf fas circle-yes\"><\/i><\/div><h3 class=\"content-box-heading fusion-responsive-typography-calculated\" style=\"--h3_typography-font-size:18px;--fontSize:18;line-height:1.2;\">Prenesite dokumentacijo o klinker opeki R\u00f6ben<\/h3><\/a><\/div><\/div><\/div><div style=\"--awb-backgroundcolor:#f8f9fa;--awb-iconcolor:#ffffff;\" class=\"fusion-column content-box-column content-box-column content-box-column-2 col-lg-6 col-md-6 col-sm-6 fusion-content-box-hover content-box-column-last content-box-column-last-in-row\"><div class=\"col content-box-wrapper content-wrapper-background link-area-link-icon link-type-text icon-hover-animation-slide fusion-animated\" data-animationType=\"fadeInLeft\" data-animationDuration=\"2.0\" data-animationOffset=\"top-into-view\"><div class=\"heading heading-with-icon icon-left\"><a class=\"heading-link\" style=\"float:left;\" href=\"https:\/\/svijetopeke.com\/roben-fasadna-opeka\/modeli-roben\/\" target=\"_self\"><div aria-hidden=\"true\" class=\"image\"><img decoding=\"async\" src=\"https:\/\/svijetopeke.com\/wp-content\/uploads\/web\/paleta.png\" width=\"50\" height=\"50.37\" alt=\"\" \/><\/div><h3 class=\"content-box-heading fusion-responsive-typography-calculated\" style=\"--h3_typography-font-size:18px;--fontSize:18;line-height:1.2;\">Oglejte si na\u0161o barvno paleto<\/h3><\/a><\/div><\/div><\/div><div class=\"fusion-clearfix\"><\/div><\/div><\/div><\/div><\/div><\/div><div class=\"fusion-fullwidth fullwidth-box fusion-builder-row-2 fusion-flex-container nonhundred-percent-fullwidth non-hundred-percent-height-scrolling\" style=\"--awb-border-radius-top-left:0px;--awb-border-radius-top-right:0px;--awb-border-radius-bottom-right:0px;--awb-border-radius-bottom-left:0px;--awb-flex-wrap:wrap;\" ><\/div><\/p>\n","protected":false},"excerpt":{"rendered":"","protected":false},"author":1,"featured_media":0,"parent":30584,"menu_order":0,"comment_status":"closed","ping_status":"closed","template":"","meta":{"_seopress_robots_primary_cat":"","_seopress_titles_title":"","_seopress_titles_desc":"","_seopress_robots_index":"","footnotes":""},"class_list":["post-30600","page","type-page","status-publish","hentry"],"yoast_head":"<!-- This site is optimized with the Yoast SEO plugin v27.1.1 - https:\/\/yoast.com\/product\/yoast-seo-wordpress\/ -->\n<title>Polna opeka - Svijet opeke<\/title>\n<meta name=\"robots\" content=\"index, follow, max-snippet:-1, max-image-preview:large, max-video-preview:-1\" \/>\n<link rel=\"canonical\" href=\"https:\/\/svijetopeke.com\/sl\/roben-fasadna-opeka\/polna-opeka\/\" \/>\n<meta property=\"og:locale\" content=\"sl_SI\" \/>\n<meta property=\"og:type\" content=\"article\" \/>\n<meta property=\"og:title\" content=\"Polna opeka - Svijet opeke\" \/>\n<meta property=\"og:url\" content=\"https:\/\/svijetopeke.com\/sl\/roben-fasadna-opeka\/polna-opeka\/\" \/>\n<meta property=\"og:site_name\" content=\"Svijet opeke\" \/>\n<meta property=\"article:publisher\" content=\"https:\/\/www.facebook.com\/svijetopeke\/\" \/>\n<meta property=\"article:modified_time\" content=\"2024-04-29T16:55:48+00:00\" \/>\n<meta property=\"og:image\" content=\"https:\/\/svijetopeke.com\/wp-content\/uploads\/web\/proizvodi\/roben\/roben-logo.svg\" \/>\n<meta name=\"twitter:card\" content=\"summary_large_image\" \/>\n<meta name=\"twitter:label1\" content=\"Est. reading time\" \/>\n\t<meta name=\"twitter:data1\" content=\"6 minut\" \/>\n<script type=\"application\/ld+json\" class=\"yoast-schema-graph\">{\"@context\":\"https:\/\/schema.org\",\"@graph\":[{\"@type\":\"WebPage\",\"@id\":\"https:\/\/svijetopeke.com\/sl\/roben-fasadna-opeka\/polna-opeka\/\",\"url\":\"https:\/\/svijetopeke.com\/sl\/roben-fasadna-opeka\/polna-opeka\/\",\"name\":\"Polna opeka - Svijet opeke\",\"isPartOf\":{\"@id\":\"https:\/\/svijetopeke.com\/sl\/#website\"},\"primaryImageOfPage\":{\"@id\":\"https:\/\/svijetopeke.com\/sl\/roben-fasadna-opeka\/polna-opeka\/#primaryimage\"},\"image\":{\"@id\":\"https:\/\/svijetopeke.com\/sl\/roben-fasadna-opeka\/polna-opeka\/#primaryimage\"},\"thumbnailUrl\":\"https:\/\/svijetopeke.com\/wp-content\/uploads\/web\/proizvodi\/roben\/roben-logo.svg\",\"datePublished\":\"2022-01-14T07:08:40+00:00\",\"dateModified\":\"2024-04-29T16:55:48+00:00\",\"breadcrumb\":{\"@id\":\"https:\/\/svijetopeke.com\/sl\/roben-fasadna-opeka\/polna-opeka\/#breadcrumb\"},\"inLanguage\":\"sl-SI\",\"potentialAction\":[{\"@type\":\"ReadAction\",\"target\":[\"https:\/\/svijetopeke.com\/sl\/roben-fasadna-opeka\/polna-opeka\/\"]}]},{\"@type\":\"ImageObject\",\"inLanguage\":\"sl-SI\",\"@id\":\"https:\/\/svijetopeke.com\/sl\/roben-fasadna-opeka\/polna-opeka\/#primaryimage\",\"url\":\"https:\/\/svijetopeke.com\/wp-content\/uploads\/web\/proizvodi\/roben\/roben-logo.svg\",\"contentUrl\":\"https:\/\/svijetopeke.com\/wp-content\/uploads\/web\/proizvodi\/roben\/roben-logo.svg\"},{\"@type\":\"BreadcrumbList\",\"@id\":\"https:\/\/svijetopeke.com\/sl\/roben-fasadna-opeka\/polna-opeka\/#breadcrumb\",\"itemListElement\":[{\"@type\":\"ListItem\",\"position\":1,\"name\":\"Po\u010detna stranica\",\"item\":\"https:\/\/svijetopeke.com\/sl\/\"},{\"@type\":\"ListItem\",\"position\":2,\"name\":\"R\u00f6ben fasadna opeka\",\"item\":\"https:\/\/svijetopeke.com\/sl\/roben-fasadna-opeka\/\"},{\"@type\":\"ListItem\",\"position\":3,\"name\":\"Polna opeka\"}]},{\"@type\":\"WebSite\",\"@id\":\"https:\/\/svijetopeke.com\/sl\/#website\",\"url\":\"https:\/\/svijetopeke.com\/sl\/\",\"name\":\"Svijet opeke\",\"description\":\"Najve\u0107i izbor opeke\",\"publisher\":{\"@id\":\"https:\/\/svijetopeke.com\/sl\/#organization\"},\"potentialAction\":[{\"@type\":\"SearchAction\",\"target\":{\"@type\":\"EntryPoint\",\"urlTemplate\":\"https:\/\/svijetopeke.com\/sl\/?s={search_term_string}\"},\"query-input\":{\"@type\":\"PropertyValueSpecification\",\"valueRequired\":true,\"valueName\":\"search_term_string\"}}],\"inLanguage\":\"sl-SI\"},{\"@type\":\"Organization\",\"@id\":\"https:\/\/svijetopeke.com\/sl\/#organization\",\"name\":\"Svijet opeke\",\"url\":\"https:\/\/svijetopeke.com\/sl\/\",\"logo\":{\"@type\":\"ImageObject\",\"inLanguage\":\"sl-SI\",\"@id\":\"https:\/\/svijetopeke.com\/sl\/#\/schema\/logo\/image\/\",\"url\":\"https:\/\/svijetopeke.com\/wp-content\/uploads\/web\/svijetopeke_logo_site_icon.png\",\"contentUrl\":\"https:\/\/svijetopeke.com\/wp-content\/uploads\/web\/svijetopeke_logo_site_icon.png\",\"width\":1024,\"height\":1024,\"caption\":\"Svijet opeke\"},\"image\":{\"@id\":\"https:\/\/svijetopeke.com\/sl\/#\/schema\/logo\/image\/\"},\"sameAs\":[\"https:\/\/www.facebook.com\/svijetopeke\/\",\"https:\/\/www.instagram.com\/svijetopeke\/\"]}]}<\/script>\n<!-- \/ Yoast SEO plugin. -->","yoast_head_json":{"title":"Polna opeka - Svijet opeke","robots":{"index":"index","follow":"follow","max-snippet":"max-snippet:-1","max-image-preview":"max-image-preview:large","max-video-preview":"max-video-preview:-1"},"canonical":"https:\/\/svijetopeke.com\/sl\/roben-fasadna-opeka\/polna-opeka\/","og_locale":"sl_SI","og_type":"article","og_title":"Polna opeka - Svijet opeke","og_url":"https:\/\/svijetopeke.com\/sl\/roben-fasadna-opeka\/polna-opeka\/","og_site_name":"Svijet opeke","article_publisher":"https:\/\/www.facebook.com\/svijetopeke\/","article_modified_time":"2024-04-29T16:55:48+00:00","og_image":[{"url":"https:\/\/svijetopeke.com\/wp-content\/uploads\/web\/proizvodi\/roben\/roben-logo.svg","type":"","width":"","height":""}],"twitter_card":"summary_large_image","twitter_misc":{"Est. reading time":"6 minut"},"schema":{"@context":"https:\/\/schema.org","@graph":[{"@type":"WebPage","@id":"https:\/\/svijetopeke.com\/sl\/roben-fasadna-opeka\/polna-opeka\/","url":"https:\/\/svijetopeke.com\/sl\/roben-fasadna-opeka\/polna-opeka\/","name":"Polna opeka - Svijet opeke","isPartOf":{"@id":"https:\/\/svijetopeke.com\/sl\/#website"},"primaryImageOfPage":{"@id":"https:\/\/svijetopeke.com\/sl\/roben-fasadna-opeka\/polna-opeka\/#primaryimage"},"image":{"@id":"https:\/\/svijetopeke.com\/sl\/roben-fasadna-opeka\/polna-opeka\/#primaryimage"},"thumbnailUrl":"https:\/\/svijetopeke.com\/wp-content\/uploads\/web\/proizvodi\/roben\/roben-logo.svg","datePublished":"2022-01-14T07:08:40+00:00","dateModified":"2024-04-29T16:55:48+00:00","breadcrumb":{"@id":"https:\/\/svijetopeke.com\/sl\/roben-fasadna-opeka\/polna-opeka\/#breadcrumb"},"inLanguage":"sl-SI","potentialAction":[{"@type":"ReadAction","target":["https:\/\/svijetopeke.com\/sl\/roben-fasadna-opeka\/polna-opeka\/"]}]},{"@type":"ImageObject","inLanguage":"sl-SI","@id":"https:\/\/svijetopeke.com\/sl\/roben-fasadna-opeka\/polna-opeka\/#primaryimage","url":"https:\/\/svijetopeke.com\/wp-content\/uploads\/web\/proizvodi\/roben\/roben-logo.svg","contentUrl":"https:\/\/svijetopeke.com\/wp-content\/uploads\/web\/proizvodi\/roben\/roben-logo.svg"},{"@type":"BreadcrumbList","@id":"https:\/\/svijetopeke.com\/sl\/roben-fasadna-opeka\/polna-opeka\/#breadcrumb","itemListElement":[{"@type":"ListItem","position":1,"name":"Po\u010detna stranica","item":"https:\/\/svijetopeke.com\/sl\/"},{"@type":"ListItem","position":2,"name":"R\u00f6ben fasadna opeka","item":"https:\/\/svijetopeke.com\/sl\/roben-fasadna-opeka\/"},{"@type":"ListItem","position":3,"name":"Polna opeka"}]},{"@type":"WebSite","@id":"https:\/\/svijetopeke.com\/sl\/#website","url":"https:\/\/svijetopeke.com\/sl\/","name":"Svijet opeke","description":"Najve\u0107i izbor opeke","publisher":{"@id":"https:\/\/svijetopeke.com\/sl\/#organization"},"potentialAction":[{"@type":"SearchAction","target":{"@type":"EntryPoint","urlTemplate":"https:\/\/svijetopeke.com\/sl\/?s={search_term_string}"},"query-input":{"@type":"PropertyValueSpecification","valueRequired":true,"valueName":"search_term_string"}}],"inLanguage":"sl-SI"},{"@type":"Organization","@id":"https:\/\/svijetopeke.com\/sl\/#organization","name":"Svijet opeke","url":"https:\/\/svijetopeke.com\/sl\/","logo":{"@type":"ImageObject","inLanguage":"sl-SI","@id":"https:\/\/svijetopeke.com\/sl\/#\/schema\/logo\/image\/","url":"https:\/\/svijetopeke.com\/wp-content\/uploads\/web\/svijetopeke_logo_site_icon.png","contentUrl":"https:\/\/svijetopeke.com\/wp-content\/uploads\/web\/svijetopeke_logo_site_icon.png","width":1024,"height":1024,"caption":"Svijet opeke"},"image":{"@id":"https:\/\/svijetopeke.com\/sl\/#\/schema\/logo\/image\/"},"sameAs":["https:\/\/www.facebook.com\/svijetopeke\/","https:\/\/www.instagram.com\/svijetopeke\/"]}]}},"_links":{"self":[{"href":"https:\/\/svijetopeke.com\/sl\/wp-json\/wp\/v2\/pages\/30600","targetHints":{"allow":["GET"]}}],"collection":[{"href":"https:\/\/svijetopeke.com\/sl\/wp-json\/wp\/v2\/pages"}],"about":[{"href":"https:\/\/svijetopeke.com\/sl\/wp-json\/wp\/v2\/types\/page"}],"author":[{"embeddable":true,"href":"https:\/\/svijetopeke.com\/sl\/wp-json\/wp\/v2\/users\/1"}],"replies":[{"embeddable":true,"href":"https:\/\/svijetopeke.com\/sl\/wp-json\/wp\/v2\/comments?post=30600"}],"version-history":[{"count":2,"href":"https:\/\/svijetopeke.com\/sl\/wp-json\/wp\/v2\/pages\/30600\/revisions"}],"predecessor-version":[{"id":30602,"href":"https:\/\/svijetopeke.com\/sl\/wp-json\/wp\/v2\/pages\/30600\/revisions\/30602"}],"up":[{"embeddable":true,"href":"https:\/\/svijetopeke.com\/sl\/wp-json\/wp\/v2\/pages\/30584"}],"wp:attachment":[{"href":"https:\/\/svijetopeke.com\/sl\/wp-json\/wp\/v2\/media?parent=30600"}],"curies":[{"name":"wp","href":"https:\/\/api.w.org\/{rel}","templated":true}]}}