{"id":30633,"date":"2022-01-14T09:10:32","date_gmt":"2022-01-14T07:10:32","guid":{"rendered":"https:\/\/svijetopeke.com\/talna-opeka-vandersanden\/"},"modified":"2024-04-29T19:09:05","modified_gmt":"2024-04-29T17:09:05","slug":"talna-opeka-vandersanden","status":"publish","type":"page","link":"https:\/\/svijetopeke.com\/sl\/talna-opeka-vandersanden\/","title":{"rendered":"Talna opeka Vandersanden"},"content":{"rendered":"<p><div class=\"fusion-fullwidth fullwidth-box fusion-builder-row-1 fusion-flex-container hundred-percent-fullwidth non-hundred-percent-height-scrolling\" style=\"--awb-border-radius-top-left:0px;--awb-border-radius-top-right:0px;--awb-border-radius-bottom-right:0px;--awb-border-radius-bottom-left:0px;--awb-overflow:visible;--awb-flex-wrap:wrap;\" ><div class=\"fusion-builder-row fusion-row fusion-flex-align-items-flex-start fusion-flex-content-wrap\" style=\"width:104% !important;max-width:104% !important;margin-left: calc(-4% \/ 2 );margin-right: calc(-4% \/ 2 );\"><div class=\"fusion-layout-column fusion_builder_column fusion-builder-column-0 fusion_builder_column_1_1 1_1 fusion-flex-column fusion-flex-align-self-flex-start fusion-column-no-min-height\" style=\"--awb-bg-size:cover;--awb-width-large:100%;--awb-margin-top-large:0px;--awb-spacing-right-large:1.92%;--awb-margin-bottom-large:20px;--awb-spacing-left-large:1.92%;--awb-width-medium:100%;--awb-order-medium:0;--awb-spacing-right-medium:1.92%;--awb-spacing-left-medium:1.92%;--awb-width-small:100%;--awb-order-small:0;--awb-spacing-right-small:1.92%;--awb-spacing-left-small:1.92%;\"><div class=\"fusion-column-wrapper fusion-column-has-shadow fusion-flex-justify-content-flex-start fusion-content-layout-column\"><nav class=\"awb-menu awb-menu_row awb-menu_em-hover mobile-mode-collapse-to-button awb-menu_icons-left awb-menu_dc-yes mobile-trigger-fullwidth-off awb-menu_mobile-toggle awb-menu_indent-left mobile-size-full-absolute loading mega-menu-loading awb-menu_desktop awb-menu_dropdown awb-menu_expand-right awb-menu_transition-fade\" style=\"--awb-font-size:16px;--awb-margin-bottom:10px;--awb-text-transform:uppercase;--awb-min-height:16px;--awb-gap:15px;--awb-color:var(--awb-color7);--awb-letter-spacing:1,35;--awb-active-color:var(--awb-custom18);--awb-main-justify-content:flex-start;--awb-mobile-justify:flex-start;--awb-mobile-caret-left:auto;--awb-mobile-caret-right:0;--awb-fusion-font-family-typography:&quot;Montserrat&quot;;--awb-fusion-font-style-typography:normal;--awb-fusion-font-weight-typography:700;--awb-fusion-font-family-submenu-typography:inherit;--awb-fusion-font-style-submenu-typography:normal;--awb-fusion-font-weight-submenu-typography:400;--awb-fusion-font-family-mobile-typography:inherit;--awb-fusion-font-style-mobile-typography:normal;--awb-fusion-font-weight-mobile-typography:400;\" aria-label=\"Menu Vandersanden podna\" data-breakpoint=\"1024\" data-count=\"0\" data-transition-type=\"fade\" data-transition-time=\"300\" data-expand=\"right\"><button type=\"button\" class=\"awb-menu__m-toggle awb-menu__m-toggle_no-text\" aria-expanded=\"false\" aria-controls=\"menu-menu-vandersanden-podna\"><span class=\"awb-menu__m-toggle-inner\"><span class=\"collapsed-nav-text\"><span class=\"screen-reader-text\">Toggle Navigation<\/span><\/span><span class=\"awb-menu__m-collapse-icon awb-menu__m-collapse-icon_no-text\"><span class=\"awb-menu__m-collapse-icon-open awb-menu__m-collapse-icon-open_no-text fa-bars fas\"><\/span><span class=\"awb-menu__m-collapse-icon-close awb-menu__m-collapse-icon-close_no-text fa-times fas\"><\/span><\/span><\/span><\/button><ul id=\"menu-menu-vandersanden-podna\" class=\"fusion-menu awb-menu__main-ul awb-menu__main-ul_row\"><li  id=\"menu-item-7224\"  class=\"menu-item menu-item-type-post_type menu-item-object-page menu-item-7224 awb-menu__li awb-menu__main-li awb-menu__main-li_regular\"  data-item-id=\"7224\"><span class=\"awb-menu__main-background-default awb-menu__main-background-default_fade\"><\/span><span class=\"awb-menu__main-background-active awb-menu__main-background-active_fade\"><\/span><a  href=\"https:\/\/svijetopeke.com\/vandersanden-podna-opeka\/\" class=\"awb-menu__main-a awb-menu__main-a_regular\"><span class=\"menu-text\">Talna opeka Vandersanden<\/span><\/a><\/li><li  id=\"menu-item-7222\"  class=\"menu-item menu-item-type-post_type menu-item-object-page menu-item-7222 awb-menu__li awb-menu__main-li awb-menu__main-li_regular\"  data-item-id=\"7222\"><span class=\"awb-menu__main-background-default awb-menu__main-background-default_fade\"><\/span><span class=\"awb-menu__main-background-active awb-menu__main-background-active_fade\"><\/span><a  href=\"https:\/\/svijetopeke.com\/vandersanden-podna-opeka\/vandersanden-modeli-podne-opeke\/\" class=\"awb-menu__main-a awb-menu__main-a_regular\"><span class=\"menu-text\">Vandersanden modeli<\/span><\/a><\/li><li  id=\"menu-item-7284\"  class=\"menu-item menu-item-type-post_type menu-item-object-page menu-item-7284 awb-menu__li awb-menu__main-li awb-menu__main-li_regular\"  data-item-id=\"7284\"><span class=\"awb-menu__main-background-default awb-menu__main-background-default_fade\"><\/span><span class=\"awb-menu__main-background-active awb-menu__main-background-active_fade\"><\/span><a  href=\"https:\/\/svijetopeke.com\/vandersanden-podna-opeka\/tehnicke-informacije\/\" class=\"awb-menu__main-a awb-menu__main-a_regular\"><span class=\"menu-text\">Tehni\u010dne informacije<\/span><\/a><\/li><li  id=\"menu-item-7298\"  class=\"menu-item menu-item-type-post_type menu-item-object-page menu-item-7298 awb-menu__li awb-menu__main-li awb-menu__main-li_regular\"  data-item-id=\"7298\"><span class=\"awb-menu__main-background-default awb-menu__main-background-default_fade\"><\/span><span class=\"awb-menu__main-background-active awb-menu__main-background-active_fade\"><\/span><a  href=\"https:\/\/svijetopeke.com\/vandersanden-podna-opeka\/prednosti\/\" class=\"awb-menu__main-a awb-menu__main-a_regular\"><span class=\"menu-text\">Prednosti<\/span><\/a><\/li><\/ul><\/nav><div class=\"fusion-slider-sc\"><div class=\"fusion-flexslider-loading flexslider fusion-aligncenter flexslider-hover-type-none\" data-slideshow_autoplay=\"1\" data-slideshow_smooth_height=\"0\" data-slideshow_speed=\"7000\" style=\"max-width:100%;height:100%;\"><ul class=\"slides\"><li class=\"image\"><span class=\"fusion-image-hover-element hover-type-none\"><img decoding=\"async\" src=\"https:\/\/svijetopeke.com\/wp-content\/uploads\/web\/proizvodi\/vandersanden\/vandersanden_podna_02.jpg\" width=\"1240\" height=\"815\" class=\"wp-image-7208\" srcset=\"https:\/\/svijetopeke.com\/wp-content\/uploads\/web\/proizvodi\/vandersanden\/vandersanden_podna_02-200x131.jpg 200w, https:\/\/svijetopeke.com\/wp-content\/uploads\/web\/proizvodi\/vandersanden\/vandersanden_podna_02-400x263.jpg 400w, https:\/\/svijetopeke.com\/wp-content\/uploads\/web\/proizvodi\/vandersanden\/vandersanden_podna_02-600x394.jpg 600w, https:\/\/svijetopeke.com\/wp-content\/uploads\/web\/proizvodi\/vandersanden\/vandersanden_podna_02-800x526.jpg 800w, https:\/\/svijetopeke.com\/wp-content\/uploads\/web\/proizvodi\/vandersanden\/vandersanden_podna_02-1200x789.jpg 1200w, https:\/\/svijetopeke.com\/wp-content\/uploads\/web\/proizvodi\/vandersanden\/vandersanden_podna_02.jpg 1240w\" sizes=\"(max-width: 640px) 100vw, 1240px\" \/><\/span><\/li><li class=\"image\"><span class=\"fusion-image-hover-element hover-type-none\"><img decoding=\"async\" src=\"https:\/\/svijetopeke.com\/wp-content\/uploads\/web\/proizvodi\/vandersanden\/vandersanden_podna_01.jpg\" width=\"1240\" height=\"815\" class=\"wp-image-7207\" srcset=\"https:\/\/svijetopeke.com\/wp-content\/uploads\/web\/proizvodi\/vandersanden\/vandersanden_podna_01-200x131.jpg 200w, https:\/\/svijetopeke.com\/wp-content\/uploads\/web\/proizvodi\/vandersanden\/vandersanden_podna_01-400x263.jpg 400w, https:\/\/svijetopeke.com\/wp-content\/uploads\/web\/proizvodi\/vandersanden\/vandersanden_podna_01-600x394.jpg 600w, https:\/\/svijetopeke.com\/wp-content\/uploads\/web\/proizvodi\/vandersanden\/vandersanden_podna_01-800x526.jpg 800w, https:\/\/svijetopeke.com\/wp-content\/uploads\/web\/proizvodi\/vandersanden\/vandersanden_podna_01-1200x789.jpg 1200w, https:\/\/svijetopeke.com\/wp-content\/uploads\/web\/proizvodi\/vandersanden\/vandersanden_podna_01.jpg 1240w\" sizes=\"(max-width: 640px) 100vw, 1240px\" \/><\/span><\/li><li class=\"image\"><span class=\"fusion-image-hover-element hover-type-none\"><img decoding=\"async\" src=\"https:\/\/svijetopeke.com\/wp-content\/uploads\/web\/proizvodi\/vandersanden\/vandersanden_podna_03.jpg\" width=\"1240\" height=\"815\" class=\"wp-image-7214\" srcset=\"https:\/\/svijetopeke.com\/wp-content\/uploads\/web\/proizvodi\/vandersanden\/vandersanden_podna_03-200x131.jpg 200w, https:\/\/svijetopeke.com\/wp-content\/uploads\/web\/proizvodi\/vandersanden\/vandersanden_podna_03-400x263.jpg 400w, https:\/\/svijetopeke.com\/wp-content\/uploads\/web\/proizvodi\/vandersanden\/vandersanden_podna_03-600x394.jpg 600w, https:\/\/svijetopeke.com\/wp-content\/uploads\/web\/proizvodi\/vandersanden\/vandersanden_podna_03-800x526.jpg 800w, https:\/\/svijetopeke.com\/wp-content\/uploads\/web\/proizvodi\/vandersanden\/vandersanden_podna_03-1200x789.jpg 1200w, https:\/\/svijetopeke.com\/wp-content\/uploads\/web\/proizvodi\/vandersanden\/vandersanden_podna_03.jpg 1240w\" sizes=\"(max-width: 640px) 100vw, 1240px\" \/><\/span><\/li><\/ul><\/div><\/div><div class=\"fusion-text fusion-text-1\" style=\"--awb-text-transform:none;\"><p><strong>Talne opeke Vandersanden \u2013 odli\u010dna re\u0161itev za tlakovanje s talno opeko  <\/strong><\/p>\n<p>Vandersanden poleg fasadne opeke proizvaja tudi kakovostno masivno talno opeko. Talne opeke so na voljo v \u0161tevilnih barvah, od razli\u010dnih odtenkov rumene, oran\u017ene in rde\u010de do rjave in \u010drne. So izjemno trpe\u017eni in dolgotrajni ter jih je mogo\u010de enostavno ponovno uporabiti in preurediti. Talne opeke Vandersanden se lahko uporabljajo za vse vrste projektov, od trgov, parkiri\u0161\u010d in con za pe\u0161ce do teras ali dovozov v gara\u017ee.<\/p>\n<p><strong>Inteligentne talne plo\u0161\u010dice, narejene za dolgotrajno uporabo  <\/strong><\/p>\n<p>Talne opeke Vandersanden so standardno brez zaobljenih vogalov. Rezultat je manj hrupa prometa in privla\u010den pogled na ulico. Podne opeke Vandersanden so standardno opremljene s posebnimi distan\u010dniki, ki zagotavljajo enake razdalje med opekami in minimizirajo mo\u017enost po\u0161kodbe samih zidakov. Ko so rege zapolnjene z ustreznim materialom (najpogosteje kremen\u010devim peskom), lahko padavinska voda preprosto odteka skozi rege.<\/p>\n<p><strong>Talna opeka Vandersanden je ekolo\u0161ki material  <\/strong><\/p>\n<p>Ker talne opeke zdr\u017eijo dlje kot povpre\u010dno \u010dlove\u0161ko \u017eivljenje, ste z izbiro talnih oblog Vandersanden izbrali samooskrbo in ohranjanje naravnega okolja. Na talne opeke Vandersanden vremenske razmere skoraj ne vplivajo. Barva je s\u010dasoma obstojna, opeka pa se proizvaja v energetsko u\u010dinkovitih tunelskih pe\u010deh. Vandersanden kot okoljsko ozave\u0161\u010deno podjetje del energije pridobiva iz lastnih fotovoltai\u010dnih panelov in vetrnih turbin, odve\u010dna toplota iz pe\u010di pa se uporablja za ogrevanje pisarne. Pri peki opeke uporabljamo zemeljski plin, pri pakiranju opeke pa pazimo na koli\u010dino uporabljenega embala\u017enega materiala.<\/p>\n<h3><strong>VRSTE  <\/strong><\/h3>\n<p><strong>Peskano ali gladko?  <\/strong><\/p>\n<p>Peskana opeka je pe\u010dena s tanko plastjo peska. Povr\u0161ina peskane opeke je rahlo matirana. Povr\u0161ina nepeskane opeke je gladka. Tak\u0161na opeka je \u0161e posebej cenjena zaradi svojega svetlega sijaja. Med tema dvema vrstama zidakov ni razlike v kakovosti, zato je izbira zgolj estetska.<\/p>\n<p><strong>Zdrobljene ali nezdrobljene opeke?  <\/strong><\/p>\n<p>Po kon\u010danem proizvodnem procesu se ometane ali gladke opeke prevrnejo v posebnem stroju. Med tem postopkom se ostri vogali zaokro\u017eijo, opeke pa dobijo obrabljen, rustikalni videz. Tak\u0161ni zidaki dajejo poseben zna\u010daj vrtnim potkam ali terasam.<\/p>\n<\/div><div class=\"fusion-content-boxes content-boxes columns row fusion-columns-1 fusion-columns-total-1 fusion-content-boxes-1 content-boxes-icon-with-title content-left fusion-delayed-animation\" style=\"--awb-backgroundcolor:#f8f9fa;--awb-body-color:#6d6d6d;--awb-title-color:#0b0c11;--awb-iconcolor:#ffffff;--awb-margin-bottom:0px;--awb-hover-accent-color:#e11e24;--awb-circle-hover-accent-color:#e11e24;--awb-item-margin-bottom:40px;\" data-animation-delay=\"500\" data-animationOffset=\"top-into-view\"><div style=\"--awb-backgroundcolor:#f8f9fa;--awb-iconcolor:#ffffff;\" class=\"fusion-column content-box-column content-box-column content-box-column-1 col-lg-12 col-md-12 col-sm-12 fusion-content-box-hover content-box-column-last content-box-column-last-in-row\"><div class=\"col content-box-wrapper content-wrapper-background link-area-link-icon link-type-text icon-hover-animation-slide fusion-animated\" data-animationType=\"fadeInLeft\" data-animationDuration=\"2.0\" data-animationOffset=\"top-into-view\"><div class=\"heading heading-with-icon icon-left\"><a class=\"heading-link\" style=\"float:left;\" href=\"https:\/\/svijetopeke.com\/wp-content\/uploads\/web\/proizvodi\/vandersanden\/vds_pavers_inspiration-guide_2021_04.pdf\" target=\"_blank\" rel=\"noopener noreferrer\"><div class=\"icon\" style=\"-webkit-animation-duration: 500ms;animation-duration: 500ms;\"><i style=\"border-color:#212934;border-width:0px;background-color:var(--awb-color6);box-sizing:content-box;height:48px;width:48px;line-height:48px;border-radius:8px;font-size:24px;\" aria-hidden=\"true\" class=\"fontawesome-icon fa-file-pdf fas circle-yes\"><\/i><\/div><h3 class=\"content-box-heading fusion-responsive-typography-calculated\" style=\"--h3_typography-font-size:18px;--fontSize:18;line-height:1.2;\">Prenesite dokumentacijo o talnih plo\u0161\u010dicah Vandersanden<\/h3><\/a><\/div><\/div><\/div><div class=\"fusion-clearfix\"><\/div><\/div><\/div><\/div><\/div><\/div><div class=\"fusion-fullwidth fullwidth-box fusion-builder-row-2 fusion-flex-container nonhundred-percent-fullwidth non-hundred-percent-height-scrolling\" style=\"--awb-border-radius-top-left:0px;--awb-border-radius-top-right:0px;--awb-border-radius-bottom-right:0px;--awb-border-radius-bottom-left:0px;--awb-flex-wrap:wrap;\" ><\/div><\/p>\n","protected":false},"excerpt":{"rendered":"","protected":false},"author":1,"featured_media":0,"parent":0,"menu_order":0,"comment_status":"closed","ping_status":"closed","template":"","meta":{"_seopress_robots_primary_cat":"","_seopress_titles_title":"","_seopress_titles_desc":"","_seopress_robots_index":"","footnotes":""},"class_list":["post-30633","page","type-page","status-publish","hentry"],"yoast_head":"<!-- This site is optimized with the Yoast SEO plugin v27.1.1 - https:\/\/yoast.com\/product\/yoast-seo-wordpress\/ -->\n<title>Talna opeka Vandersanden - Svijet opeke<\/title>\n<meta name=\"robots\" content=\"index, follow, max-snippet:-1, max-image-preview:large, max-video-preview:-1\" \/>\n<link rel=\"canonical\" href=\"https:\/\/svijetopeke.com\/sl\/talna-opeka-vandersanden\/\" \/>\n<meta property=\"og:locale\" content=\"sl_SI\" \/>\n<meta property=\"og:type\" content=\"article\" \/>\n<meta property=\"og:title\" content=\"Talna opeka Vandersanden - Svijet opeke\" \/>\n<meta property=\"og:url\" content=\"https:\/\/svijetopeke.com\/sl\/talna-opeka-vandersanden\/\" \/>\n<meta property=\"og:site_name\" content=\"Svijet opeke\" \/>\n<meta property=\"article:publisher\" content=\"https:\/\/www.facebook.com\/svijetopeke\/\" \/>\n<meta property=\"article:modified_time\" content=\"2024-04-29T17:09:05+00:00\" \/>\n<meta name=\"twitter:card\" content=\"summary_large_image\" \/>\n<meta name=\"twitter:label1\" content=\"Est. reading time\" \/>\n\t<meta name=\"twitter:data1\" content=\"7 minut\" \/>\n<script type=\"application\/ld+json\" class=\"yoast-schema-graph\">{\"@context\":\"https:\/\/schema.org\",\"@graph\":[{\"@type\":\"WebPage\",\"@id\":\"https:\/\/svijetopeke.com\/sl\/talna-opeka-vandersanden\/\",\"url\":\"https:\/\/svijetopeke.com\/sl\/talna-opeka-vandersanden\/\",\"name\":\"Talna opeka Vandersanden - Svijet opeke\",\"isPartOf\":{\"@id\":\"https:\/\/svijetopeke.com\/sl\/#website\"},\"datePublished\":\"2022-01-14T07:10:32+00:00\",\"dateModified\":\"2024-04-29T17:09:05+00:00\",\"breadcrumb\":{\"@id\":\"https:\/\/svijetopeke.com\/sl\/talna-opeka-vandersanden\/#breadcrumb\"},\"inLanguage\":\"sl-SI\",\"potentialAction\":[{\"@type\":\"ReadAction\",\"target\":[\"https:\/\/svijetopeke.com\/sl\/talna-opeka-vandersanden\/\"]}]},{\"@type\":\"BreadcrumbList\",\"@id\":\"https:\/\/svijetopeke.com\/sl\/talna-opeka-vandersanden\/#breadcrumb\",\"itemListElement\":[{\"@type\":\"ListItem\",\"position\":1,\"name\":\"Po\u010detna stranica\",\"item\":\"https:\/\/svijetopeke.com\/sl\/\"},{\"@type\":\"ListItem\",\"position\":2,\"name\":\"Talna opeka Vandersanden\"}]},{\"@type\":\"WebSite\",\"@id\":\"https:\/\/svijetopeke.com\/sl\/#website\",\"url\":\"https:\/\/svijetopeke.com\/sl\/\",\"name\":\"Svijet opeke\",\"description\":\"Najve\u0107i izbor opeke\",\"publisher\":{\"@id\":\"https:\/\/svijetopeke.com\/sl\/#organization\"},\"potentialAction\":[{\"@type\":\"SearchAction\",\"target\":{\"@type\":\"EntryPoint\",\"urlTemplate\":\"https:\/\/svijetopeke.com\/sl\/?s={search_term_string}\"},\"query-input\":{\"@type\":\"PropertyValueSpecification\",\"valueRequired\":true,\"valueName\":\"search_term_string\"}}],\"inLanguage\":\"sl-SI\"},{\"@type\":\"Organization\",\"@id\":\"https:\/\/svijetopeke.com\/sl\/#organization\",\"name\":\"Svijet opeke\",\"url\":\"https:\/\/svijetopeke.com\/sl\/\",\"logo\":{\"@type\":\"ImageObject\",\"inLanguage\":\"sl-SI\",\"@id\":\"https:\/\/svijetopeke.com\/sl\/#\/schema\/logo\/image\/\",\"url\":\"https:\/\/svijetopeke.com\/wp-content\/uploads\/web\/svijetopeke_logo_site_icon.png\",\"contentUrl\":\"https:\/\/svijetopeke.com\/wp-content\/uploads\/web\/svijetopeke_logo_site_icon.png\",\"width\":1024,\"height\":1024,\"caption\":\"Svijet opeke\"},\"image\":{\"@id\":\"https:\/\/svijetopeke.com\/sl\/#\/schema\/logo\/image\/\"},\"sameAs\":[\"https:\/\/www.facebook.com\/svijetopeke\/\",\"https:\/\/www.instagram.com\/svijetopeke\/\"]}]}<\/script>\n<!-- \/ Yoast SEO plugin. -->","yoast_head_json":{"title":"Talna opeka Vandersanden - Svijet opeke","robots":{"index":"index","follow":"follow","max-snippet":"max-snippet:-1","max-image-preview":"max-image-preview:large","max-video-preview":"max-video-preview:-1"},"canonical":"https:\/\/svijetopeke.com\/sl\/talna-opeka-vandersanden\/","og_locale":"sl_SI","og_type":"article","og_title":"Talna opeka Vandersanden - Svijet opeke","og_url":"https:\/\/svijetopeke.com\/sl\/talna-opeka-vandersanden\/","og_site_name":"Svijet opeke","article_publisher":"https:\/\/www.facebook.com\/svijetopeke\/","article_modified_time":"2024-04-29T17:09:05+00:00","twitter_card":"summary_large_image","twitter_misc":{"Est. reading time":"7 minut"},"schema":{"@context":"https:\/\/schema.org","@graph":[{"@type":"WebPage","@id":"https:\/\/svijetopeke.com\/sl\/talna-opeka-vandersanden\/","url":"https:\/\/svijetopeke.com\/sl\/talna-opeka-vandersanden\/","name":"Talna opeka Vandersanden - Svijet opeke","isPartOf":{"@id":"https:\/\/svijetopeke.com\/sl\/#website"},"datePublished":"2022-01-14T07:10:32+00:00","dateModified":"2024-04-29T17:09:05+00:00","breadcrumb":{"@id":"https:\/\/svijetopeke.com\/sl\/talna-opeka-vandersanden\/#breadcrumb"},"inLanguage":"sl-SI","potentialAction":[{"@type":"ReadAction","target":["https:\/\/svijetopeke.com\/sl\/talna-opeka-vandersanden\/"]}]},{"@type":"BreadcrumbList","@id":"https:\/\/svijetopeke.com\/sl\/talna-opeka-vandersanden\/#breadcrumb","itemListElement":[{"@type":"ListItem","position":1,"name":"Po\u010detna stranica","item":"https:\/\/svijetopeke.com\/sl\/"},{"@type":"ListItem","position":2,"name":"Talna opeka Vandersanden"}]},{"@type":"WebSite","@id":"https:\/\/svijetopeke.com\/sl\/#website","url":"https:\/\/svijetopeke.com\/sl\/","name":"Svijet opeke","description":"Najve\u0107i izbor opeke","publisher":{"@id":"https:\/\/svijetopeke.com\/sl\/#organization"},"potentialAction":[{"@type":"SearchAction","target":{"@type":"EntryPoint","urlTemplate":"https:\/\/svijetopeke.com\/sl\/?s={search_term_string}"},"query-input":{"@type":"PropertyValueSpecification","valueRequired":true,"valueName":"search_term_string"}}],"inLanguage":"sl-SI"},{"@type":"Organization","@id":"https:\/\/svijetopeke.com\/sl\/#organization","name":"Svijet opeke","url":"https:\/\/svijetopeke.com\/sl\/","logo":{"@type":"ImageObject","inLanguage":"sl-SI","@id":"https:\/\/svijetopeke.com\/sl\/#\/schema\/logo\/image\/","url":"https:\/\/svijetopeke.com\/wp-content\/uploads\/web\/svijetopeke_logo_site_icon.png","contentUrl":"https:\/\/svijetopeke.com\/wp-content\/uploads\/web\/svijetopeke_logo_site_icon.png","width":1024,"height":1024,"caption":"Svijet opeke"},"image":{"@id":"https:\/\/svijetopeke.com\/sl\/#\/schema\/logo\/image\/"},"sameAs":["https:\/\/www.facebook.com\/svijetopeke\/","https:\/\/www.instagram.com\/svijetopeke\/"]}]}},"_links":{"self":[{"href":"https:\/\/svijetopeke.com\/sl\/wp-json\/wp\/v2\/pages\/30633","targetHints":{"allow":["GET"]}}],"collection":[{"href":"https:\/\/svijetopeke.com\/sl\/wp-json\/wp\/v2\/pages"}],"about":[{"href":"https:\/\/svijetopeke.com\/sl\/wp-json\/wp\/v2\/types\/page"}],"author":[{"embeddable":true,"href":"https:\/\/svijetopeke.com\/sl\/wp-json\/wp\/v2\/users\/1"}],"replies":[{"embeddable":true,"href":"https:\/\/svijetopeke.com\/sl\/wp-json\/wp\/v2\/comments?post=30633"}],"version-history":[{"count":2,"href":"https:\/\/svijetopeke.com\/sl\/wp-json\/wp\/v2\/pages\/30633\/revisions"}],"predecessor-version":[{"id":30635,"href":"https:\/\/svijetopeke.com\/sl\/wp-json\/wp\/v2\/pages\/30633\/revisions\/30635"}],"wp:attachment":[{"href":"https:\/\/svijetopeke.com\/sl\/wp-json\/wp\/v2\/media?parent=30633"}],"curies":[{"name":"wp","href":"https:\/\/api.w.org\/{rel}","templated":true}]}}