{"id":30683,"date":"2022-01-14T09:14:39","date_gmt":"2022-01-14T07:14:39","guid":{"rendered":"https:\/\/svijetopeke.com\/pribor-za-polaganje-opeke\/"},"modified":"2024-04-29T19:37:25","modified_gmt":"2024-04-29T17:37:25","slug":"pribor-za-polaganje-opeke","status":"publish","type":"page","link":"https:\/\/svijetopeke.com\/sl\/pribor-za-polaganje-opeke\/","title":{"rendered":"Pribor za polaganje opeke"},"content":{"rendered":"<p><div class=\"fusion-fullwidth fullwidth-box fusion-builder-row-1 fusion-flex-container hundred-percent-fullwidth non-hundred-percent-height-scrolling\" style=\"--awb-border-radius-top-left:0px;--awb-border-radius-top-right:0px;--awb-border-radius-bottom-right:0px;--awb-border-radius-bottom-left:0px;--awb-overflow:visible;--awb-flex-wrap:wrap;\" ><div class=\"fusion-builder-row fusion-row fusion-flex-align-items-center fusion-flex-justify-content-center fusion-flex-content-wrap\" style=\"width:104% !important;max-width:104% !important;margin-left: calc(-4% \/ 2 );margin-right: calc(-4% \/ 2 );\"><div class=\"fusion-layout-column fusion_builder_column fusion-builder-column-0 fusion_builder_column_1_2 1_2 fusion-flex-column\" style=\"--awb-bg-size:cover;--awb-width-large:50%;--awb-margin-top-large:0px;--awb-spacing-right-large:3.84%;--awb-margin-bottom-large:20px;--awb-spacing-left-large:3.84%;--awb-width-medium:50%;--awb-spacing-right-medium:3.84%;--awb-spacing-left-medium:3.84%;--awb-width-small:100%;--awb-spacing-right-small:1.92%;--awb-spacing-left-small:1.92%;\"><div class=\"fusion-column-wrapper fusion-flex-justify-content-flex-start fusion-content-layout-column\"><div class=\"fusion-text fusion-text-1\" style=\"--awb-text-transform:none;\"><p style=\"text-align: right;\"><strong>Joint`in<\/strong> efekt fuge<\/p>\n<p style=\"text-align: right;\">Fugirna masa Joint&#8217;In se uporablja za fugiranje slip zidakov do debeline fuge 2 cm.<\/p>\n<\/div><\/div><\/div><div class=\"fusion-layout-column fusion_builder_column fusion-builder-column-1 fusion_builder_column_1_2 1_2 fusion-flex-column\" style=\"--awb-bg-size:cover;--awb-width-large:50%;--awb-margin-top-large:0px;--awb-spacing-right-large:3.84%;--awb-margin-bottom-large:20px;--awb-spacing-left-large:3.84%;--awb-width-medium:50%;--awb-spacing-right-medium:3.84%;--awb-spacing-left-medium:3.84%;--awb-width-small:100%;--awb-spacing-right-small:1.92%;--awb-spacing-left-small:1.92%;\"><div class=\"fusion-column-wrapper fusion-flex-justify-content-flex-start fusion-content-layout-column\"><div class=\"fusion-image-element \" style=\"--awb-caption-title-font-family:var(--h2_typography-font-family);--awb-caption-title-font-weight:var(--h2_typography-font-weight);--awb-caption-title-font-style:var(--h2_typography-font-style);--awb-caption-title-size:var(--h2_typography-font-size);--awb-caption-title-transform:var(--h2_typography-text-transform);--awb-caption-title-line-height:var(--h2_typography-line-height);--awb-caption-title-letter-spacing:var(--h2_typography-letter-spacing);\"><span class=\" fusion-imageframe imageframe-none imageframe-1 hover-type-none\"><img decoding=\"async\" width=\"320\" height=\"155\" title=\"Joint In\" src=\"https:\/\/svijetopeke.com\/wp-content\/uploads\/web\/proizvodi\/dodaci\/slika11.jpg\" alt class=\"img-responsive wp-image-22029\" srcset=\"https:\/\/svijetopeke.com\/wp-content\/uploads\/web\/proizvodi\/dodaci\/slika11-200x97.jpg 200w, https:\/\/svijetopeke.com\/wp-content\/uploads\/web\/proizvodi\/dodaci\/slika11.jpg 320w\" sizes=\"(max-width: 640px) 100vw, 320px\" \/><\/span><\/div><\/div><\/div><div class=\"fusion-layout-column fusion_builder_column fusion-builder-column-2 fusion_builder_column_1_1 1_1 fusion-flex-column fusion-flex-align-self-flex-start fusion-column-no-min-height\" style=\"--awb-bg-size:cover;--awb-width-large:100%;--awb-margin-top-large:0px;--awb-spacing-right-large:1.92%;--awb-margin-bottom-large:0px;--awb-spacing-left-large:1.92%;--awb-width-medium:100%;--awb-spacing-right-medium:1.92%;--awb-spacing-left-medium:1.92%;--awb-width-small:100%;--awb-spacing-right-small:1.92%;--awb-spacing-left-small:1.92%;\"><div class=\"fusion-column-wrapper fusion-flex-justify-content-flex-start fusion-content-layout-column\"><div class=\"fusion-image-element \" style=\"text-align:center;--awb-margin-bottom:20px;--awb-caption-title-font-family:var(--h2_typography-font-family);--awb-caption-title-font-weight:var(--h2_typography-font-weight);--awb-caption-title-font-style:var(--h2_typography-font-style);--awb-caption-title-size:var(--h2_typography-font-size);--awb-caption-title-transform:var(--h2_typography-text-transform);--awb-caption-title-line-height:var(--h2_typography-line-height);--awb-caption-title-letter-spacing:var(--h2_typography-letter-spacing);\"><span class=\" fusion-imageframe imageframe-none imageframe-2 hover-type-none\"><a href=\"https:\/\/svijetopeke.com\/wp-content\/uploads\/web\/proizvodi\/dodaci\/fug2.jpg\" class=\"fusion-lightbox\" data-rel=\"iLightbox[2efdbaddbc048b5e8f7]\" data-title=\"fug2\" title=\"fug2\"><img decoding=\"async\" width=\"1100\" height=\"723\" src=\"https:\/\/svijetopeke.com\/wp-content\/uploads\/web\/proizvodi\/dodaci\/fug2.jpg\" alt class=\"img-responsive wp-image-22023\" srcset=\"https:\/\/svijetopeke.com\/wp-content\/uploads\/web\/proizvodi\/dodaci\/fug2-200x131.jpg 200w, https:\/\/svijetopeke.com\/wp-content\/uploads\/web\/proizvodi\/dodaci\/fug2-400x263.jpg 400w, https:\/\/svijetopeke.com\/wp-content\/uploads\/web\/proizvodi\/dodaci\/fug2-600x394.jpg 600w, https:\/\/svijetopeke.com\/wp-content\/uploads\/web\/proizvodi\/dodaci\/fug2-800x526.jpg 800w, https:\/\/svijetopeke.com\/wp-content\/uploads\/web\/proizvodi\/dodaci\/fug2.jpg 1100w\" sizes=\"(max-width: 640px) 100vw, 1100px\" \/><\/a><\/span><\/div><div class=\"fusion-text fusion-text-2\" style=\"--awb-text-transform:none;\"><p style=\"text-align: center;\">Joint\u00b4In fugirna masa je na voljo v osemnajstih osnovnih tonih. Mo\u017ena je izdelava spoja z barvo po \u017eelji.<\/p>\n<\/div><div class=\"fusion-image-element \" style=\"text-align:center;--awb-caption-title-font-family:var(--h2_typography-font-family);--awb-caption-title-font-weight:var(--h2_typography-font-weight);--awb-caption-title-font-style:var(--h2_typography-font-style);--awb-caption-title-size:var(--h2_typography-font-size);--awb-caption-title-transform:var(--h2_typography-text-transform);--awb-caption-title-line-height:var(--h2_typography-line-height);--awb-caption-title-letter-spacing:var(--h2_typography-letter-spacing);\"><span class=\" fusion-imageframe imageframe-none imageframe-3 hover-type-none\"><a href=\"https:\/\/svijetopeke.com\/wp-content\/uploads\/web\/proizvodi\/dodaci\/fug3.jpg\" class=\"fusion-lightbox\" data-rel=\"iLightbox[8b3ec75a6f2693c2900]\" data-title=\"fug3\" title=\"fug3\"><img decoding=\"async\" width=\"1100\" height=\"790\" src=\"https:\/\/svijetopeke.com\/wp-content\/uploads\/web\/proizvodi\/dodaci\/fug3.jpg\" alt class=\"img-responsive wp-image-22025\" srcset=\"https:\/\/svijetopeke.com\/wp-content\/uploads\/web\/proizvodi\/dodaci\/fug3-200x144.jpg 200w, https:\/\/svijetopeke.com\/wp-content\/uploads\/web\/proizvodi\/dodaci\/fug3-400x287.jpg 400w, https:\/\/svijetopeke.com\/wp-content\/uploads\/web\/proizvodi\/dodaci\/fug3-600x431.jpg 600w, https:\/\/svijetopeke.com\/wp-content\/uploads\/web\/proizvodi\/dodaci\/fug3-800x575.jpg 800w, https:\/\/svijetopeke.com\/wp-content\/uploads\/web\/proizvodi\/dodaci\/fug3.jpg 1100w\" sizes=\"(max-width: 640px) 100vw, 1100px\" \/><\/a><\/span><\/div><div class=\"fusion-separator fusion-full-width-sep\" style=\"align-self: center;margin-left: auto;margin-right: auto;margin-top:10px;margin-bottom:10px;width:100%;\"><div class=\"fusion-separator-border sep-double sep-solid\" style=\"--awb-height:20px;--awb-amount:20px;border-color:#e0dede;border-top-width:2px;border-bottom-width:2px;\"><\/div><\/div><\/div><\/div><div class=\"fusion-layout-column fusion_builder_column fusion-builder-column-3 fusion_builder_column_1_2 1_2 fusion-flex-column\" style=\"--awb-bg-size:cover;--awb-width-large:50%;--awb-margin-top-large:0px;--awb-spacing-right-large:3.84%;--awb-margin-bottom-large:20px;--awb-spacing-left-large:3.84%;--awb-width-medium:50%;--awb-spacing-right-medium:3.84%;--awb-spacing-left-medium:3.84%;--awb-width-small:100%;--awb-spacing-right-small:1.92%;--awb-spacing-left-small:1.92%;\"><div class=\"fusion-column-wrapper fusion-flex-justify-content-flex-start fusion-content-layout-column\"><div class=\"fusion-text fusion-text-3\" style=\"--awb-text-transform:none;\"><p style=\"text-align: right;\"><strong>Strasser KM 80<\/strong><\/p>\n<p style=\"text-align: right;\">Uporablja se za lepljenje slip zidakov v suhih in dolgotrajno mokrih pogojih. Primeren je za balkone, terase, lo\u017ee, stene in bazene, z uporabo v notranjih in zunanjih prostorih.<\/p>\n<\/div><\/div><\/div><div class=\"fusion-layout-column fusion_builder_column fusion-builder-column-4 fusion_builder_column_1_2 1_2 fusion-flex-column\" style=\"--awb-bg-size:cover;--awb-width-large:50%;--awb-margin-top-large:0px;--awb-spacing-right-large:3.84%;--awb-margin-bottom-large:20px;--awb-spacing-left-large:3.84%;--awb-width-medium:50%;--awb-spacing-right-medium:3.84%;--awb-spacing-left-medium:3.84%;--awb-width-small:100%;--awb-spacing-right-small:1.92%;--awb-spacing-left-small:1.92%;\"><div class=\"fusion-column-wrapper fusion-flex-justify-content-flex-start fusion-content-layout-column\"><div class=\"fusion-image-element \" style=\"--awb-caption-title-font-family:var(--h2_typography-font-family);--awb-caption-title-font-weight:var(--h2_typography-font-weight);--awb-caption-title-font-style:var(--h2_typography-font-style);--awb-caption-title-size:var(--h2_typography-font-size);--awb-caption-title-transform:var(--h2_typography-text-transform);--awb-caption-title-line-height:var(--h2_typography-line-height);--awb-caption-title-letter-spacing:var(--h2_typography-letter-spacing);\"><span class=\" fusion-imageframe imageframe-none imageframe-4 hover-type-none\"><img decoding=\"async\" width=\"320\" height=\"155\" title=\"Strasser KM 80\" src=\"https:\/\/svijetopeke.com\/wp-content\/uploads\/web\/proizvodi\/dodaci\/slika22.jpg\" alt class=\"img-responsive wp-image-22031\" srcset=\"https:\/\/svijetopeke.com\/wp-content\/uploads\/web\/proizvodi\/dodaci\/slika22-200x97.jpg 200w, https:\/\/svijetopeke.com\/wp-content\/uploads\/web\/proizvodi\/dodaci\/slika22.jpg 320w\" sizes=\"(max-width: 640px) 100vw, 320px\" \/><\/span><\/div><\/div><\/div><div class=\"fusion-layout-column fusion_builder_column fusion-builder-column-5 fusion_builder_column_1_1 1_1 fusion-flex-column fusion-flex-align-self-flex-start fusion-column-no-min-height\" style=\"--awb-bg-size:cover;--awb-width-large:100%;--awb-margin-top-large:0px;--awb-spacing-right-large:1.92%;--awb-margin-bottom-large:0px;--awb-spacing-left-large:1.92%;--awb-width-medium:100%;--awb-spacing-right-medium:1.92%;--awb-spacing-left-medium:1.92%;--awb-width-small:100%;--awb-spacing-right-small:1.92%;--awb-spacing-left-small:1.92%;\"><div class=\"fusion-column-wrapper fusion-flex-justify-content-flex-start fusion-content-layout-column\"><div class=\"fusion-image-element \" style=\"text-align:center;--awb-margin-bottom:20px;--awb-caption-title-font-family:var(--h2_typography-font-family);--awb-caption-title-font-weight:var(--h2_typography-font-weight);--awb-caption-title-font-style:var(--h2_typography-font-style);--awb-caption-title-size:var(--h2_typography-font-size);--awb-caption-title-transform:var(--h2_typography-text-transform);--awb-caption-title-line-height:var(--h2_typography-line-height);--awb-caption-title-letter-spacing:var(--h2_typography-letter-spacing);\"><span class=\" fusion-imageframe imageframe-none imageframe-5 hover-type-none\"><a href=\"https:\/\/svijetopeke.com\/wp-content\/uploads\/web\/proizvodi\/dodaci\/fug5.jpg\" class=\"fusion-lightbox\" data-rel=\"iLightbox[9b254d06f9253df0444]\" data-title=\"fug5\" title=\"fug5\"><img decoding=\"async\" width=\"1100\" height=\"723\" src=\"https:\/\/svijetopeke.com\/wp-content\/uploads\/web\/proizvodi\/dodaci\/fug5.jpg\" alt class=\"img-responsive wp-image-22027\" srcset=\"https:\/\/svijetopeke.com\/wp-content\/uploads\/web\/proizvodi\/dodaci\/fug5-200x131.jpg 200w, https:\/\/svijetopeke.com\/wp-content\/uploads\/web\/proizvodi\/dodaci\/fug5-400x263.jpg 400w, https:\/\/svijetopeke.com\/wp-content\/uploads\/web\/proizvodi\/dodaci\/fug5-600x394.jpg 600w, https:\/\/svijetopeke.com\/wp-content\/uploads\/web\/proizvodi\/dodaci\/fug5-800x526.jpg 800w, https:\/\/svijetopeke.com\/wp-content\/uploads\/web\/proizvodi\/dodaci\/fug5.jpg 1100w\" sizes=\"(max-width: 640px) 100vw, 1100px\" \/><\/a><\/span><\/div><div class=\"fusion-text fusion-text-4\" style=\"--awb-text-transform:none;\"><p>Za ostale pripomo\u010dke, ki se uporabljajo pri vgradnji zidakov, kot so mozniki, mre\u017ee, dilatacijske letve, EPS, razni aluminijasti profili in ostali potro\u0161ni material, nas kontaktirajte.<\/p>\n<\/div><div class=\"fusion-content-boxes content-boxes columns row fusion-columns-1 fusion-columns-total-1 fusion-content-boxes-1 content-boxes-icon-with-title content-left fusion-delayed-animation\" style=\"--awb-backgroundcolor:#f8f9fa;--awb-body-color:#6d6d6d;--awb-title-color:#0b0c11;--awb-iconcolor:#ffffff;--awb-margin-bottom:0px;--awb-hover-accent-color:#e11e24;--awb-circle-hover-accent-color:#e11e24;--awb-item-margin-bottom:40px;\" data-animation-delay=\"500\" data-animationOffset=\"top-into-view\"><div style=\"--awb-backgroundcolor:#f8f9fa;--awb-iconcolor:#ffffff;\" class=\"fusion-column content-box-column content-box-column content-box-column-1 col-lg-12 col-md-12 col-sm-12 fusion-content-box-hover content-box-column-last content-box-column-last-in-row\"><div class=\"col content-box-wrapper content-wrapper-background link-area-link-icon link-type-text icon-hover-animation-slide fusion-animated\" data-animationType=\"fadeInLeft\" data-animationDuration=\"2.0\" data-animationOffset=\"top-into-view\"><div class=\"heading heading-with-icon icon-left\"><a class=\"heading-link\" style=\"float:left;\" href=\"https:\/\/svijetopeke.com\/wp-content\/uploads\/web\/proizvodi\/dodaci\/f_strasser_km_80-uputstva.pdf\" target=\"_blank\" rel=\"noopener noreferrer\"><div class=\"icon\" style=\"-webkit-animation-duration: 500ms;animation-duration: 500ms;\"><i style=\"border-color:#212934;border-width:0px;background-color:var(--awb-color6);box-sizing:content-box;height:48px;width:48px;line-height:48px;border-radius:8px;font-size:24px;\" aria-hidden=\"true\" class=\"fontawesome-icon fa-file-pdf fas circle-yes\"><\/i><\/div><h3 class=\"content-box-heading fusion-responsive-typography-calculated\" style=\"--h3_typography-font-size:18px;--fontSize:18;line-height:1.2;\">Prenesite dokumentacijo o lepilu Strasser KM 80<\/h3><\/a><\/div><\/div><\/div><div class=\"fusion-clearfix\"><\/div><\/div><\/div><\/div><\/div><\/div><div class=\"fusion-fullwidth fullwidth-box fusion-builder-row-2 fusion-flex-container nonhundred-percent-fullwidth non-hundred-percent-height-scrolling\" style=\"--awb-border-radius-top-left:0px;--awb-border-radius-top-right:0px;--awb-border-radius-bottom-right:0px;--awb-border-radius-bottom-left:0px;--awb-flex-wrap:wrap;\" ><\/div><\/p>\n","protected":false},"excerpt":{"rendered":"","protected":false},"author":1,"featured_media":0,"parent":0,"menu_order":0,"comment_status":"closed","ping_status":"closed","template":"","meta":{"_seopress_robots_primary_cat":"","_seopress_titles_title":"","_seopress_titles_desc":"","_seopress_robots_index":"","footnotes":""},"class_list":["post-30683","page","type-page","status-publish","hentry"],"yoast_head":"<!-- This site is optimized with the Yoast SEO plugin v27.1.1 - https:\/\/yoast.com\/product\/yoast-seo-wordpress\/ -->\n<title>Pribor za polaganje opeke - Svijet opeke<\/title>\n<meta name=\"robots\" content=\"index, follow, max-snippet:-1, max-image-preview:large, max-video-preview:-1\" \/>\n<link rel=\"canonical\" href=\"https:\/\/svijetopeke.com\/sl\/pribor-za-polaganje-opeke\/\" \/>\n<meta property=\"og:locale\" content=\"sl_SI\" \/>\n<meta property=\"og:type\" content=\"article\" \/>\n<meta property=\"og:title\" content=\"Pribor za polaganje opeke - Svijet opeke\" \/>\n<meta property=\"og:url\" content=\"https:\/\/svijetopeke.com\/sl\/pribor-za-polaganje-opeke\/\" \/>\n<meta property=\"og:site_name\" content=\"Svijet opeke\" \/>\n<meta property=\"article:publisher\" content=\"https:\/\/www.facebook.com\/svijetopeke\/\" \/>\n<meta property=\"article:modified_time\" content=\"2024-04-29T17:37:25+00:00\" \/>\n<meta name=\"twitter:card\" content=\"summary_large_image\" \/>\n<meta name=\"twitter:label1\" content=\"Est. reading time\" \/>\n\t<meta name=\"twitter:data1\" content=\"14 minut\" \/>\n<script type=\"application\/ld+json\" class=\"yoast-schema-graph\">{\"@context\":\"https:\/\/schema.org\",\"@graph\":[{\"@type\":\"WebPage\",\"@id\":\"https:\/\/svijetopeke.com\/sl\/pribor-za-polaganje-opeke\/\",\"url\":\"https:\/\/svijetopeke.com\/sl\/pribor-za-polaganje-opeke\/\",\"name\":\"Pribor za polaganje opeke - Svijet opeke\",\"isPartOf\":{\"@id\":\"https:\/\/svijetopeke.com\/sl\/#website\"},\"datePublished\":\"2022-01-14T07:14:39+00:00\",\"dateModified\":\"2024-04-29T17:37:25+00:00\",\"breadcrumb\":{\"@id\":\"https:\/\/svijetopeke.com\/sl\/pribor-za-polaganje-opeke\/#breadcrumb\"},\"inLanguage\":\"sl-SI\",\"potentialAction\":[{\"@type\":\"ReadAction\",\"target\":[\"https:\/\/svijetopeke.com\/sl\/pribor-za-polaganje-opeke\/\"]}]},{\"@type\":\"BreadcrumbList\",\"@id\":\"https:\/\/svijetopeke.com\/sl\/pribor-za-polaganje-opeke\/#breadcrumb\",\"itemListElement\":[{\"@type\":\"ListItem\",\"position\":1,\"name\":\"Po\u010detna stranica\",\"item\":\"https:\/\/svijetopeke.com\/sl\/\"},{\"@type\":\"ListItem\",\"position\":2,\"name\":\"Pribor za polaganje opeke\"}]},{\"@type\":\"WebSite\",\"@id\":\"https:\/\/svijetopeke.com\/sl\/#website\",\"url\":\"https:\/\/svijetopeke.com\/sl\/\",\"name\":\"Svijet opeke\",\"description\":\"Najve\u0107i izbor opeke\",\"publisher\":{\"@id\":\"https:\/\/svijetopeke.com\/sl\/#organization\"},\"potentialAction\":[{\"@type\":\"SearchAction\",\"target\":{\"@type\":\"EntryPoint\",\"urlTemplate\":\"https:\/\/svijetopeke.com\/sl\/?s={search_term_string}\"},\"query-input\":{\"@type\":\"PropertyValueSpecification\",\"valueRequired\":true,\"valueName\":\"search_term_string\"}}],\"inLanguage\":\"sl-SI\"},{\"@type\":\"Organization\",\"@id\":\"https:\/\/svijetopeke.com\/sl\/#organization\",\"name\":\"Svijet opeke\",\"url\":\"https:\/\/svijetopeke.com\/sl\/\",\"logo\":{\"@type\":\"ImageObject\",\"inLanguage\":\"sl-SI\",\"@id\":\"https:\/\/svijetopeke.com\/sl\/#\/schema\/logo\/image\/\",\"url\":\"https:\/\/svijetopeke.com\/wp-content\/uploads\/web\/svijetopeke_logo_site_icon.png\",\"contentUrl\":\"https:\/\/svijetopeke.com\/wp-content\/uploads\/web\/svijetopeke_logo_site_icon.png\",\"width\":1024,\"height\":1024,\"caption\":\"Svijet opeke\"},\"image\":{\"@id\":\"https:\/\/svijetopeke.com\/sl\/#\/schema\/logo\/image\/\"},\"sameAs\":[\"https:\/\/www.facebook.com\/svijetopeke\/\",\"https:\/\/www.instagram.com\/svijetopeke\/\"]}]}<\/script>\n<!-- \/ Yoast SEO plugin. -->","yoast_head_json":{"title":"Pribor za polaganje opeke - Svijet opeke","robots":{"index":"index","follow":"follow","max-snippet":"max-snippet:-1","max-image-preview":"max-image-preview:large","max-video-preview":"max-video-preview:-1"},"canonical":"https:\/\/svijetopeke.com\/sl\/pribor-za-polaganje-opeke\/","og_locale":"sl_SI","og_type":"article","og_title":"Pribor za polaganje opeke - Svijet opeke","og_url":"https:\/\/svijetopeke.com\/sl\/pribor-za-polaganje-opeke\/","og_site_name":"Svijet opeke","article_publisher":"https:\/\/www.facebook.com\/svijetopeke\/","article_modified_time":"2024-04-29T17:37:25+00:00","twitter_card":"summary_large_image","twitter_misc":{"Est. reading time":"14 minut"},"schema":{"@context":"https:\/\/schema.org","@graph":[{"@type":"WebPage","@id":"https:\/\/svijetopeke.com\/sl\/pribor-za-polaganje-opeke\/","url":"https:\/\/svijetopeke.com\/sl\/pribor-za-polaganje-opeke\/","name":"Pribor za polaganje opeke - Svijet opeke","isPartOf":{"@id":"https:\/\/svijetopeke.com\/sl\/#website"},"datePublished":"2022-01-14T07:14:39+00:00","dateModified":"2024-04-29T17:37:25+00:00","breadcrumb":{"@id":"https:\/\/svijetopeke.com\/sl\/pribor-za-polaganje-opeke\/#breadcrumb"},"inLanguage":"sl-SI","potentialAction":[{"@type":"ReadAction","target":["https:\/\/svijetopeke.com\/sl\/pribor-za-polaganje-opeke\/"]}]},{"@type":"BreadcrumbList","@id":"https:\/\/svijetopeke.com\/sl\/pribor-za-polaganje-opeke\/#breadcrumb","itemListElement":[{"@type":"ListItem","position":1,"name":"Po\u010detna stranica","item":"https:\/\/svijetopeke.com\/sl\/"},{"@type":"ListItem","position":2,"name":"Pribor za polaganje opeke"}]},{"@type":"WebSite","@id":"https:\/\/svijetopeke.com\/sl\/#website","url":"https:\/\/svijetopeke.com\/sl\/","name":"Svijet opeke","description":"Najve\u0107i izbor opeke","publisher":{"@id":"https:\/\/svijetopeke.com\/sl\/#organization"},"potentialAction":[{"@type":"SearchAction","target":{"@type":"EntryPoint","urlTemplate":"https:\/\/svijetopeke.com\/sl\/?s={search_term_string}"},"query-input":{"@type":"PropertyValueSpecification","valueRequired":true,"valueName":"search_term_string"}}],"inLanguage":"sl-SI"},{"@type":"Organization","@id":"https:\/\/svijetopeke.com\/sl\/#organization","name":"Svijet opeke","url":"https:\/\/svijetopeke.com\/sl\/","logo":{"@type":"ImageObject","inLanguage":"sl-SI","@id":"https:\/\/svijetopeke.com\/sl\/#\/schema\/logo\/image\/","url":"https:\/\/svijetopeke.com\/wp-content\/uploads\/web\/svijetopeke_logo_site_icon.png","contentUrl":"https:\/\/svijetopeke.com\/wp-content\/uploads\/web\/svijetopeke_logo_site_icon.png","width":1024,"height":1024,"caption":"Svijet opeke"},"image":{"@id":"https:\/\/svijetopeke.com\/sl\/#\/schema\/logo\/image\/"},"sameAs":["https:\/\/www.facebook.com\/svijetopeke\/","https:\/\/www.instagram.com\/svijetopeke\/"]}]}},"_links":{"self":[{"href":"https:\/\/svijetopeke.com\/sl\/wp-json\/wp\/v2\/pages\/30683","targetHints":{"allow":["GET"]}}],"collection":[{"href":"https:\/\/svijetopeke.com\/sl\/wp-json\/wp\/v2\/pages"}],"about":[{"href":"https:\/\/svijetopeke.com\/sl\/wp-json\/wp\/v2\/types\/page"}],"author":[{"embeddable":true,"href":"https:\/\/svijetopeke.com\/sl\/wp-json\/wp\/v2\/users\/1"}],"replies":[{"embeddable":true,"href":"https:\/\/svijetopeke.com\/sl\/wp-json\/wp\/v2\/comments?post=30683"}],"version-history":[{"count":2,"href":"https:\/\/svijetopeke.com\/sl\/wp-json\/wp\/v2\/pages\/30683\/revisions"}],"predecessor-version":[{"id":30685,"href":"https:\/\/svijetopeke.com\/sl\/wp-json\/wp\/v2\/pages\/30683\/revisions\/30685"}],"wp:attachment":[{"href":"https:\/\/svijetopeke.com\/sl\/wp-json\/wp\/v2\/media?parent=30683"}],"curies":[{"name":"wp","href":"https:\/\/api.w.org\/{rel}","templated":true}]}}