{"id":30696,"date":"2022-01-17T08:35:59","date_gmt":"2022-01-17T06:35:59","guid":{"rendered":"https:\/\/svijetopeke.com\/izjava-o-zasebnosti-in-varnosti-podatkov\/"},"modified":"2024-04-30T07:21:32","modified_gmt":"2024-04-30T05:21:32","slug":"izjava-o-zasebnosti-in-varnosti-podatkov","status":"publish","type":"page","link":"https:\/\/svijetopeke.com\/sl\/izjava-o-zasebnosti-in-varnosti-podatkov\/","title":{"rendered":"Izjava o zasebnosti in varnosti podatkov"},"content":{"rendered":"<div class=\"fusion-fullwidth fullwidth-box fusion-builder-row-1 fusion-flex-container nonhundred-percent-fullwidth non-hundred-percent-height-scrolling\" style=\"--awb-border-radius-top-left:0px;--awb-border-radius-top-right:0px;--awb-border-radius-bottom-right:0px;--awb-border-radius-bottom-left:0px;--awb-flex-wrap:wrap;\" ><div class=\"fusion-builder-row fusion-row fusion-flex-align-items-flex-start fusion-flex-content-wrap\" style=\"max-width:1289.6px;margin-left: calc(-4% \/ 2 );margin-right: calc(-4% \/ 2 );\"><div class=\"fusion-layout-column fusion_builder_column fusion-builder-column-0 fusion_builder_column_1_1 1_1 fusion-flex-column\" style=\"--awb-bg-size:cover;--awb-width-large:100%;--awb-margin-top-large:0px;--awb-spacing-right-large:1.92%;--awb-margin-bottom-large:0px;--awb-spacing-left-large:1.92%;--awb-width-medium:100%;--awb-spacing-right-medium:1.92%;--awb-spacing-left-medium:1.92%;--awb-width-small:100%;--awb-spacing-right-small:1.92%;--awb-spacing-left-small:1.92%;\"><div class=\"fusion-column-wrapper fusion-flex-justify-content-flex-start fusion-content-layout-column\"><div class=\"fusion-text fusion-text-1\" style=\"--awb-text-transform:none;\"><h2>Izjava o zasebnosti in varnosti podatkov<\/h2>\n<p>Ta pravila dolo\u010dajo in urejajo, kako podjetje Boston d.o.o. uporablja in varuje vse podatke, ki mu jih posredujejo obiskovalci pri uporabi spletne strani svijetopeke.com.<\/p>\n<p>Osebni podatek je vsak podatek, ki se nana\u0161a na dolo\u010deno fizi\u010dno osebo ali dolo\u010dljivo fizi\u010dno osebo. Za osebne podatke se \u0161tejejo predvsem vsi podatki, ki se uporabljajo za ugotavljanje identitete obiskovalcev spletnega mesta svijetopeke.com (na primer ime in priimek, e-po\u0161tni naslov, naslov bivali\u0161\u010da ipd.).<\/p>\n<p>Obdelava osebnih podatkov je vsako dejanje ali niz dejanj, ki se izvajajo na osebnih podatkih, bodisi z avtomatskimi sredstvi ali ne, kot so zbiranje, bele\u017eenje, organizacija, shranjevanje, prilagajanje ali spreminjanje, umik, pregled, uporaba, razkritje s prenosom, objava ali kako druga\u010de. dajanje na voljo, razvr\u0161\u010danje ali zdru\u017eevanje, blokiranje, brisanje ali uni\u010denje ter izvajanje logi\u010dnih, matemati\u010dnih in drugih operacij s temi podatki.<\/p>\n<p>S samim dostopom do strani uporabnik sogla\u0161a, da Boston d.o.o. obdeluje njegove osebne podatke, ki jih je navedel v obrazcu za prijavo na prejemanje novic.<\/p>\n<p>Isti podatki se uporabljajo v informativne namene ter za namene promocije storitev in produktov podjetja Boston d.o.o.. Zavezuje se, da bo varoval zasebnost vseh registriranih obiskovalcev spletnega mesta in bo z njimi ravnal v skladu. z Zakonom o varstvu osebnih podatkov ali drugimi veljavnimi predpisi. Vseh zgoraj navedenih osebnih podatkov Boston d.o.o. ne sme nepoobla\u0161\u010deno uporabljati ali posredovati tretjim osebam, razen v primerih, ko to dovoljuje poseben zakon ali je potrebno za izpolnjevanje pogodbenih obveznosti. Vsi zaposleni Boston d.o.o., prostovoljci in poslovni partnerji so odgovorni za spo\u0161tovanje na\u010del varovanja zasebnosti.<\/p>\n<p>Vsi va\u0161i podatki, ki jih posredujete prostovoljno, bodo shranjeni v na\u0161i bazi uporabnikov. \u010ce opazite napako v svojih osebnih podatkih ali \u017eelite kaj spremeniti, nas kontaktirajte in va\u0161e podatke bomo nemudoma posodobili.<\/p>\n<p>V primeru, da ne \u017eelite, da Boston d.o.o. obdeluje va\u0161e podatke in zahtevate izbris istih podatkov, morate o tem Boston d.o.o. obvestiti po e-po\u0161ti na e-naslov info@svijetopeke.com.<\/p>\n<h3>Rok shranjevanja<\/h3>\n<p>Va\u0161e podatke hranimo do preteka 5 let, \u0161teto od izteka pogodbenega razmerja, razen tistih podatkov, za katere veljavni predpisi predpisujejo dalj\u0161i rok hrambe. Va\u0161i podatki se uporabljajo za namene neposrednega tr\u017eenja na podlagi zakonitega interesa do preteka 5 let od prenehanja pogodbenega razmerja, za podatke o uporabnikih pa 5 let po zbiranju, razen tistih podatkov, za katere veljavni predpisi predpisujejo dalj\u0161e obdobje skladi\u0161\u010denja. \u010ce obstaja soglasje za obdelavo v ogla\u0161evalske namene, ki se podalj\u0161a za obdobje po predpisanem roku, hranimo va\u0161e podatke do preklica soglasja.<\/p>\n<h3>Uporabni\u0161ke pravice<\/h3>\n<p>Uporabnik se sam odlo\u010di, katere podatke o sebi bo dal na voljo podjetju Boston d.o.o.. V primeru spremembe katerega od va\u0161ih osebnih podatkov nas o spremembi obvestite na info@svijetopeke.com, da lahko popravimo ali posodobimo va\u0161e osebne podatke.<br \/>\nObve\u0161\u010damo vas, da imate pravico, da dano soglasje kadarkoli v celoti ali delno prekli\u010dete tako, da o tem pisno obvestite Boston d.o.o. na naslov Zagreba\u010dka cesta 191, Zagreb ali elektronsko na info@svijetopeke.com. Poleg tega bomo ob prejemu izjave o preklicu soglasja pisno potrdili prejem, osebni podatki, ki jih zajema izjava o preklicu, pa se z dnem preklica soglasja ne bodo ve\u010d obdelovali. Upo\u0161tevajte, da bodo vse obdelave in\/ali prenosi, izvedeni do datuma preklica soglasja, \u0161e vedno pravno veljavni.<\/p>\n<p>Poleg pravice do preklica privolitve imajo uporabniki v skladu z veljavnimi predpisi o varstvu podatkov pravico do vpogleda in potrditve Boston d.o.o. v zvezi z osebnimi podatki, pravico do popravka, pravico do izbrisa (\u00bbpravica do pozabe\u00ab). ), pravico do omejitve obdelave, pravico do prenosljivosti podatkov in pravico do ugovora. Prav tako imajo uporabniki pravico vlo\u017eiti prito\u017ebo pri nadzornem organu za varstvo podatkov.<\/p>\n<p>\u010ce ste se odlo\u010dili, da svojih podatkov ne \u017eelite deliti, upo\u0161tevajte, da morda ne boste mogli dostopati do nekaterih delov spletne strani. Uporabniki, ki se odlo\u010dijo, da ne \u017eelijo ve\u010d prejemati na\u0161ih storitev, se lahko od prejemanja obvestil odjavijo tako, da se odjavijo z na\u0161ega spletnega mesta, tako da po\u0161ljejo obvestilo po e-po\u0161ti na info@svijetopeke.com.<\/p>\n<h3>Avtomatizirana obdelava<\/h3>\n<p>Upo\u0161tevajte, da se nekateri podatki (npr. vrsta internetnega brskalnika, ki ga uporabljate, \u0161tevilo obiskov, povpre\u010den \u010das, pre\u017eivet na straneh, ogledane vsebine, itd.) samodejno obdelujejo, ko dostopate do spletnih strani Boston d.o.o.. Zgornji podatki se uporabljajo za namene ocenjevanja privla\u010dnosti na\u0161e spletne strani. Upo\u0161tevajte, da ima uporabnik pravico, da zanj ne velja odlo\u010ditev, ki temelji izklju\u010dno na avtomatizirani obdelavi, razen \u010de je taka odlo\u010ditev potrebna za sklenitev ali izvr\u0161itev pogodbe med uporabnikom in Boston d.o.o., ki jo dovoljuje hrva\u0161ko pravo ali pravo Unije ali na podlagi izrecnega soglasja uporabnika.<\/p>\n<h3>Povezave do drugih strani<\/h3>\n<p>Ta politika zasebnosti velja za doma\u010do stran Boston d.o.o., ki lahko vsebuje povezave do drugih ponudnikov storitev in niso zajete v tej politiki zasebnosti. Ob zapu\u0161\u010danju spletne strani Boston d.o.o. vas prosimo, da se seznanite s politiko zasebnosti na vsaki spletni strani, ki zbira osebne podatke.<\/p>\n<h3>Obve\u0161\u010danje o spremembah in kontakt<\/h3>\n<p>Vse spremembe na\u0161e politike zasebnosti bodo objavljene na doma\u010di strani in na drugih mestih, ki se bodo zdela primerna. \u010ce imate kakr\u0161na koli vpra\u0161anja v zvezi z izjavo o zasebnosti, se obrnite na nas na e-mail: info@svijetopeke.com.<\/p>\n<h3>Politika pi\u0161kotkov<\/h3>\n<p>Da bi to spletno mesto delovalo pravilno, da bi ga lahko \u0161e izbolj\u0161ali, da bi izbolj\u0161ali va\u0161o izku\u0161njo brskanja, mora to spletno mesto na va\u0161 ra\u010dunalnik shraniti majhno koli\u010dino informacij (pi\u0161kotke). Ve\u010d kot 90% vseh spletnih strani uporablja to prakso, vendar po predpisih Evropske unije od 25.3.2011. pred shranjevanjem pi\u0161kotkov vas moramo vpra\u0161ati za soglasje. Z uporabo spletne strani se strinjate z uporabo pi\u0161kotkov. \u010ce blokirate pi\u0161kotke, lahko \u0161e vedno brskate po spletnem mestu, vendar vam nekatere njegove funkcije ne bodo na voljo.<\/p>\n<h3>Kaj je pi\u0161kotek?<\/h3>\n<p>Pi\u0161kotek je informacija, ki jo spletno mesto, ki ga obi\u0161\u010dete, shrani v va\u0161 ra\u010dunalnik. Pi\u0161kotki obi\u010dajno shranijo va\u0161e nastavitve, nastavitve za spletno stran, kot je va\u0161 \u017eeleni jezik ali naslov. Kasneje, ko znova odprete isto spletno stran, internetni brskalnik po\u0161lje nazaj pi\u0161kotke, ki pripadajo tej strani. To spletnemu mestu omogo\u010da prikaz informacij, prilagojenih va\u0161im potrebam. Pi\u0161kotki lahko shranijo \u0161iroko paleto informacij, vklju\u010dno z osebnimi podatki (kot je va\u0161e ime ali e-po\u0161tni naslov). Te podatke pa je mogo\u010de shraniti le, \u010de vi to dovolite \u2013 spletna mesta ne morejo dobiti dostopa do informacij, ki jim jih niste posredovali, in ne morejo dostopati do drugih datotek v va\u0161em ra\u010dunalniku. Privzete dejavnosti shranjevanja in po\u0161iljanja pi\u0161kotkov vam niso vidne. Lahko pa spremenite nastavitve internetnega brskalnika tako, da sami izbirate, ali \u017eelite odobriti ali zavrniti zahteve za shranjevanje pi\u0161kotkov, samodejno izbrisati shranjene pi\u0161kotke, ko zaprete spletni brskalnik in podobno.<\/p>\n<h3>Kako onemogo\u010diti pi\u0161kotke<\/h3>\n<p>Z izklopom pi\u0161kotkov se odlo\u010dite, ali \u017eelite dovoliti shranjevanje pi\u0161kotkov na va\u0161em ra\u010dunalniku. Nastavitve pi\u0161kotkov lahko nadzirate in konfigurirate v svojem spletnem brskalniku. Za informacije o nastavitvah pi\u0161kotkov izberite spletni brskalnik, ki ga uporabljate. \u010ce onemogo\u010dite pi\u0161kotke, ne boste mogli uporabljati nekaterih funkcionalnosti na spletnih straneh.<br \/>\nKaj so za\u010dasni pi\u0161kotki<\/p>\n<p>Za\u010dasni ali sejni pi\u0161kotki se odstranijo iz ra\u010dunalnika, ko zaprete spletni brskalnik. Spletna mesta jih uporabljajo za shranjevanje za\u010dasnih podatkov, kot so izdelki v nakupovalnem vozi\u010dku.<\/p>\n<h3>Kaj so trajni pi\u0161kotki?<\/h3>\n<p>Trajni ali shranjeni pi\u0161kotki ostanejo na ra\u010dunalniku tudi po zaprtju programa internetnega brskalnika. Z njimi spletna mesta shranjujejo podatke, kot sta va\u0161e prijavno ime in geslo, tako da se vam ni treba prijaviti vsaki\u010d, ko obi\u0161\u010dete dolo\u010deno spletno mesto. Trajni pi\u0161kotki ostanejo na va\u0161em ra\u010dunalniku dneve, mesece, celo leta.<\/p>\n<h3>Kaj so lastni pi\u0161kotki?<\/h3>\n<p>Pi\u0161kotki prve osebe prihajajo s spletnega mesta, ki si ga ogledujete, in so lahko trajni ali za\u010dasni. S temi pi\u0161kotki lahko spletna mesta shranijo informacije, ki jih bodo ponovno uporabila, ko naslednji\u010d obi\u0161\u010dete to spletno mesto.<\/p>\n<h3>Kaj so pi\u0161kotki tretjih oseb?<\/h3>\n<p>Pi\u0161kotki tretjih oseb prihajajo iz oglasov z drugih spletnih mest (kot so pojavni ali drugi oglasi), ki so name\u0161\u010deni na spletnem mestu, ki si ga ogledujete. S temi pi\u0161kotki lahko spletna mesta spremljajo uporabo interneta za namene tr\u017eenja. Nastavitve zasebnosti v ve\u010dini sodobnih brskalnikov omogo\u010dajo blokiranje pi\u0161kotkov tretjih oseb.<\/p>\n<h3>Ali svijetopeke.com uporablja pi\u0161kotke?<\/h3>\n<p>Da, s primarnim ciljem, da vam na\u0161a spletna mesta omogo\u010dijo bolj\u0161o uporabni\u0161ko izku\u0161njo. Uporabljajo se tudi za sledenje statistike obiskovalcev: pi\u0161kotki zbirajo informacije o interakcijah obiskovalcev na na\u0161ih spletnih mestih. Uporabljajo se za shranjevanje drugih podatkov, povezanih z dejavnostjo uporabnikov. Za normalno delovanje spletnega programa: pi\u0161kotki se uporabljajo za normalno delovanje dolo\u010denih funkcij spletnega mesta, ki uporabnikom olaj\u0161ajo dostop do vsebin.<\/p>\n<h3>Kako onemogo\u010diti pi\u0161kotke?<\/h3>\n<p>Z izklopom pi\u0161kotkov se odlo\u010dite, ali boste dovolili njihovo shranjevanje na va\u0161em ra\u010dunalniku. Nastavitve lahko nadzirate in spreminjate v spletnem brskalniku. \u010ce onemogo\u010dite pi\u0161kotke, ne boste mogli uporabljati dolo\u010denih funkcionalnosti spletne strani.<\/p>\n<h3>Uporaba storitev Google Analytics in Google AdWords<\/h3>\n<p>Uporabljamo standardne funkcije Google Analytics in dodatne ogla\u0161evalske funkcije, vklju\u010dno z:<br \/>\nPonovno tr\u017eenje preko Google Analytics<br \/>\nPoro\u010danje o prikazih v Google Prikaznem omre\u017eju<br \/>\nGoogle Analytics poro\u010da o demografskih podatkih in zanimanjih<\/p>\n<p>Uporabniki lahko onemogo\u010dijo ogla\u0161evalske funkcije Google Analytics s strani<\/p>\n<p>http:\/\/www.google.com\/ads\/preferences\/ (Upravljanje va\u0161im Google oglasima), i \/ ili kori\u0161tenjem https:\/\/tools.google.com\/dlpage\/gaoptout\/ (dodatka za onemogu\u0107avanje Google analitike).<\/p>\n<p>Za spletno ogla\u0161evanje uporabljamo tudi orodje Google AdWords Remarketing. Orodje za ponovno tr\u017eenje AdWords bo prikazalo ustrezne oglase glede na dele spletnega mesta Zepter, ki ste jih obiskali, in tako shranilo &#8220;pi\u0161kotek&#8221; v va\u0161 ra\u010dunalnik. Ta &#8220;pi\u0161kotek&#8221; vas na noben na\u010din ne identificira ali omogo\u010da dostop do va\u0161ega ra\u010dunalnika. Ponovno tr\u017eenje Google AdWords nam omogo\u010da, da zagotovimo prilagojeno tr\u017eenje, ki bo bolje ustrezalo va\u0161im potrebam in prikazuje samo oglase, ki so za vas ustrezni. \u010ce ne \u017eelite sodelovati pri ponovnem tr\u017eenju Google AdWords, se lahko odjavite tako, da obi\u0161\u010dete Google Izklju\u010di prikazovanje prilagojenih oglasov.<\/p>\n<p>Ve\u010d informacij dobite na naslednjih povezavah:<br \/>\nhttp:\/\/www.allaboutcookies.org\/<br \/>\nhttp:\/\/www.youronlinechoices.eu\/<\/p>\n<\/div><\/div><\/div><\/div><\/div>\n","protected":false},"excerpt":{"rendered":"","protected":false},"author":1,"featured_media":0,"parent":0,"menu_order":0,"comment_status":"closed","ping_status":"closed","template":"","meta":{"_seopress_robots_primary_cat":"","_seopress_titles_title":"","_seopress_titles_desc":"","_seopress_robots_index":"","footnotes":""},"class_list":["post-30696","page","type-page","status-publish","hentry"],"yoast_head":"<!-- This site is optimized with the Yoast SEO plugin v27.1.1 - https:\/\/yoast.com\/product\/yoast-seo-wordpress\/ -->\n<title>Izjava o zasebnosti in varnosti podatkov - Svijet opeke<\/title>\n<meta name=\"robots\" content=\"index, follow, max-snippet:-1, max-image-preview:large, max-video-preview:-1\" \/>\n<link rel=\"canonical\" href=\"https:\/\/svijetopeke.com\/sl\/izjava-o-zasebnosti-in-varnosti-podatkov\/\" \/>\n<meta property=\"og:locale\" content=\"sl_SI\" \/>\n<meta property=\"og:type\" content=\"article\" \/>\n<meta property=\"og:title\" content=\"Izjava o zasebnosti in varnosti podatkov - Svijet opeke\" \/>\n<meta property=\"og:url\" content=\"https:\/\/svijetopeke.com\/sl\/izjava-o-zasebnosti-in-varnosti-podatkov\/\" \/>\n<meta property=\"og:site_name\" content=\"Svijet opeke\" \/>\n<meta property=\"article:publisher\" content=\"https:\/\/www.facebook.com\/svijetopeke\/\" \/>\n<meta property=\"article:modified_time\" content=\"2024-04-30T05:21:32+00:00\" \/>\n<meta name=\"twitter:card\" content=\"summary_large_image\" \/>\n<meta name=\"twitter:label1\" content=\"Est. reading time\" \/>\n\t<meta name=\"twitter:data1\" content=\"10 minut\" \/>\n<script type=\"application\/ld+json\" class=\"yoast-schema-graph\">{\"@context\":\"https:\/\/schema.org\",\"@graph\":[{\"@type\":\"WebPage\",\"@id\":\"https:\/\/svijetopeke.com\/sl\/izjava-o-zasebnosti-in-varnosti-podatkov\/\",\"url\":\"https:\/\/svijetopeke.com\/sl\/izjava-o-zasebnosti-in-varnosti-podatkov\/\",\"name\":\"Izjava o zasebnosti in varnosti podatkov - Svijet opeke\",\"isPartOf\":{\"@id\":\"https:\/\/svijetopeke.com\/sl\/#website\"},\"datePublished\":\"2022-01-17T06:35:59+00:00\",\"dateModified\":\"2024-04-30T05:21:32+00:00\",\"breadcrumb\":{\"@id\":\"https:\/\/svijetopeke.com\/sl\/izjava-o-zasebnosti-in-varnosti-podatkov\/#breadcrumb\"},\"inLanguage\":\"sl-SI\",\"potentialAction\":[{\"@type\":\"ReadAction\",\"target\":[\"https:\/\/svijetopeke.com\/sl\/izjava-o-zasebnosti-in-varnosti-podatkov\/\"]}]},{\"@type\":\"BreadcrumbList\",\"@id\":\"https:\/\/svijetopeke.com\/sl\/izjava-o-zasebnosti-in-varnosti-podatkov\/#breadcrumb\",\"itemListElement\":[{\"@type\":\"ListItem\",\"position\":1,\"name\":\"Po\u010detna stranica\",\"item\":\"https:\/\/svijetopeke.com\/sl\/\"},{\"@type\":\"ListItem\",\"position\":2,\"name\":\"Izjava o zasebnosti in varnosti podatkov\"}]},{\"@type\":\"WebSite\",\"@id\":\"https:\/\/svijetopeke.com\/sl\/#website\",\"url\":\"https:\/\/svijetopeke.com\/sl\/\",\"name\":\"Svijet opeke\",\"description\":\"Najve\u0107i izbor opeke\",\"publisher\":{\"@id\":\"https:\/\/svijetopeke.com\/sl\/#organization\"},\"potentialAction\":[{\"@type\":\"SearchAction\",\"target\":{\"@type\":\"EntryPoint\",\"urlTemplate\":\"https:\/\/svijetopeke.com\/sl\/?s={search_term_string}\"},\"query-input\":{\"@type\":\"PropertyValueSpecification\",\"valueRequired\":true,\"valueName\":\"search_term_string\"}}],\"inLanguage\":\"sl-SI\"},{\"@type\":\"Organization\",\"@id\":\"https:\/\/svijetopeke.com\/sl\/#organization\",\"name\":\"Svijet opeke\",\"url\":\"https:\/\/svijetopeke.com\/sl\/\",\"logo\":{\"@type\":\"ImageObject\",\"inLanguage\":\"sl-SI\",\"@id\":\"https:\/\/svijetopeke.com\/sl\/#\/schema\/logo\/image\/\",\"url\":\"https:\/\/svijetopeke.com\/wp-content\/uploads\/web\/svijetopeke_logo_site_icon.png\",\"contentUrl\":\"https:\/\/svijetopeke.com\/wp-content\/uploads\/web\/svijetopeke_logo_site_icon.png\",\"width\":1024,\"height\":1024,\"caption\":\"Svijet opeke\"},\"image\":{\"@id\":\"https:\/\/svijetopeke.com\/sl\/#\/schema\/logo\/image\/\"},\"sameAs\":[\"https:\/\/www.facebook.com\/svijetopeke\/\",\"https:\/\/www.instagram.com\/svijetopeke\/\"]}]}<\/script>\n<!-- \/ Yoast SEO plugin. -->","yoast_head_json":{"title":"Izjava o zasebnosti in varnosti podatkov - Svijet opeke","robots":{"index":"index","follow":"follow","max-snippet":"max-snippet:-1","max-image-preview":"max-image-preview:large","max-video-preview":"max-video-preview:-1"},"canonical":"https:\/\/svijetopeke.com\/sl\/izjava-o-zasebnosti-in-varnosti-podatkov\/","og_locale":"sl_SI","og_type":"article","og_title":"Izjava o zasebnosti in varnosti podatkov - Svijet opeke","og_url":"https:\/\/svijetopeke.com\/sl\/izjava-o-zasebnosti-in-varnosti-podatkov\/","og_site_name":"Svijet opeke","article_publisher":"https:\/\/www.facebook.com\/svijetopeke\/","article_modified_time":"2024-04-30T05:21:32+00:00","twitter_card":"summary_large_image","twitter_misc":{"Est. reading time":"10 minut"},"schema":{"@context":"https:\/\/schema.org","@graph":[{"@type":"WebPage","@id":"https:\/\/svijetopeke.com\/sl\/izjava-o-zasebnosti-in-varnosti-podatkov\/","url":"https:\/\/svijetopeke.com\/sl\/izjava-o-zasebnosti-in-varnosti-podatkov\/","name":"Izjava o zasebnosti in varnosti podatkov - Svijet opeke","isPartOf":{"@id":"https:\/\/svijetopeke.com\/sl\/#website"},"datePublished":"2022-01-17T06:35:59+00:00","dateModified":"2024-04-30T05:21:32+00:00","breadcrumb":{"@id":"https:\/\/svijetopeke.com\/sl\/izjava-o-zasebnosti-in-varnosti-podatkov\/#breadcrumb"},"inLanguage":"sl-SI","potentialAction":[{"@type":"ReadAction","target":["https:\/\/svijetopeke.com\/sl\/izjava-o-zasebnosti-in-varnosti-podatkov\/"]}]},{"@type":"BreadcrumbList","@id":"https:\/\/svijetopeke.com\/sl\/izjava-o-zasebnosti-in-varnosti-podatkov\/#breadcrumb","itemListElement":[{"@type":"ListItem","position":1,"name":"Po\u010detna stranica","item":"https:\/\/svijetopeke.com\/sl\/"},{"@type":"ListItem","position":2,"name":"Izjava o zasebnosti in varnosti podatkov"}]},{"@type":"WebSite","@id":"https:\/\/svijetopeke.com\/sl\/#website","url":"https:\/\/svijetopeke.com\/sl\/","name":"Svijet opeke","description":"Najve\u0107i izbor opeke","publisher":{"@id":"https:\/\/svijetopeke.com\/sl\/#organization"},"potentialAction":[{"@type":"SearchAction","target":{"@type":"EntryPoint","urlTemplate":"https:\/\/svijetopeke.com\/sl\/?s={search_term_string}"},"query-input":{"@type":"PropertyValueSpecification","valueRequired":true,"valueName":"search_term_string"}}],"inLanguage":"sl-SI"},{"@type":"Organization","@id":"https:\/\/svijetopeke.com\/sl\/#organization","name":"Svijet opeke","url":"https:\/\/svijetopeke.com\/sl\/","logo":{"@type":"ImageObject","inLanguage":"sl-SI","@id":"https:\/\/svijetopeke.com\/sl\/#\/schema\/logo\/image\/","url":"https:\/\/svijetopeke.com\/wp-content\/uploads\/web\/svijetopeke_logo_site_icon.png","contentUrl":"https:\/\/svijetopeke.com\/wp-content\/uploads\/web\/svijetopeke_logo_site_icon.png","width":1024,"height":1024,"caption":"Svijet opeke"},"image":{"@id":"https:\/\/svijetopeke.com\/sl\/#\/schema\/logo\/image\/"},"sameAs":["https:\/\/www.facebook.com\/svijetopeke\/","https:\/\/www.instagram.com\/svijetopeke\/"]}]}},"_links":{"self":[{"href":"https:\/\/svijetopeke.com\/sl\/wp-json\/wp\/v2\/pages\/30696","targetHints":{"allow":["GET"]}}],"collection":[{"href":"https:\/\/svijetopeke.com\/sl\/wp-json\/wp\/v2\/pages"}],"about":[{"href":"https:\/\/svijetopeke.com\/sl\/wp-json\/wp\/v2\/types\/page"}],"author":[{"embeddable":true,"href":"https:\/\/svijetopeke.com\/sl\/wp-json\/wp\/v2\/users\/1"}],"replies":[{"embeddable":true,"href":"https:\/\/svijetopeke.com\/sl\/wp-json\/wp\/v2\/comments?post=30696"}],"version-history":[{"count":2,"href":"https:\/\/svijetopeke.com\/sl\/wp-json\/wp\/v2\/pages\/30696\/revisions"}],"predecessor-version":[{"id":30698,"href":"https:\/\/svijetopeke.com\/sl\/wp-json\/wp\/v2\/pages\/30696\/revisions\/30698"}],"wp:attachment":[{"href":"https:\/\/svijetopeke.com\/sl\/wp-json\/wp\/v2\/media?parent=30696"}],"curies":[{"name":"wp","href":"https:\/\/api.w.org\/{rel}","templated":true}]}}