{"id":19089,"date":"2024-02-09T10:47:05","date_gmt":"2024-02-09T08:47:05","guid":{"rendered":"https:\/\/svijetopeke.com\/?post_type=product&#038;p=19089"},"modified":"2024-02-11T23:04:54","modified_gmt":"2024-02-11T21:04:54","slug":"13-golden-autumn","status":"publish","type":"product","link":"https:\/\/svijetopeke.com\/sl\/proizvod\/13-golden-autumn\/","title":{"rendered":"13 Golden autumn"},"content":{"rendered":"\t                <ul class=\"easy-image-gallery thumbnails-5 linked\">\r\n                    <li><a rel=\"prettyPhoto[group-768]\" href=\"https:\/\/svijetopeke.com\/wp-content\/uploads\/13-Golden-autumn-fuga-tamnosiva.jpg\" class=\"eig-popup\" title=\"\" data-caption=\"\" target=\"_blank\"><i class=\"icon-view\"><\/i><span class=\"overlay\"><\/span><img decoding=\"async\" width=\"150\" height=\"150\" src=\"https:\/\/svijetopeke.com\/wp-content\/uploads\/13-Golden-autumn-fuga-tamnosiva-150x150.jpg\" class=\"attachment-thumbnail size-thumbnail\" alt=\"\" srcset=\"https:\/\/svijetopeke.com\/wp-content\/uploads\/13-Golden-autumn-fuga-tamnosiva-66x66.jpg 66w, https:\/\/svijetopeke.com\/wp-content\/uploads\/13-Golden-autumn-fuga-tamnosiva-150x150.jpg 150w, https:\/\/svijetopeke.com\/wp-content\/uploads\/13-Golden-autumn-fuga-tamnosiva-200x199.jpg 200w, https:\/\/svijetopeke.com\/wp-content\/uploads\/13-Golden-autumn-fuga-tamnosiva-260x260.jpg 260w, https:\/\/svijetopeke.com\/wp-content\/uploads\/13-Golden-autumn-fuga-tamnosiva-300x300.jpg 300w, https:\/\/svijetopeke.com\/wp-content\/uploads\/13-Golden-autumn-fuga-tamnosiva-400x398.jpg 400w, https:\/\/svijetopeke.com\/wp-content\/uploads\/13-Golden-autumn-fuga-tamnosiva-600x598.jpg 600w, https:\/\/svijetopeke.com\/wp-content\/uploads\/13-Golden-autumn-fuga-tamnosiva-768x765.jpg 768w, https:\/\/svijetopeke.com\/wp-content\/uploads\/13-Golden-autumn-fuga-tamnosiva-800x797.jpg 800w, https:\/\/svijetopeke.com\/wp-content\/uploads\/13-Golden-autumn-fuga-tamnosiva.jpg 1024w\" sizes=\"(max-width: 150px) 100vw, 150px\" \/><\/a><\/li><li><a rel=\"prettyPhoto[group-768]\" href=\"https:\/\/svijetopeke.com\/wp-content\/uploads\/13-Golden-autumn-fuga-siva.jpg\" class=\"eig-popup\" title=\"\" data-caption=\"\" target=\"_blank\"><i class=\"icon-view\"><\/i><span class=\"overlay\"><\/span><img decoding=\"async\" width=\"150\" height=\"150\" src=\"https:\/\/svijetopeke.com\/wp-content\/uploads\/13-Golden-autumn-fuga-siva-150x150.jpg\" class=\"attachment-thumbnail size-thumbnail\" alt=\"\" srcset=\"https:\/\/svijetopeke.com\/wp-content\/uploads\/13-Golden-autumn-fuga-siva-66x66.jpg 66w, https:\/\/svijetopeke.com\/wp-content\/uploads\/13-Golden-autumn-fuga-siva-150x150.jpg 150w, https:\/\/svijetopeke.com\/wp-content\/uploads\/13-Golden-autumn-fuga-siva-200x199.jpg 200w, https:\/\/svijetopeke.com\/wp-content\/uploads\/13-Golden-autumn-fuga-siva-260x260.jpg 260w, https:\/\/svijetopeke.com\/wp-content\/uploads\/13-Golden-autumn-fuga-siva-300x300.jpg 300w, https:\/\/svijetopeke.com\/wp-content\/uploads\/13-Golden-autumn-fuga-siva-400x398.jpg 400w, https:\/\/svijetopeke.com\/wp-content\/uploads\/13-Golden-autumn-fuga-siva-600x598.jpg 600w, https:\/\/svijetopeke.com\/wp-content\/uploads\/13-Golden-autumn-fuga-siva-768x765.jpg 768w, https:\/\/svijetopeke.com\/wp-content\/uploads\/13-Golden-autumn-fuga-siva-800x797.jpg 800w, https:\/\/svijetopeke.com\/wp-content\/uploads\/13-Golden-autumn-fuga-siva.jpg 1024w\" sizes=\"(max-width: 150px) 100vw, 150px\" \/><\/a><\/li><li><a rel=\"prettyPhoto[group-768]\" href=\"https:\/\/svijetopeke.com\/wp-content\/uploads\/13-Golden-autumn-fuga-bijela.jpg\" class=\"eig-popup\" title=\"\" data-caption=\"\" target=\"_blank\"><i class=\"icon-view\"><\/i><span class=\"overlay\"><\/span><img decoding=\"async\" width=\"150\" height=\"150\" src=\"https:\/\/svijetopeke.com\/wp-content\/uploads\/13-Golden-autumn-fuga-bijela-150x150.jpg\" class=\"attachment-thumbnail size-thumbnail\" alt=\"\" srcset=\"https:\/\/svijetopeke.com\/wp-content\/uploads\/13-Golden-autumn-fuga-bijela-66x66.jpg 66w, https:\/\/svijetopeke.com\/wp-content\/uploads\/13-Golden-autumn-fuga-bijela-150x150.jpg 150w, https:\/\/svijetopeke.com\/wp-content\/uploads\/13-Golden-autumn-fuga-bijela-200x199.jpg 200w, https:\/\/svijetopeke.com\/wp-content\/uploads\/13-Golden-autumn-fuga-bijela-260x260.jpg 260w, https:\/\/svijetopeke.com\/wp-content\/uploads\/13-Golden-autumn-fuga-bijela-300x300.jpg 300w, https:\/\/svijetopeke.com\/wp-content\/uploads\/13-Golden-autumn-fuga-bijela-400x398.jpg 400w, https:\/\/svijetopeke.com\/wp-content\/uploads\/13-Golden-autumn-fuga-bijela-600x598.jpg 600w, https:\/\/svijetopeke.com\/wp-content\/uploads\/13-Golden-autumn-fuga-bijela-768x765.jpg 768w, https:\/\/svijetopeke.com\/wp-content\/uploads\/13-Golden-autumn-fuga-bijela-800x797.jpg 800w, https:\/\/svijetopeke.com\/wp-content\/uploads\/13-Golden-autumn-fuga-bijela.jpg 1024w\" sizes=\"(max-width: 150px) 100vw, 150px\" \/><\/a><\/li><li><a rel=\"prettyPhoto[group-768]\" href=\"https:\/\/svijetopeke.com\/wp-content\/uploads\/13-Golden-autumn-fuga-beige.jpg\" class=\"eig-popup\" title=\"\" data-caption=\"\" target=\"_blank\"><i class=\"icon-view\"><\/i><span class=\"overlay\"><\/span><img decoding=\"async\" width=\"150\" height=\"150\" src=\"https:\/\/svijetopeke.com\/wp-content\/uploads\/13-Golden-autumn-fuga-beige-150x150.jpg\" class=\"attachment-thumbnail size-thumbnail\" alt=\"\" srcset=\"https:\/\/svijetopeke.com\/wp-content\/uploads\/13-Golden-autumn-fuga-beige-66x66.jpg 66w, https:\/\/svijetopeke.com\/wp-content\/uploads\/13-Golden-autumn-fuga-beige-150x150.jpg 150w, https:\/\/svijetopeke.com\/wp-content\/uploads\/13-Golden-autumn-fuga-beige-200x199.jpg 200w, https:\/\/svijetopeke.com\/wp-content\/uploads\/13-Golden-autumn-fuga-beige-260x260.jpg 260w, https:\/\/svijetopeke.com\/wp-content\/uploads\/13-Golden-autumn-fuga-beige-300x300.jpg 300w, https:\/\/svijetopeke.com\/wp-content\/uploads\/13-Golden-autumn-fuga-beige-400x398.jpg 400w, https:\/\/svijetopeke.com\/wp-content\/uploads\/13-Golden-autumn-fuga-beige-600x598.jpg 600w, https:\/\/svijetopeke.com\/wp-content\/uploads\/13-Golden-autumn-fuga-beige-768x765.jpg 768w, https:\/\/svijetopeke.com\/wp-content\/uploads\/13-Golden-autumn-fuga-beige-800x797.jpg 800w, https:\/\/svijetopeke.com\/wp-content\/uploads\/13-Golden-autumn-fuga-beige.jpg 1024w\" sizes=\"(max-width: 150px) 100vw, 150px\" \/><\/a><\/li><li><a rel=\"prettyPhoto[group-768]\" href=\"https:\/\/svijetopeke.com\/wp-content\/uploads\/13-Golden-autumn-fuga-antracit.jpg\" class=\"eig-popup\" title=\"\" data-caption=\"\" target=\"_blank\"><i class=\"icon-view\"><\/i><span class=\"overlay\"><\/span><img decoding=\"async\" width=\"150\" height=\"150\" src=\"https:\/\/svijetopeke.com\/wp-content\/uploads\/13-Golden-autumn-fuga-antracit-150x150.jpg\" class=\"attachment-thumbnail size-thumbnail\" alt=\"\" srcset=\"https:\/\/svijetopeke.com\/wp-content\/uploads\/13-Golden-autumn-fuga-antracit-66x66.jpg 66w, https:\/\/svijetopeke.com\/wp-content\/uploads\/13-Golden-autumn-fuga-antracit-150x150.jpg 150w, https:\/\/svijetopeke.com\/wp-content\/uploads\/13-Golden-autumn-fuga-antracit-200x199.jpg 200w, https:\/\/svijetopeke.com\/wp-content\/uploads\/13-Golden-autumn-fuga-antracit-260x260.jpg 260w, https:\/\/svijetopeke.com\/wp-content\/uploads\/13-Golden-autumn-fuga-antracit-300x300.jpg 300w, https:\/\/svijetopeke.com\/wp-content\/uploads\/13-Golden-autumn-fuga-antracit-400x398.jpg 400w, https:\/\/svijetopeke.com\/wp-content\/uploads\/13-Golden-autumn-fuga-antracit-600x598.jpg 600w, https:\/\/svijetopeke.com\/wp-content\/uploads\/13-Golden-autumn-fuga-antracit-768x765.jpg 768w, https:\/\/svijetopeke.com\/wp-content\/uploads\/13-Golden-autumn-fuga-antracit-800x797.jpg 800w, https:\/\/svijetopeke.com\/wp-content\/uploads\/13-Golden-autumn-fuga-antracit.jpg 1024w\" sizes=\"(max-width: 150px) 100vw, 150px\" \/><\/a><\/li><\/ul>\n","protected":false},"excerpt":{"rendered":"<p>Tehni\u010dke karakteristike, cetifikate, i dodatne informacije potra\u017eite na slu\u017ebenim web stranicama <a href=\"https:\/\/kingklinker.com\/en\/products\/golden-autumn-en\" target=\"_blank\" rel=\"noopener\">proizvo\u0111a\u010da<\/a>.<\/p>\n","protected":false},"featured_media":18855,"template":"","meta":{"_seopress_robots_primary_cat":"none","_seopress_titles_title":"","_seopress_titles_desc":"","_seopress_robots_index":""},"product_brand":[],"product_cat":[208],"product_tag":[],"class_list":{"0":"post-19089","1":"product","2":"type-product","3":"status-publish","4":"has-post-thumbnail","6":"product_cat-king-klinker","7":"pa_boja-tamno-smeda","8":"pa_dimenzije-nf","9":"pa_dimenzije-rf","10":"pa_dodatna-boja-bez","11":"pa_povrsina-glatka","12":"pa_proizvodac-king-klinker","13":"pa_tip-visebojna","14":"pa_vrsta-opeke-dream-house","16":"first","17":"instock","18":"shipping-taxable","19":"product-type-simple"},"yoast_head":"<!-- This site is optimized with the Yoast SEO plugin v27.1.1 - https:\/\/yoast.com\/product\/yoast-seo-wordpress\/ -->\n<title>13 Golden autumn - Svijet opeke<\/title>\n<meta name=\"robots\" content=\"index, follow, max-snippet:-1, max-image-preview:large, max-video-preview:-1\" \/>\n<link rel=\"canonical\" href=\"https:\/\/svijetopeke.com\/sl\/proizvod\/13-golden-autumn\/\" \/>\n<meta property=\"og:locale\" content=\"sl_SI\" \/>\n<meta property=\"og:type\" content=\"article\" \/>\n<meta property=\"og:title\" content=\"13 Golden autumn - Svijet opeke\" \/>\n<meta property=\"og:description\" content=\"Tehni\u010dke karakteristike, cetifikate, i dodatne informacije potra\u017eite na slu\u017ebenim web stranicama proizvo\u0111a\u010da.\" \/>\n<meta property=\"og:url\" content=\"https:\/\/svijetopeke.com\/sl\/proizvod\/13-golden-autumn\/\" \/>\n<meta property=\"og:site_name\" content=\"Svijet opeke\" \/>\n<meta property=\"article:publisher\" content=\"https:\/\/www.facebook.com\/svijetopeke\/\" \/>\n<meta property=\"article:modified_time\" content=\"2024-02-11T21:04:54+00:00\" \/>\n<meta property=\"og:image\" content=\"https:\/\/svijetopeke.com\/wp-content\/uploads\/13-Golden-autumn-naslovna.jpg\" \/>\n\t<meta property=\"og:image:width\" content=\"1500\" \/>\n\t<meta property=\"og:image:height\" content=\"668\" \/>\n\t<meta property=\"og:image:type\" content=\"image\/jpeg\" \/>\n<meta name=\"twitter:card\" content=\"summary_large_image\" \/>\n<script type=\"application\/ld+json\" class=\"yoast-schema-graph\">{\"@context\":\"https:\/\/schema.org\",\"@graph\":[{\"@type\":\"WebPage\",\"@id\":\"https:\/\/svijetopeke.com\/sl\/proizvod\/13-golden-autumn\/\",\"url\":\"https:\/\/svijetopeke.com\/sl\/proizvod\/13-golden-autumn\/\",\"name\":\"13 Golden autumn - Svijet opeke\",\"isPartOf\":{\"@id\":\"https:\/\/svijetopeke.com\/sl\/#website\"},\"primaryImageOfPage\":{\"@id\":\"https:\/\/svijetopeke.com\/sl\/proizvod\/13-golden-autumn\/#primaryimage\"},\"image\":{\"@id\":\"https:\/\/svijetopeke.com\/sl\/proizvod\/13-golden-autumn\/#primaryimage\"},\"thumbnailUrl\":\"https:\/\/svijetopeke.com\/wp-content\/uploads\/13-Golden-autumn-naslovna.jpg\",\"datePublished\":\"2024-02-09T08:47:05+00:00\",\"dateModified\":\"2024-02-11T21:04:54+00:00\",\"breadcrumb\":{\"@id\":\"https:\/\/svijetopeke.com\/sl\/proizvod\/13-golden-autumn\/#breadcrumb\"},\"inLanguage\":\"sl-SI\",\"potentialAction\":[{\"@type\":\"ReadAction\",\"target\":[\"https:\/\/svijetopeke.com\/sl\/proizvod\/13-golden-autumn\/\"]}]},{\"@type\":\"ImageObject\",\"inLanguage\":\"sl-SI\",\"@id\":\"https:\/\/svijetopeke.com\/sl\/proizvod\/13-golden-autumn\/#primaryimage\",\"url\":\"https:\/\/svijetopeke.com\/wp-content\/uploads\/13-Golden-autumn-naslovna.jpg\",\"contentUrl\":\"https:\/\/svijetopeke.com\/wp-content\/uploads\/13-Golden-autumn-naslovna.jpg\",\"width\":1500,\"height\":668},{\"@type\":\"BreadcrumbList\",\"@id\":\"https:\/\/svijetopeke.com\/sl\/proizvod\/13-golden-autumn\/#breadcrumb\",\"itemListElement\":[{\"@type\":\"ListItem\",\"position\":1,\"name\":\"Po\u010detna stranica\",\"item\":\"https:\/\/svijetopeke.com\/sl\/\"},{\"@type\":\"ListItem\",\"position\":2,\"name\":\"Shop\",\"item\":\"https:\/\/svijetopeke.com\/sl\/shop\/\"},{\"@type\":\"ListItem\",\"position\":3,\"name\":\"13 Golden autumn\"}]},{\"@type\":\"WebSite\",\"@id\":\"https:\/\/svijetopeke.com\/sl\/#website\",\"url\":\"https:\/\/svijetopeke.com\/sl\/\",\"name\":\"Svijet opeke\",\"description\":\"Najve\u0107i izbor opeke\",\"publisher\":{\"@id\":\"https:\/\/svijetopeke.com\/sl\/#organization\"},\"potentialAction\":[{\"@type\":\"SearchAction\",\"target\":{\"@type\":\"EntryPoint\",\"urlTemplate\":\"https:\/\/svijetopeke.com\/sl\/?s={search_term_string}\"},\"query-input\":{\"@type\":\"PropertyValueSpecification\",\"valueRequired\":true,\"valueName\":\"search_term_string\"}}],\"inLanguage\":\"sl-SI\"},{\"@type\":\"Organization\",\"@id\":\"https:\/\/svijetopeke.com\/sl\/#organization\",\"name\":\"Svijet opeke\",\"url\":\"https:\/\/svijetopeke.com\/sl\/\",\"logo\":{\"@type\":\"ImageObject\",\"inLanguage\":\"sl-SI\",\"@id\":\"https:\/\/svijetopeke.com\/sl\/#\/schema\/logo\/image\/\",\"url\":\"https:\/\/svijetopeke.com\/wp-content\/uploads\/web\/svijetopeke_logo_site_icon.png\",\"contentUrl\":\"https:\/\/svijetopeke.com\/wp-content\/uploads\/web\/svijetopeke_logo_site_icon.png\",\"width\":1024,\"height\":1024,\"caption\":\"Svijet opeke\"},\"image\":{\"@id\":\"https:\/\/svijetopeke.com\/sl\/#\/schema\/logo\/image\/\"},\"sameAs\":[\"https:\/\/www.facebook.com\/svijetopeke\/\",\"https:\/\/www.instagram.com\/svijetopeke\/\"]}]}<\/script>\n<!-- \/ Yoast SEO plugin. -->","yoast_head_json":{"title":"13 Golden autumn - Svijet opeke","robots":{"index":"index","follow":"follow","max-snippet":"max-snippet:-1","max-image-preview":"max-image-preview:large","max-video-preview":"max-video-preview:-1"},"canonical":"https:\/\/svijetopeke.com\/sl\/proizvod\/13-golden-autumn\/","og_locale":"sl_SI","og_type":"article","og_title":"13 Golden autumn - Svijet opeke","og_description":"Tehni\u010dke karakteristike, cetifikate, i dodatne informacije potra\u017eite na slu\u017ebenim web stranicama proizvo\u0111a\u010da.","og_url":"https:\/\/svijetopeke.com\/sl\/proizvod\/13-golden-autumn\/","og_site_name":"Svijet opeke","article_publisher":"https:\/\/www.facebook.com\/svijetopeke\/","article_modified_time":"2024-02-11T21:04:54+00:00","og_image":[{"width":1500,"height":668,"url":"https:\/\/svijetopeke.com\/wp-content\/uploads\/13-Golden-autumn-naslovna.jpg","type":"image\/jpeg"}],"twitter_card":"summary_large_image","schema":{"@context":"https:\/\/schema.org","@graph":[{"@type":"WebPage","@id":"https:\/\/svijetopeke.com\/sl\/proizvod\/13-golden-autumn\/","url":"https:\/\/svijetopeke.com\/sl\/proizvod\/13-golden-autumn\/","name":"13 Golden autumn - Svijet opeke","isPartOf":{"@id":"https:\/\/svijetopeke.com\/sl\/#website"},"primaryImageOfPage":{"@id":"https:\/\/svijetopeke.com\/sl\/proizvod\/13-golden-autumn\/#primaryimage"},"image":{"@id":"https:\/\/svijetopeke.com\/sl\/proizvod\/13-golden-autumn\/#primaryimage"},"thumbnailUrl":"https:\/\/svijetopeke.com\/wp-content\/uploads\/13-Golden-autumn-naslovna.jpg","datePublished":"2024-02-09T08:47:05+00:00","dateModified":"2024-02-11T21:04:54+00:00","breadcrumb":{"@id":"https:\/\/svijetopeke.com\/sl\/proizvod\/13-golden-autumn\/#breadcrumb"},"inLanguage":"sl-SI","potentialAction":[{"@type":"ReadAction","target":["https:\/\/svijetopeke.com\/sl\/proizvod\/13-golden-autumn\/"]}]},{"@type":"ImageObject","inLanguage":"sl-SI","@id":"https:\/\/svijetopeke.com\/sl\/proizvod\/13-golden-autumn\/#primaryimage","url":"https:\/\/svijetopeke.com\/wp-content\/uploads\/13-Golden-autumn-naslovna.jpg","contentUrl":"https:\/\/svijetopeke.com\/wp-content\/uploads\/13-Golden-autumn-naslovna.jpg","width":1500,"height":668},{"@type":"BreadcrumbList","@id":"https:\/\/svijetopeke.com\/sl\/proizvod\/13-golden-autumn\/#breadcrumb","itemListElement":[{"@type":"ListItem","position":1,"name":"Po\u010detna stranica","item":"https:\/\/svijetopeke.com\/sl\/"},{"@type":"ListItem","position":2,"name":"Shop","item":"https:\/\/svijetopeke.com\/sl\/shop\/"},{"@type":"ListItem","position":3,"name":"13 Golden autumn"}]},{"@type":"WebSite","@id":"https:\/\/svijetopeke.com\/sl\/#website","url":"https:\/\/svijetopeke.com\/sl\/","name":"Svijet opeke","description":"Najve\u0107i izbor opeke","publisher":{"@id":"https:\/\/svijetopeke.com\/sl\/#organization"},"potentialAction":[{"@type":"SearchAction","target":{"@type":"EntryPoint","urlTemplate":"https:\/\/svijetopeke.com\/sl\/?s={search_term_string}"},"query-input":{"@type":"PropertyValueSpecification","valueRequired":true,"valueName":"search_term_string"}}],"inLanguage":"sl-SI"},{"@type":"Organization","@id":"https:\/\/svijetopeke.com\/sl\/#organization","name":"Svijet opeke","url":"https:\/\/svijetopeke.com\/sl\/","logo":{"@type":"ImageObject","inLanguage":"sl-SI","@id":"https:\/\/svijetopeke.com\/sl\/#\/schema\/logo\/image\/","url":"https:\/\/svijetopeke.com\/wp-content\/uploads\/web\/svijetopeke_logo_site_icon.png","contentUrl":"https:\/\/svijetopeke.com\/wp-content\/uploads\/web\/svijetopeke_logo_site_icon.png","width":1024,"height":1024,"caption":"Svijet opeke"},"image":{"@id":"https:\/\/svijetopeke.com\/sl\/#\/schema\/logo\/image\/"},"sameAs":["https:\/\/www.facebook.com\/svijetopeke\/","https:\/\/www.instagram.com\/svijetopeke\/"]}]}},"_links":{"self":[{"href":"https:\/\/svijetopeke.com\/sl\/wp-json\/wp\/v2\/product\/19089","targetHints":{"allow":["GET"]}}],"collection":[{"href":"https:\/\/svijetopeke.com\/sl\/wp-json\/wp\/v2\/product"}],"about":[{"href":"https:\/\/svijetopeke.com\/sl\/wp-json\/wp\/v2\/types\/product"}],"wp:featuredmedia":[{"embeddable":true,"href":"https:\/\/svijetopeke.com\/sl\/wp-json\/wp\/v2\/media\/18855"}],"wp:attachment":[{"href":"https:\/\/svijetopeke.com\/sl\/wp-json\/wp\/v2\/media?parent=19089"}],"wp:term":[{"taxonomy":"product_brand","embeddable":true,"href":"https:\/\/svijetopeke.com\/sl\/wp-json\/wp\/v2\/product_brand?post=19089"},{"taxonomy":"product_cat","embeddable":true,"href":"https:\/\/svijetopeke.com\/sl\/wp-json\/wp\/v2\/product_cat?post=19089"},{"taxonomy":"product_tag","embeddable":true,"href":"https:\/\/svijetopeke.com\/sl\/wp-json\/wp\/v2\/product_tag?post=19089"}],"curies":[{"name":"wp","href":"https:\/\/api.w.org\/{rel}","templated":true}]}}