{"id":30451,"date":"2022-01-10T13:02:21","date_gmt":"2022-01-10T13:02:21","guid":{"rendered":"https:\/\/svijetopeke.com\/proizvod\/freya\/"},"modified":"2022-01-10T13:02:21","modified_gmt":"2022-01-10T13:02:21","slug":"freya","status":"publish","type":"product","link":"https:\/\/svijetopeke.com\/sl\/proizvod\/freya\/","title":{"rendered":"Freya"},"content":{"rendered":"\t                <ul class=\"easy-image-gallery thumbnails-5 linked\">\r\n                    <li><a rel=\"prettyPhoto[group-562]\" href=\"https:\/\/svijetopeke.com\/wp-content\/uploads\/proizvodi\/vandersanden-fasadna\/freya\/freya-fuga-suhozid.jpg\" class=\"eig-popup\" title=\"Freya fuga suhozid\" data-caption=\"Freya fuga suhozid\" target=\"_blank\"><i class=\"icon-view\"><\/i><span class=\"overlay\"><\/span><img decoding=\"async\" width=\"150\" height=\"150\" src=\"https:\/\/svijetopeke.com\/wp-content\/uploads\/proizvodi\/vandersanden-fasadna\/freya\/freya-fuga-suhozid-150x150.jpg\" class=\"attachment-thumbnail size-thumbnail\" alt=\"\" srcset=\"https:\/\/svijetopeke.com\/wp-content\/uploads\/proizvodi\/vandersanden-fasadna\/freya\/freya-fuga-suhozid-66x66.jpg 66w, https:\/\/svijetopeke.com\/wp-content\/uploads\/proizvodi\/vandersanden-fasadna\/freya\/freya-fuga-suhozid-150x150.jpg 150w, https:\/\/svijetopeke.com\/wp-content\/uploads\/proizvodi\/vandersanden-fasadna\/freya\/freya-fuga-suhozid-200x200.jpg 200w, https:\/\/svijetopeke.com\/wp-content\/uploads\/proizvodi\/vandersanden-fasadna\/freya\/freya-fuga-suhozid-260x260.jpg 260w, https:\/\/svijetopeke.com\/wp-content\/uploads\/proizvodi\/vandersanden-fasadna\/freya\/freya-fuga-suhozid-300x300.jpg 300w\" sizes=\"(max-width: 150px) 100vw, 150px\" \/><\/a><\/li><li><a rel=\"prettyPhoto[group-562]\" href=\"https:\/\/svijetopeke.com\/wp-content\/uploads\/proizvodi\/vandersanden-fasadna\/freya\/freya-fuga-siva.jpg\" class=\"eig-popup\" title=\"Freya fuga siva\" data-caption=\"Freya fuga siva\" target=\"_blank\"><i class=\"icon-view\"><\/i><span class=\"overlay\"><\/span><img decoding=\"async\" width=\"150\" height=\"150\" src=\"https:\/\/svijetopeke.com\/wp-content\/uploads\/proizvodi\/vandersanden-fasadna\/freya\/freya-fuga-siva-150x150.jpg\" class=\"attachment-thumbnail size-thumbnail\" alt=\"\" srcset=\"https:\/\/svijetopeke.com\/wp-content\/uploads\/proizvodi\/vandersanden-fasadna\/freya\/freya-fuga-siva-66x66.jpg 66w, https:\/\/svijetopeke.com\/wp-content\/uploads\/proizvodi\/vandersanden-fasadna\/freya\/freya-fuga-siva-150x150.jpg 150w, https:\/\/svijetopeke.com\/wp-content\/uploads\/proizvodi\/vandersanden-fasadna\/freya\/freya-fuga-siva-200x200.jpg 200w, https:\/\/svijetopeke.com\/wp-content\/uploads\/proizvodi\/vandersanden-fasadna\/freya\/freya-fuga-siva-260x260.jpg 260w, https:\/\/svijetopeke.com\/wp-content\/uploads\/proizvodi\/vandersanden-fasadna\/freya\/freya-fuga-siva-300x300.jpg 300w\" sizes=\"(max-width: 150px) 100vw, 150px\" \/><\/a><\/li><li><a rel=\"prettyPhoto[group-562]\" href=\"https:\/\/svijetopeke.com\/wp-content\/uploads\/proizvodi\/vandersanden-fasadna\/freya\/freya-fuga-bijela.jpg\" class=\"eig-popup\" title=\"Freya fuga bijela\" data-caption=\"Freya fuga bijela\" target=\"_blank\"><i class=\"icon-view\"><\/i><span class=\"overlay\"><\/span><img decoding=\"async\" width=\"150\" height=\"150\" src=\"https:\/\/svijetopeke.com\/wp-content\/uploads\/proizvodi\/vandersanden-fasadna\/freya\/freya-fuga-bijela-150x150.jpg\" class=\"attachment-thumbnail size-thumbnail\" alt=\"\" srcset=\"https:\/\/svijetopeke.com\/wp-content\/uploads\/proizvodi\/vandersanden-fasadna\/freya\/freya-fuga-bijela-66x66.jpg 66w, https:\/\/svijetopeke.com\/wp-content\/uploads\/proizvodi\/vandersanden-fasadna\/freya\/freya-fuga-bijela-150x150.jpg 150w, https:\/\/svijetopeke.com\/wp-content\/uploads\/proizvodi\/vandersanden-fasadna\/freya\/freya-fuga-bijela-200x200.jpg 200w, https:\/\/svijetopeke.com\/wp-content\/uploads\/proizvodi\/vandersanden-fasadna\/freya\/freya-fuga-bijela-260x260.jpg 260w, https:\/\/svijetopeke.com\/wp-content\/uploads\/proizvodi\/vandersanden-fasadna\/freya\/freya-fuga-bijela-300x300.jpg 300w\" sizes=\"(max-width: 150px) 100vw, 150px\" \/><\/a><\/li><li><a rel=\"prettyPhoto[group-562]\" href=\"https:\/\/svijetopeke.com\/wp-content\/uploads\/proizvodi\/vandersanden-fasadna\/freya\/freya-fuga-beige.jpg\" class=\"eig-popup\" title=\"Freya fuga beige\" data-caption=\"Freya fuga beige\" target=\"_blank\"><i class=\"icon-view\"><\/i><span class=\"overlay\"><\/span><img decoding=\"async\" width=\"150\" height=\"150\" src=\"https:\/\/svijetopeke.com\/wp-content\/uploads\/proizvodi\/vandersanden-fasadna\/freya\/freya-fuga-beige-150x150.jpg\" class=\"attachment-thumbnail size-thumbnail\" alt=\"\" srcset=\"https:\/\/svijetopeke.com\/wp-content\/uploads\/proizvodi\/vandersanden-fasadna\/freya\/freya-fuga-beige-66x66.jpg 66w, https:\/\/svijetopeke.com\/wp-content\/uploads\/proizvodi\/vandersanden-fasadna\/freya\/freya-fuga-beige-150x150.jpg 150w, https:\/\/svijetopeke.com\/wp-content\/uploads\/proizvodi\/vandersanden-fasadna\/freya\/freya-fuga-beige-200x200.jpg 200w, https:\/\/svijetopeke.com\/wp-content\/uploads\/proizvodi\/vandersanden-fasadna\/freya\/freya-fuga-beige-260x260.jpg 260w, https:\/\/svijetopeke.com\/wp-content\/uploads\/proizvodi\/vandersanden-fasadna\/freya\/freya-fuga-beige-300x300.jpg 300w\" sizes=\"(max-width: 150px) 100vw, 150px\" \/><\/a><\/li><li><a rel=\"prettyPhoto[group-562]\" href=\"https:\/\/svijetopeke.com\/wp-content\/uploads\/proizvodi\/vandersanden-fasadna\/freya\/freya-fuga-antracit.jpg\" class=\"eig-popup\" title=\"Freya fuga antracit\" data-caption=\"Freya fuga antracit\" target=\"_blank\"><i class=\"icon-view\"><\/i><span class=\"overlay\"><\/span><img decoding=\"async\" width=\"150\" height=\"150\" src=\"https:\/\/svijetopeke.com\/wp-content\/uploads\/proizvodi\/vandersanden-fasadna\/freya\/freya-fuga-antracit-150x150.jpg\" class=\"attachment-thumbnail size-thumbnail\" alt=\"\" srcset=\"https:\/\/svijetopeke.com\/wp-content\/uploads\/proizvodi\/vandersanden-fasadna\/freya\/freya-fuga-antracit-66x66.jpg 66w, https:\/\/svijetopeke.com\/wp-content\/uploads\/proizvodi\/vandersanden-fasadna\/freya\/freya-fuga-antracit-150x150.jpg 150w, https:\/\/svijetopeke.com\/wp-content\/uploads\/proizvodi\/vandersanden-fasadna\/freya\/freya-fuga-antracit-200x200.jpg 200w, https:\/\/svijetopeke.com\/wp-content\/uploads\/proizvodi\/vandersanden-fasadna\/freya\/freya-fuga-antracit-260x260.jpg 260w, https:\/\/svijetopeke.com\/wp-content\/uploads\/proizvodi\/vandersanden-fasadna\/freya\/freya-fuga-antracit-300x300.jpg 300w\" sizes=\"(max-width: 150px) 100vw, 150px\" \/><\/a><\/li><\/ul>\n","protected":false},"excerpt":{"rendered":"<p>Tehni\u010dke karakteristike, cetifikate, i dodatne informacije potra\u017eite na slu\u017ebenim web stranicama <a href=\"https:\/\/www.vandersanden.com\/en\/products-and-solutions\/freya\" target=\"_blank\" rel=\"noopener\">proizvo\u0111a\u010da<\/a>.<\/p>\n","protected":false},"featured_media":22325,"template":"","meta":{"_seopress_robots_primary_cat":"","_seopress_titles_title":"","_seopress_titles_desc":"","_seopress_robots_index":""},"product_brand":[],"product_cat":[267],"product_tag":[],"class_list":{"0":"post-30451","1":"product","2":"type-product","3":"status-publish","4":"has-post-thumbnail","6":"product_cat-vandersanden-sl","7":"pa_boja-rumena","8":"pa_dimenzije-wf-sl","9":"pa_dodatna-boja-bela-sl","10":"pa_dodatna-boja-siva-sl","11":"pa_povrsina-waterstruck-sl","12":"pa_proizvodac-vandersanden-sl-2","13":"pa_tip-vecbarvna","14":"pa_vrsta-opeke-polna-opeka","15":"pa_vrsta-opeke-slip-opeka-sl","17":"first","18":"instock","19":"shipping-taxable","20":"product-type-simple"},"yoast_head":"<!-- This site is optimized with the Yoast SEO plugin v27.1.1 - https:\/\/yoast.com\/product\/yoast-seo-wordpress\/ -->\n<title>Freya - Svijet opeke<\/title>\n<meta name=\"robots\" content=\"index, follow, max-snippet:-1, max-image-preview:large, max-video-preview:-1\" \/>\n<link rel=\"canonical\" href=\"https:\/\/svijetopeke.com\/sl\/proizvod\/freya\/\" \/>\n<meta property=\"og:locale\" content=\"sl_SI\" \/>\n<meta property=\"og:type\" content=\"article\" \/>\n<meta property=\"og:title\" content=\"Freya - Svijet opeke\" \/>\n<meta property=\"og:description\" content=\"Tehni\u010dke karakteristike, cetifikate, i dodatne informacije potra\u017eite na slu\u017ebenim web stranicama proizvo\u0111a\u010da.\" \/>\n<meta property=\"og:url\" content=\"https:\/\/svijetopeke.com\/sl\/proizvod\/freya\/\" \/>\n<meta property=\"og:site_name\" content=\"Svijet opeke\" \/>\n<meta property=\"article:publisher\" content=\"https:\/\/www.facebook.com\/svijetopeke\/\" \/>\n<meta property=\"og:image\" content=\"https:\/\/svijetopeke.com\/wp-content\/uploads\/proizvodi\/vandersanden-fasadna\/freya\/freya.jpg\" \/>\n\t<meta property=\"og:image:width\" content=\"1286\" \/>\n\t<meta property=\"og:image:height\" content=\"1080\" \/>\n\t<meta property=\"og:image:type\" content=\"image\/jpeg\" \/>\n<meta name=\"twitter:card\" content=\"summary_large_image\" \/>\n<script type=\"application\/ld+json\" class=\"yoast-schema-graph\">{\"@context\":\"https:\/\/schema.org\",\"@graph\":[{\"@type\":\"WebPage\",\"@id\":\"https:\/\/svijetopeke.com\/sl\/proizvod\/freya\/\",\"url\":\"https:\/\/svijetopeke.com\/sl\/proizvod\/freya\/\",\"name\":\"Freya - Svijet opeke\",\"isPartOf\":{\"@id\":\"https:\/\/svijetopeke.com\/sl\/#website\"},\"primaryImageOfPage\":{\"@id\":\"https:\/\/svijetopeke.com\/sl\/proizvod\/freya\/#primaryimage\"},\"image\":{\"@id\":\"https:\/\/svijetopeke.com\/sl\/proizvod\/freya\/#primaryimage\"},\"thumbnailUrl\":\"https:\/\/svijetopeke.com\/wp-content\/uploads\/proizvodi\/vandersanden-fasadna\/freya\/freya.jpg\",\"datePublished\":\"2022-01-10T13:02:21+00:00\",\"breadcrumb\":{\"@id\":\"https:\/\/svijetopeke.com\/sl\/proizvod\/freya\/#breadcrumb\"},\"inLanguage\":\"sl-SI\",\"potentialAction\":[{\"@type\":\"ReadAction\",\"target\":[\"https:\/\/svijetopeke.com\/sl\/proizvod\/freya\/\"]}]},{\"@type\":\"ImageObject\",\"inLanguage\":\"sl-SI\",\"@id\":\"https:\/\/svijetopeke.com\/sl\/proizvod\/freya\/#primaryimage\",\"url\":\"https:\/\/svijetopeke.com\/wp-content\/uploads\/proizvodi\/vandersanden-fasadna\/freya\/freya.jpg\",\"contentUrl\":\"https:\/\/svijetopeke.com\/wp-content\/uploads\/proizvodi\/vandersanden-fasadna\/freya\/freya.jpg\",\"width\":1286,\"height\":1080,\"caption\":\"Freya - Vandersanden fasadna dekorativna opeka\"},{\"@type\":\"BreadcrumbList\",\"@id\":\"https:\/\/svijetopeke.com\/sl\/proizvod\/freya\/#breadcrumb\",\"itemListElement\":[{\"@type\":\"ListItem\",\"position\":1,\"name\":\"Po\u010detna stranica\",\"item\":\"https:\/\/svijetopeke.com\/sl\/\"},{\"@type\":\"ListItem\",\"position\":2,\"name\":\"Shop\",\"item\":\"https:\/\/svijetopeke.com\/sl\/shop\/\"},{\"@type\":\"ListItem\",\"position\":3,\"name\":\"Freya\"}]},{\"@type\":\"WebSite\",\"@id\":\"https:\/\/svijetopeke.com\/sl\/#website\",\"url\":\"https:\/\/svijetopeke.com\/sl\/\",\"name\":\"Svijet opeke\",\"description\":\"Najve\u0107i izbor opeke\",\"publisher\":{\"@id\":\"https:\/\/svijetopeke.com\/sl\/#organization\"},\"potentialAction\":[{\"@type\":\"SearchAction\",\"target\":{\"@type\":\"EntryPoint\",\"urlTemplate\":\"https:\/\/svijetopeke.com\/sl\/?s={search_term_string}\"},\"query-input\":{\"@type\":\"PropertyValueSpecification\",\"valueRequired\":true,\"valueName\":\"search_term_string\"}}],\"inLanguage\":\"sl-SI\"},{\"@type\":\"Organization\",\"@id\":\"https:\/\/svijetopeke.com\/sl\/#organization\",\"name\":\"Svijet opeke\",\"url\":\"https:\/\/svijetopeke.com\/sl\/\",\"logo\":{\"@type\":\"ImageObject\",\"inLanguage\":\"sl-SI\",\"@id\":\"https:\/\/svijetopeke.com\/sl\/#\/schema\/logo\/image\/\",\"url\":\"https:\/\/svijetopeke.com\/wp-content\/uploads\/web\/svijetopeke_logo_site_icon.png\",\"contentUrl\":\"https:\/\/svijetopeke.com\/wp-content\/uploads\/web\/svijetopeke_logo_site_icon.png\",\"width\":1024,\"height\":1024,\"caption\":\"Svijet opeke\"},\"image\":{\"@id\":\"https:\/\/svijetopeke.com\/sl\/#\/schema\/logo\/image\/\"},\"sameAs\":[\"https:\/\/www.facebook.com\/svijetopeke\/\",\"https:\/\/www.instagram.com\/svijetopeke\/\"]}]}<\/script>\n<!-- \/ Yoast SEO plugin. -->","yoast_head_json":{"title":"Freya - Svijet opeke","robots":{"index":"index","follow":"follow","max-snippet":"max-snippet:-1","max-image-preview":"max-image-preview:large","max-video-preview":"max-video-preview:-1"},"canonical":"https:\/\/svijetopeke.com\/sl\/proizvod\/freya\/","og_locale":"sl_SI","og_type":"article","og_title":"Freya - Svijet opeke","og_description":"Tehni\u010dke karakteristike, cetifikate, i dodatne informacije potra\u017eite na slu\u017ebenim web stranicama proizvo\u0111a\u010da.","og_url":"https:\/\/svijetopeke.com\/sl\/proizvod\/freya\/","og_site_name":"Svijet opeke","article_publisher":"https:\/\/www.facebook.com\/svijetopeke\/","og_image":[{"width":1286,"height":1080,"url":"https:\/\/svijetopeke.com\/wp-content\/uploads\/proizvodi\/vandersanden-fasadna\/freya\/freya.jpg","type":"image\/jpeg"}],"twitter_card":"summary_large_image","schema":{"@context":"https:\/\/schema.org","@graph":[{"@type":"WebPage","@id":"https:\/\/svijetopeke.com\/sl\/proizvod\/freya\/","url":"https:\/\/svijetopeke.com\/sl\/proizvod\/freya\/","name":"Freya - Svijet opeke","isPartOf":{"@id":"https:\/\/svijetopeke.com\/sl\/#website"},"primaryImageOfPage":{"@id":"https:\/\/svijetopeke.com\/sl\/proizvod\/freya\/#primaryimage"},"image":{"@id":"https:\/\/svijetopeke.com\/sl\/proizvod\/freya\/#primaryimage"},"thumbnailUrl":"https:\/\/svijetopeke.com\/wp-content\/uploads\/proizvodi\/vandersanden-fasadna\/freya\/freya.jpg","datePublished":"2022-01-10T13:02:21+00:00","breadcrumb":{"@id":"https:\/\/svijetopeke.com\/sl\/proizvod\/freya\/#breadcrumb"},"inLanguage":"sl-SI","potentialAction":[{"@type":"ReadAction","target":["https:\/\/svijetopeke.com\/sl\/proizvod\/freya\/"]}]},{"@type":"ImageObject","inLanguage":"sl-SI","@id":"https:\/\/svijetopeke.com\/sl\/proizvod\/freya\/#primaryimage","url":"https:\/\/svijetopeke.com\/wp-content\/uploads\/proizvodi\/vandersanden-fasadna\/freya\/freya.jpg","contentUrl":"https:\/\/svijetopeke.com\/wp-content\/uploads\/proizvodi\/vandersanden-fasadna\/freya\/freya.jpg","width":1286,"height":1080,"caption":"Freya - Vandersanden fasadna dekorativna opeka"},{"@type":"BreadcrumbList","@id":"https:\/\/svijetopeke.com\/sl\/proizvod\/freya\/#breadcrumb","itemListElement":[{"@type":"ListItem","position":1,"name":"Po\u010detna stranica","item":"https:\/\/svijetopeke.com\/sl\/"},{"@type":"ListItem","position":2,"name":"Shop","item":"https:\/\/svijetopeke.com\/sl\/shop\/"},{"@type":"ListItem","position":3,"name":"Freya"}]},{"@type":"WebSite","@id":"https:\/\/svijetopeke.com\/sl\/#website","url":"https:\/\/svijetopeke.com\/sl\/","name":"Svijet opeke","description":"Najve\u0107i izbor opeke","publisher":{"@id":"https:\/\/svijetopeke.com\/sl\/#organization"},"potentialAction":[{"@type":"SearchAction","target":{"@type":"EntryPoint","urlTemplate":"https:\/\/svijetopeke.com\/sl\/?s={search_term_string}"},"query-input":{"@type":"PropertyValueSpecification","valueRequired":true,"valueName":"search_term_string"}}],"inLanguage":"sl-SI"},{"@type":"Organization","@id":"https:\/\/svijetopeke.com\/sl\/#organization","name":"Svijet opeke","url":"https:\/\/svijetopeke.com\/sl\/","logo":{"@type":"ImageObject","inLanguage":"sl-SI","@id":"https:\/\/svijetopeke.com\/sl\/#\/schema\/logo\/image\/","url":"https:\/\/svijetopeke.com\/wp-content\/uploads\/web\/svijetopeke_logo_site_icon.png","contentUrl":"https:\/\/svijetopeke.com\/wp-content\/uploads\/web\/svijetopeke_logo_site_icon.png","width":1024,"height":1024,"caption":"Svijet opeke"},"image":{"@id":"https:\/\/svijetopeke.com\/sl\/#\/schema\/logo\/image\/"},"sameAs":["https:\/\/www.facebook.com\/svijetopeke\/","https:\/\/www.instagram.com\/svijetopeke\/"]}]}},"_links":{"self":[{"href":"https:\/\/svijetopeke.com\/sl\/wp-json\/wp\/v2\/product\/30451","targetHints":{"allow":["GET"]}}],"collection":[{"href":"https:\/\/svijetopeke.com\/sl\/wp-json\/wp\/v2\/product"}],"about":[{"href":"https:\/\/svijetopeke.com\/sl\/wp-json\/wp\/v2\/types\/product"}],"wp:featuredmedia":[{"embeddable":true,"href":"https:\/\/svijetopeke.com\/sl\/wp-json\/wp\/v2\/media\/22325"}],"wp:attachment":[{"href":"https:\/\/svijetopeke.com\/sl\/wp-json\/wp\/v2\/media?parent=30451"}],"wp:term":[{"taxonomy":"product_brand","embeddable":true,"href":"https:\/\/svijetopeke.com\/sl\/wp-json\/wp\/v2\/product_brand?post=30451"},{"taxonomy":"product_cat","embeddable":true,"href":"https:\/\/svijetopeke.com\/sl\/wp-json\/wp\/v2\/product_cat?post=30451"},{"taxonomy":"product_tag","embeddable":true,"href":"https:\/\/svijetopeke.com\/sl\/wp-json\/wp\/v2\/product_tag?post=30451"}],"curies":[{"name":"wp","href":"https:\/\/api.w.org\/{rel}","templated":true}]}}