{"id":30528,"date":"2022-01-10T13:02:13","date_gmt":"2022-01-10T11:02:13","guid":{"rendered":"https:\/\/svijetopeke.com\/proizvod\/livorno\/"},"modified":"2024-04-29T18:30:03","modified_gmt":"2024-04-29T16:30:03","slug":"livorno","status":"publish","type":"product","link":"https:\/\/svijetopeke.com\/sl\/proizvod\/livorno\/","title":{"rendered":"Livorno"},"content":{"rendered":"\t                <ul class=\"easy-image-gallery thumbnails-4 linked\">\r\n                    <li><a rel=\"prettyPhoto[group-116]\" href=\"https:\/\/svijetopeke.com\/wp-content\/uploads\/proizvodi\/vandersanden-fasadna\/livorno\/livorno-fuga-suhozid.jpg\" class=\"eig-popup\" title=\"Livorno fuga suhozid\" data-caption=\"Livorno fuga suhozid\" target=\"_blank\"><i class=\"icon-view\"><\/i><span class=\"overlay\"><\/span><img decoding=\"async\" width=\"150\" height=\"150\" src=\"https:\/\/svijetopeke.com\/wp-content\/uploads\/proizvodi\/vandersanden-fasadna\/livorno\/livorno-fuga-suhozid-150x150.jpg\" class=\"attachment-thumbnail size-thumbnail\" alt=\"\" srcset=\"https:\/\/svijetopeke.com\/wp-content\/uploads\/proizvodi\/vandersanden-fasadna\/livorno\/livorno-fuga-suhozid-66x66.jpg 66w, https:\/\/svijetopeke.com\/wp-content\/uploads\/proizvodi\/vandersanden-fasadna\/livorno\/livorno-fuga-suhozid-150x150.jpg 150w, https:\/\/svijetopeke.com\/wp-content\/uploads\/proizvodi\/vandersanden-fasadna\/livorno\/livorno-fuga-suhozid-200x200.jpg 200w, https:\/\/svijetopeke.com\/wp-content\/uploads\/proizvodi\/vandersanden-fasadna\/livorno\/livorno-fuga-suhozid-260x260.jpg 260w, https:\/\/svijetopeke.com\/wp-content\/uploads\/proizvodi\/vandersanden-fasadna\/livorno\/livorno-fuga-suhozid-300x300.jpg 300w\" sizes=\"(max-width: 150px) 100vw, 150px\" \/><\/a><\/li><li><a rel=\"prettyPhoto[group-116]\" href=\"https:\/\/svijetopeke.com\/wp-content\/uploads\/proizvodi\/vandersanden-fasadna\/livorno\/livorno-fuga-siva.jpg\" class=\"eig-popup\" title=\"Livorno fuga siva\" data-caption=\"Livorno fuga siva\" target=\"_blank\"><i class=\"icon-view\"><\/i><span class=\"overlay\"><\/span><img decoding=\"async\" width=\"150\" height=\"150\" src=\"https:\/\/svijetopeke.com\/wp-content\/uploads\/proizvodi\/vandersanden-fasadna\/livorno\/livorno-fuga-siva-150x150.jpg\" class=\"attachment-thumbnail size-thumbnail\" alt=\"\" srcset=\"https:\/\/svijetopeke.com\/wp-content\/uploads\/proizvodi\/vandersanden-fasadna\/livorno\/livorno-fuga-siva-66x66.jpg 66w, https:\/\/svijetopeke.com\/wp-content\/uploads\/proizvodi\/vandersanden-fasadna\/livorno\/livorno-fuga-siva-150x150.jpg 150w, https:\/\/svijetopeke.com\/wp-content\/uploads\/proizvodi\/vandersanden-fasadna\/livorno\/livorno-fuga-siva-200x200.jpg 200w, https:\/\/svijetopeke.com\/wp-content\/uploads\/proizvodi\/vandersanden-fasadna\/livorno\/livorno-fuga-siva-260x260.jpg 260w, https:\/\/svijetopeke.com\/wp-content\/uploads\/proizvodi\/vandersanden-fasadna\/livorno\/livorno-fuga-siva-300x300.jpg 300w\" sizes=\"(max-width: 150px) 100vw, 150px\" \/><\/a><\/li><li><a rel=\"prettyPhoto[group-116]\" href=\"https:\/\/svijetopeke.com\/wp-content\/uploads\/proizvodi\/vandersanden-fasadna\/livorno\/livorno-fuga-bijela.jpg\" class=\"eig-popup\" title=\"Livorno fuga bijela\" data-caption=\"Livorno fuga bijela\" target=\"_blank\"><i class=\"icon-view\"><\/i><span class=\"overlay\"><\/span><img decoding=\"async\" width=\"150\" height=\"150\" src=\"https:\/\/svijetopeke.com\/wp-content\/uploads\/proizvodi\/vandersanden-fasadna\/livorno\/livorno-fuga-bijela-150x150.jpg\" class=\"attachment-thumbnail size-thumbnail\" alt=\"\" srcset=\"https:\/\/svijetopeke.com\/wp-content\/uploads\/proizvodi\/vandersanden-fasadna\/livorno\/livorno-fuga-bijela-66x66.jpg 66w, https:\/\/svijetopeke.com\/wp-content\/uploads\/proizvodi\/vandersanden-fasadna\/livorno\/livorno-fuga-bijela-150x150.jpg 150w, https:\/\/svijetopeke.com\/wp-content\/uploads\/proizvodi\/vandersanden-fasadna\/livorno\/livorno-fuga-bijela-200x200.jpg 200w, https:\/\/svijetopeke.com\/wp-content\/uploads\/proizvodi\/vandersanden-fasadna\/livorno\/livorno-fuga-bijela-260x260.jpg 260w, https:\/\/svijetopeke.com\/wp-content\/uploads\/proizvodi\/vandersanden-fasadna\/livorno\/livorno-fuga-bijela-300x300.jpg 300w\" sizes=\"(max-width: 150px) 100vw, 150px\" \/><\/a><\/li><li><a rel=\"prettyPhoto[group-116]\" href=\"https:\/\/svijetopeke.com\/wp-content\/uploads\/proizvodi\/vandersanden-fasadna\/livorno\/livorno-fuga-beige.jpg\" class=\"eig-popup\" title=\"Livorno fuga beige\" data-caption=\"Livorno fuga beige\" target=\"_blank\"><i class=\"icon-view\"><\/i><span class=\"overlay\"><\/span><img decoding=\"async\" width=\"150\" height=\"150\" src=\"https:\/\/svijetopeke.com\/wp-content\/uploads\/proizvodi\/vandersanden-fasadna\/livorno\/livorno-fuga-beige-150x150.jpg\" class=\"attachment-thumbnail size-thumbnail\" alt=\"\" srcset=\"https:\/\/svijetopeke.com\/wp-content\/uploads\/proizvodi\/vandersanden-fasadna\/livorno\/livorno-fuga-beige-66x66.jpg 66w, https:\/\/svijetopeke.com\/wp-content\/uploads\/proizvodi\/vandersanden-fasadna\/livorno\/livorno-fuga-beige-150x150.jpg 150w, https:\/\/svijetopeke.com\/wp-content\/uploads\/proizvodi\/vandersanden-fasadna\/livorno\/livorno-fuga-beige-200x200.jpg 200w, https:\/\/svijetopeke.com\/wp-content\/uploads\/proizvodi\/vandersanden-fasadna\/livorno\/livorno-fuga-beige-260x260.jpg 260w, https:\/\/svijetopeke.com\/wp-content\/uploads\/proizvodi\/vandersanden-fasadna\/livorno\/livorno-fuga-beige-300x300.jpg 300w\" sizes=\"(max-width: 150px) 100vw, 150px\" \/><\/a><\/li><\/ul>\n","protected":false},"excerpt":{"rendered":"<p>Tehni\u010dke karakteristike, cetifikate, i dodatne informacije potra\u017eite na slu\u017ebenim web stranicama <a href=\"https:\/\/www.vandersanden.com\/en\/products-and-solutions\/livorno\" target=\"_blank\" rel=\"noopener\">proizvo\u0111a\u010da<\/a>.<\/p>\n","protected":false},"featured_media":22175,"template":"","meta":{"_seopress_robots_primary_cat":"","_seopress_titles_title":"","_seopress_titles_desc":"","_seopress_robots_index":""},"product_brand":[],"product_cat":[267,268],"product_tag":[],"class_list":{"0":"post-30528","1":"product","2":"type-product","3":"status-publish","4":"has-post-thumbnail","6":"product_cat-vandersanden-sl","7":"product_cat-vandersanden-zero-sl","8":"pa_boja-crna-sl","9":"pa_dimenzije-wf-sl","10":"pa_dimenzije-df-sl","11":"pa_dimenzije-zero-sl","12":"pa_dodatna-boja-rjav","13":"pa_dodatna-boja-modra","14":"pa_povrsina-rocno-izdelana","15":"pa_proizvodac-vandersanden-sl-2","16":"pa_tip-vecbarvna","17":"pa_vrsta-opeke-polna-opeka","18":"pa_vrsta-opeke-slip-opeka-sl","20":"first","21":"instock","22":"shipping-taxable","23":"product-type-simple"},"yoast_head":"<!-- This site is optimized with the Yoast SEO plugin v27.1.1 - https:\/\/yoast.com\/product\/yoast-seo-wordpress\/ -->\n<title>Livorno - Svijet opeke<\/title>\n<meta name=\"robots\" content=\"index, follow, max-snippet:-1, max-image-preview:large, max-video-preview:-1\" \/>\n<link rel=\"canonical\" href=\"https:\/\/svijetopeke.com\/sl\/proizvod\/livorno\/\" \/>\n<meta property=\"og:locale\" content=\"sl_SI\" \/>\n<meta property=\"og:type\" content=\"article\" \/>\n<meta property=\"og:title\" content=\"Livorno - Svijet opeke\" \/>\n<meta property=\"og:description\" content=\"Tehni\u010dke karakteristike, cetifikate, i dodatne informacije potra\u017eite na slu\u017ebenim web stranicama proizvo\u0111a\u010da.\" \/>\n<meta property=\"og:url\" content=\"https:\/\/svijetopeke.com\/sl\/proizvod\/livorno\/\" \/>\n<meta property=\"og:site_name\" content=\"Svijet opeke\" \/>\n<meta property=\"article:publisher\" content=\"https:\/\/www.facebook.com\/svijetopeke\/\" \/>\n<meta property=\"article:modified_time\" content=\"2024-04-29T16:30:03+00:00\" \/>\n<meta property=\"og:image\" content=\"https:\/\/svijetopeke.com\/wp-content\/uploads\/proizvodi\/vandersanden-fasadna\/livorno\/livorno.jpg\" \/>\n\t<meta property=\"og:image:width\" content=\"1391\" \/>\n\t<meta property=\"og:image:height\" content=\"1080\" \/>\n\t<meta property=\"og:image:type\" content=\"image\/jpeg\" \/>\n<meta name=\"twitter:card\" content=\"summary_large_image\" \/>\n<script type=\"application\/ld+json\" class=\"yoast-schema-graph\">{\"@context\":\"https:\/\/schema.org\",\"@graph\":[{\"@type\":\"WebPage\",\"@id\":\"https:\/\/svijetopeke.com\/sl\/proizvod\/livorno\/\",\"url\":\"https:\/\/svijetopeke.com\/sl\/proizvod\/livorno\/\",\"name\":\"Livorno - Svijet opeke\",\"isPartOf\":{\"@id\":\"https:\/\/svijetopeke.com\/sl\/#website\"},\"primaryImageOfPage\":{\"@id\":\"https:\/\/svijetopeke.com\/sl\/proizvod\/livorno\/#primaryimage\"},\"image\":{\"@id\":\"https:\/\/svijetopeke.com\/sl\/proizvod\/livorno\/#primaryimage\"},\"thumbnailUrl\":\"https:\/\/svijetopeke.com\/wp-content\/uploads\/proizvodi\/vandersanden-fasadna\/livorno\/livorno.jpg\",\"datePublished\":\"2022-01-10T11:02:13+00:00\",\"dateModified\":\"2024-04-29T16:30:03+00:00\",\"breadcrumb\":{\"@id\":\"https:\/\/svijetopeke.com\/sl\/proizvod\/livorno\/#breadcrumb\"},\"inLanguage\":\"sl-SI\",\"potentialAction\":[{\"@type\":\"ReadAction\",\"target\":[\"https:\/\/svijetopeke.com\/sl\/proizvod\/livorno\/\"]}]},{\"@type\":\"ImageObject\",\"inLanguage\":\"sl-SI\",\"@id\":\"https:\/\/svijetopeke.com\/sl\/proizvod\/livorno\/#primaryimage\",\"url\":\"https:\/\/svijetopeke.com\/wp-content\/uploads\/proizvodi\/vandersanden-fasadna\/livorno\/livorno.jpg\",\"contentUrl\":\"https:\/\/svijetopeke.com\/wp-content\/uploads\/proizvodi\/vandersanden-fasadna\/livorno\/livorno.jpg\",\"width\":1391,\"height\":1080,\"caption\":\"Livorno - Vandersanden fasadna dekorativna opeka\"},{\"@type\":\"BreadcrumbList\",\"@id\":\"https:\/\/svijetopeke.com\/sl\/proizvod\/livorno\/#breadcrumb\",\"itemListElement\":[{\"@type\":\"ListItem\",\"position\":1,\"name\":\"Po\u010detna stranica\",\"item\":\"https:\/\/svijetopeke.com\/sl\/\"},{\"@type\":\"ListItem\",\"position\":2,\"name\":\"Shop\",\"item\":\"https:\/\/svijetopeke.com\/sl\/shop\/\"},{\"@type\":\"ListItem\",\"position\":3,\"name\":\"Livorno\"}]},{\"@type\":\"WebSite\",\"@id\":\"https:\/\/svijetopeke.com\/sl\/#website\",\"url\":\"https:\/\/svijetopeke.com\/sl\/\",\"name\":\"Svijet opeke\",\"description\":\"Najve\u0107i izbor opeke\",\"publisher\":{\"@id\":\"https:\/\/svijetopeke.com\/sl\/#organization\"},\"potentialAction\":[{\"@type\":\"SearchAction\",\"target\":{\"@type\":\"EntryPoint\",\"urlTemplate\":\"https:\/\/svijetopeke.com\/sl\/?s={search_term_string}\"},\"query-input\":{\"@type\":\"PropertyValueSpecification\",\"valueRequired\":true,\"valueName\":\"search_term_string\"}}],\"inLanguage\":\"sl-SI\"},{\"@type\":\"Organization\",\"@id\":\"https:\/\/svijetopeke.com\/sl\/#organization\",\"name\":\"Svijet opeke\",\"url\":\"https:\/\/svijetopeke.com\/sl\/\",\"logo\":{\"@type\":\"ImageObject\",\"inLanguage\":\"sl-SI\",\"@id\":\"https:\/\/svijetopeke.com\/sl\/#\/schema\/logo\/image\/\",\"url\":\"https:\/\/svijetopeke.com\/wp-content\/uploads\/web\/svijetopeke_logo_site_icon.png\",\"contentUrl\":\"https:\/\/svijetopeke.com\/wp-content\/uploads\/web\/svijetopeke_logo_site_icon.png\",\"width\":1024,\"height\":1024,\"caption\":\"Svijet opeke\"},\"image\":{\"@id\":\"https:\/\/svijetopeke.com\/sl\/#\/schema\/logo\/image\/\"},\"sameAs\":[\"https:\/\/www.facebook.com\/svijetopeke\/\",\"https:\/\/www.instagram.com\/svijetopeke\/\"]}]}<\/script>\n<!-- \/ Yoast SEO plugin. -->","yoast_head_json":{"title":"Livorno - Svijet opeke","robots":{"index":"index","follow":"follow","max-snippet":"max-snippet:-1","max-image-preview":"max-image-preview:large","max-video-preview":"max-video-preview:-1"},"canonical":"https:\/\/svijetopeke.com\/sl\/proizvod\/livorno\/","og_locale":"sl_SI","og_type":"article","og_title":"Livorno - Svijet opeke","og_description":"Tehni\u010dke karakteristike, cetifikate, i dodatne informacije potra\u017eite na slu\u017ebenim web stranicama proizvo\u0111a\u010da.","og_url":"https:\/\/svijetopeke.com\/sl\/proizvod\/livorno\/","og_site_name":"Svijet opeke","article_publisher":"https:\/\/www.facebook.com\/svijetopeke\/","article_modified_time":"2024-04-29T16:30:03+00:00","og_image":[{"width":1391,"height":1080,"url":"https:\/\/svijetopeke.com\/wp-content\/uploads\/proizvodi\/vandersanden-fasadna\/livorno\/livorno.jpg","type":"image\/jpeg"}],"twitter_card":"summary_large_image","schema":{"@context":"https:\/\/schema.org","@graph":[{"@type":"WebPage","@id":"https:\/\/svijetopeke.com\/sl\/proizvod\/livorno\/","url":"https:\/\/svijetopeke.com\/sl\/proizvod\/livorno\/","name":"Livorno - Svijet opeke","isPartOf":{"@id":"https:\/\/svijetopeke.com\/sl\/#website"},"primaryImageOfPage":{"@id":"https:\/\/svijetopeke.com\/sl\/proizvod\/livorno\/#primaryimage"},"image":{"@id":"https:\/\/svijetopeke.com\/sl\/proizvod\/livorno\/#primaryimage"},"thumbnailUrl":"https:\/\/svijetopeke.com\/wp-content\/uploads\/proizvodi\/vandersanden-fasadna\/livorno\/livorno.jpg","datePublished":"2022-01-10T11:02:13+00:00","dateModified":"2024-04-29T16:30:03+00:00","breadcrumb":{"@id":"https:\/\/svijetopeke.com\/sl\/proizvod\/livorno\/#breadcrumb"},"inLanguage":"sl-SI","potentialAction":[{"@type":"ReadAction","target":["https:\/\/svijetopeke.com\/sl\/proizvod\/livorno\/"]}]},{"@type":"ImageObject","inLanguage":"sl-SI","@id":"https:\/\/svijetopeke.com\/sl\/proizvod\/livorno\/#primaryimage","url":"https:\/\/svijetopeke.com\/wp-content\/uploads\/proizvodi\/vandersanden-fasadna\/livorno\/livorno.jpg","contentUrl":"https:\/\/svijetopeke.com\/wp-content\/uploads\/proizvodi\/vandersanden-fasadna\/livorno\/livorno.jpg","width":1391,"height":1080,"caption":"Livorno - Vandersanden fasadna dekorativna opeka"},{"@type":"BreadcrumbList","@id":"https:\/\/svijetopeke.com\/sl\/proizvod\/livorno\/#breadcrumb","itemListElement":[{"@type":"ListItem","position":1,"name":"Po\u010detna stranica","item":"https:\/\/svijetopeke.com\/sl\/"},{"@type":"ListItem","position":2,"name":"Shop","item":"https:\/\/svijetopeke.com\/sl\/shop\/"},{"@type":"ListItem","position":3,"name":"Livorno"}]},{"@type":"WebSite","@id":"https:\/\/svijetopeke.com\/sl\/#website","url":"https:\/\/svijetopeke.com\/sl\/","name":"Svijet opeke","description":"Najve\u0107i izbor opeke","publisher":{"@id":"https:\/\/svijetopeke.com\/sl\/#organization"},"potentialAction":[{"@type":"SearchAction","target":{"@type":"EntryPoint","urlTemplate":"https:\/\/svijetopeke.com\/sl\/?s={search_term_string}"},"query-input":{"@type":"PropertyValueSpecification","valueRequired":true,"valueName":"search_term_string"}}],"inLanguage":"sl-SI"},{"@type":"Organization","@id":"https:\/\/svijetopeke.com\/sl\/#organization","name":"Svijet opeke","url":"https:\/\/svijetopeke.com\/sl\/","logo":{"@type":"ImageObject","inLanguage":"sl-SI","@id":"https:\/\/svijetopeke.com\/sl\/#\/schema\/logo\/image\/","url":"https:\/\/svijetopeke.com\/wp-content\/uploads\/web\/svijetopeke_logo_site_icon.png","contentUrl":"https:\/\/svijetopeke.com\/wp-content\/uploads\/web\/svijetopeke_logo_site_icon.png","width":1024,"height":1024,"caption":"Svijet opeke"},"image":{"@id":"https:\/\/svijetopeke.com\/sl\/#\/schema\/logo\/image\/"},"sameAs":["https:\/\/www.facebook.com\/svijetopeke\/","https:\/\/www.instagram.com\/svijetopeke\/"]}]}},"_links":{"self":[{"href":"https:\/\/svijetopeke.com\/sl\/wp-json\/wp\/v2\/product\/30528","targetHints":{"allow":["GET"]}}],"collection":[{"href":"https:\/\/svijetopeke.com\/sl\/wp-json\/wp\/v2\/product"}],"about":[{"href":"https:\/\/svijetopeke.com\/sl\/wp-json\/wp\/v2\/types\/product"}],"wp:featuredmedia":[{"embeddable":true,"href":"https:\/\/svijetopeke.com\/sl\/wp-json\/wp\/v2\/media\/22175"}],"wp:attachment":[{"href":"https:\/\/svijetopeke.com\/sl\/wp-json\/wp\/v2\/media?parent=30528"}],"wp:term":[{"taxonomy":"product_brand","embeddable":true,"href":"https:\/\/svijetopeke.com\/sl\/wp-json\/wp\/v2\/product_brand?post=30528"},{"taxonomy":"product_cat","embeddable":true,"href":"https:\/\/svijetopeke.com\/sl\/wp-json\/wp\/v2\/product_cat?post=30528"},{"taxonomy":"product_tag","embeddable":true,"href":"https:\/\/svijetopeke.com\/sl\/wp-json\/wp\/v2\/product_tag?post=30528"}],"curies":[{"name":"wp","href":"https:\/\/api.w.org\/{rel}","templated":true}]}}