{"id":4161,"date":"2022-01-18T23:48:01","date_gmt":"2022-01-18T21:48:01","guid":{"rendered":"\u0000\u0000\u0000h"},"modified":"2023-04-12T12:57:28","modified_gmt":"2023-04-12T10:57:28","slug":"r-913-nf","status":"publish","type":"product","link":"https:\/\/svijetopeke.com\/sl\/proizvod\/r-913-nf\/","title":{"rendered":"R 913 NF"},"content":{"rendered":"\t                <ul class=\"easy-image-gallery thumbnails-4 linked\">\r\n                    <li><a rel=\"prettyPhoto[group-305]\" href=\"https:\/\/svijetopeke.com\/wp-content\/uploads\/proizvodi\/feldhaus-klinker-slip\/r913\/r913nf-fuga-siva-1024x621.jpg\" class=\"eig-popup\" title=\"R913NF fuga siva\" data-caption=\"R913NF fuga siva\" target=\"_blank\"><i class=\"icon-view\"><\/i><span class=\"overlay\"><\/span><img decoding=\"async\" width=\"150\" height=\"150\" src=\"https:\/\/svijetopeke.com\/wp-content\/uploads\/proizvodi\/feldhaus-klinker-slip\/r913\/r913nf-fuga-siva-150x150.jpg\" class=\"attachment-thumbnail size-thumbnail\" alt=\"\" srcset=\"https:\/\/svijetopeke.com\/wp-content\/uploads\/proizvodi\/feldhaus-klinker-slip\/r913\/r913nf-fuga-siva-66x66.jpg 66w, https:\/\/svijetopeke.com\/wp-content\/uploads\/proizvodi\/feldhaus-klinker-slip\/r913\/r913nf-fuga-siva-150x150.jpg 150w, https:\/\/svijetopeke.com\/wp-content\/uploads\/proizvodi\/feldhaus-klinker-slip\/r913\/r913nf-fuga-siva-200x200.jpg 200w, https:\/\/svijetopeke.com\/wp-content\/uploads\/proizvodi\/feldhaus-klinker-slip\/r913\/r913nf-fuga-siva-260x260.jpg 260w, https:\/\/svijetopeke.com\/wp-content\/uploads\/proizvodi\/feldhaus-klinker-slip\/r913\/r913nf-fuga-siva-300x300.jpg 300w\" sizes=\"(max-width: 150px) 100vw, 150px\" \/><\/a><\/li><li><a rel=\"prettyPhoto[group-305]\" href=\"https:\/\/svijetopeke.com\/wp-content\/uploads\/proizvodi\/feldhaus-klinker-slip\/r913\/r913nf-fuga-boje-opeke-1024x621.jpg\" class=\"eig-popup\" title=\"R913NF fuga boje opeke\" data-caption=\"R913NF fuga boje opeke\" target=\"_blank\"><i class=\"icon-view\"><\/i><span class=\"overlay\"><\/span><img decoding=\"async\" width=\"150\" height=\"150\" src=\"https:\/\/svijetopeke.com\/wp-content\/uploads\/proizvodi\/feldhaus-klinker-slip\/r913\/r913nf-fuga-boje-opeke-150x150.jpg\" class=\"attachment-thumbnail size-thumbnail\" alt=\"\" srcset=\"https:\/\/svijetopeke.com\/wp-content\/uploads\/proizvodi\/feldhaus-klinker-slip\/r913\/r913nf-fuga-boje-opeke-66x66.jpg 66w, https:\/\/svijetopeke.com\/wp-content\/uploads\/proizvodi\/feldhaus-klinker-slip\/r913\/r913nf-fuga-boje-opeke-150x150.jpg 150w, https:\/\/svijetopeke.com\/wp-content\/uploads\/proizvodi\/feldhaus-klinker-slip\/r913\/r913nf-fuga-boje-opeke-200x200.jpg 200w, https:\/\/svijetopeke.com\/wp-content\/uploads\/proizvodi\/feldhaus-klinker-slip\/r913\/r913nf-fuga-boje-opeke-260x260.jpg 260w, https:\/\/svijetopeke.com\/wp-content\/uploads\/proizvodi\/feldhaus-klinker-slip\/r913\/r913nf-fuga-boje-opeke-300x300.jpg 300w\" sizes=\"(max-width: 150px) 100vw, 150px\" \/><\/a><\/li><li><a rel=\"prettyPhoto[group-305]\" href=\"https:\/\/svijetopeke.com\/wp-content\/uploads\/proizvodi\/feldhaus-klinker-slip\/r913\/r913nf-fuga-bijela-1024x621.jpg\" class=\"eig-popup\" title=\"R913NF fuga bijela\" data-caption=\"R913NF fuga bijela\" target=\"_blank\"><i class=\"icon-view\"><\/i><span class=\"overlay\"><\/span><img decoding=\"async\" width=\"150\" height=\"150\" src=\"https:\/\/svijetopeke.com\/wp-content\/uploads\/proizvodi\/feldhaus-klinker-slip\/r913\/r913nf-fuga-bijela-150x150.jpg\" class=\"attachment-thumbnail size-thumbnail\" alt=\"\" srcset=\"https:\/\/svijetopeke.com\/wp-content\/uploads\/proizvodi\/feldhaus-klinker-slip\/r913\/r913nf-fuga-bijela-66x66.jpg 66w, https:\/\/svijetopeke.com\/wp-content\/uploads\/proizvodi\/feldhaus-klinker-slip\/r913\/r913nf-fuga-bijela-150x150.jpg 150w, https:\/\/svijetopeke.com\/wp-content\/uploads\/proizvodi\/feldhaus-klinker-slip\/r913\/r913nf-fuga-bijela-200x200.jpg 200w, https:\/\/svijetopeke.com\/wp-content\/uploads\/proizvodi\/feldhaus-klinker-slip\/r913\/r913nf-fuga-bijela-260x260.jpg 260w, https:\/\/svijetopeke.com\/wp-content\/uploads\/proizvodi\/feldhaus-klinker-slip\/r913\/r913nf-fuga-bijela-300x300.jpg 300w\" sizes=\"(max-width: 150px) 100vw, 150px\" \/><\/a><\/li><li><a rel=\"prettyPhoto[group-305]\" href=\"https:\/\/svijetopeke.com\/wp-content\/uploads\/proizvodi\/feldhaus-klinker-slip\/r913\/r913nf-fuga-antracit-1024x621.jpg\" class=\"eig-popup\" title=\"R913NF fuga antracit\" data-caption=\"R913NF fuga antracit\" target=\"_blank\"><i class=\"icon-view\"><\/i><span class=\"overlay\"><\/span><img decoding=\"async\" width=\"150\" height=\"150\" src=\"https:\/\/svijetopeke.com\/wp-content\/uploads\/proizvodi\/feldhaus-klinker-slip\/r913\/r913nf-fuga-antracit-150x150.jpg\" class=\"attachment-thumbnail size-thumbnail\" alt=\"\" srcset=\"https:\/\/svijetopeke.com\/wp-content\/uploads\/proizvodi\/feldhaus-klinker-slip\/r913\/r913nf-fuga-antracit-66x66.jpg 66w, https:\/\/svijetopeke.com\/wp-content\/uploads\/proizvodi\/feldhaus-klinker-slip\/r913\/r913nf-fuga-antracit-150x150.jpg 150w, https:\/\/svijetopeke.com\/wp-content\/uploads\/proizvodi\/feldhaus-klinker-slip\/r913\/r913nf-fuga-antracit-200x200.jpg 200w, https:\/\/svijetopeke.com\/wp-content\/uploads\/proizvodi\/feldhaus-klinker-slip\/r913\/r913nf-fuga-antracit-260x260.jpg 260w, https:\/\/svijetopeke.com\/wp-content\/uploads\/proizvodi\/feldhaus-klinker-slip\/r913\/r913nf-fuga-antracit-300x300.jpg 300w\" sizes=\"(max-width: 150px) 100vw, 150px\" \/><\/a><\/li><\/ul>\n","protected":false},"excerpt":{"rendered":"<p>Tehni\u010dke karakteristike, cetifikate, i dodatne informacije potra\u017eite na slu\u017ebenim web stranicama <a href=\"https:\/\/www.feldhaus-klinker.com\/investors\/product-configurator\/\" target=\"_blank\" rel=\"noopener\">proizvo\u0111a\u010da<\/a>.<\/p>\n","protected":false},"featured_media":5585,"template":"","meta":{"_seopress_robots_primary_cat":"","_seopress_titles_title":"","_seopress_titles_desc":"","_seopress_robots_index":""},"product_brand":[],"product_cat":[158],"product_tag":[],"class_list":{"0":"post-4161","1":"product","2":"type-product","3":"status-publish","4":"has-post-thumbnail","6":"product_cat-feldhaus-klinker","7":"pa_boja-bez","8":"pa_dimenzije-df","9":"pa_dimenzije-nf","10":"pa_dodatna-boja-bijela","11":"pa_dodatna-boja-ljubicasta","12":"pa_dodatna-boja-smeda","13":"pa_povrsina-glatka","14":"pa_tip-visebojna","15":"pa_vrsta-opeke-klinker-slip-opeka","17":"first","18":"instock","19":"shipping-taxable","20":"product-type-simple"},"yoast_head":"<!-- This site is optimized with the Yoast SEO plugin v27.1.1 - https:\/\/yoast.com\/product\/yoast-seo-wordpress\/ -->\n<title>R 913 NF - Svijet opeke<\/title>\n<meta name=\"robots\" content=\"index, follow, max-snippet:-1, max-image-preview:large, max-video-preview:-1\" \/>\n<link rel=\"canonical\" href=\"https:\/\/svijetopeke.com\/sl\/proizvod\/r-913-nf\/\" \/>\n<meta property=\"og:locale\" content=\"sl_SI\" \/>\n<meta property=\"og:type\" content=\"article\" \/>\n<meta property=\"og:title\" content=\"R 913 NF - Svijet opeke\" \/>\n<meta property=\"og:description\" content=\"Tehni\u010dke karakteristike, cetifikate, i dodatne informacije potra\u017eite na slu\u017ebenim web stranicama proizvo\u0111a\u010da.\" \/>\n<meta property=\"og:url\" content=\"https:\/\/svijetopeke.com\/sl\/proizvod\/r-913-nf\/\" \/>\n<meta property=\"og:site_name\" content=\"Svijet opeke\" \/>\n<meta property=\"article:publisher\" content=\"https:\/\/www.facebook.com\/svijetopeke\/\" \/>\n<meta property=\"article:modified_time\" content=\"2023-04-12T10:57:28+00:00\" \/>\n<meta property=\"og:image\" content=\"https:\/\/svijetopeke.com\/wp-content\/uploads\/proizvodi\/feldhaus-klinker-slip\/r913\/r913nf.jpg\" \/>\n\t<meta property=\"og:image:width\" content=\"1143\" \/>\n\t<meta property=\"og:image:height\" content=\"1000\" \/>\n\t<meta property=\"og:image:type\" content=\"image\/jpeg\" \/>\n<meta name=\"twitter:card\" content=\"summary_large_image\" \/>\n<script type=\"application\/ld+json\" class=\"yoast-schema-graph\">{\"@context\":\"https:\/\/schema.org\",\"@graph\":[{\"@type\":\"WebPage\",\"@id\":\"https:\/\/svijetopeke.com\/sl\/proizvod\/r-913-nf\/\",\"url\":\"https:\/\/svijetopeke.com\/sl\/proizvod\/r-913-nf\/\",\"name\":\"R 913 NF - Svijet opeke\",\"isPartOf\":{\"@id\":\"https:\/\/svijetopeke.com\/sl\/#website\"},\"primaryImageOfPage\":{\"@id\":\"https:\/\/svijetopeke.com\/sl\/proizvod\/r-913-nf\/#primaryimage\"},\"image\":{\"@id\":\"https:\/\/svijetopeke.com\/sl\/proizvod\/r-913-nf\/#primaryimage\"},\"thumbnailUrl\":\"https:\/\/svijetopeke.com\/wp-content\/uploads\/proizvodi\/feldhaus-klinker-slip\/r913\/r913nf.jpg\",\"datePublished\":\"2022-01-18T21:48:01+00:00\",\"dateModified\":\"2023-04-12T10:57:28+00:00\",\"breadcrumb\":{\"@id\":\"https:\/\/svijetopeke.com\/sl\/proizvod\/r-913-nf\/#breadcrumb\"},\"inLanguage\":\"sl-SI\",\"potentialAction\":[{\"@type\":\"ReadAction\",\"target\":[\"https:\/\/svijetopeke.com\/sl\/proizvod\/r-913-nf\/\"]}]},{\"@type\":\"ImageObject\",\"inLanguage\":\"sl-SI\",\"@id\":\"https:\/\/svijetopeke.com\/sl\/proizvod\/r-913-nf\/#primaryimage\",\"url\":\"https:\/\/svijetopeke.com\/wp-content\/uploads\/proizvodi\/feldhaus-klinker-slip\/r913\/r913nf.jpg\",\"contentUrl\":\"https:\/\/svijetopeke.com\/wp-content\/uploads\/proizvodi\/feldhaus-klinker-slip\/r913\/r913nf.jpg\",\"width\":1143,\"height\":1000,\"caption\":\"R913NF\"},{\"@type\":\"BreadcrumbList\",\"@id\":\"https:\/\/svijetopeke.com\/sl\/proizvod\/r-913-nf\/#breadcrumb\",\"itemListElement\":[{\"@type\":\"ListItem\",\"position\":1,\"name\":\"Po\u010detna stranica\",\"item\":\"https:\/\/svijetopeke.com\/sl\/\"},{\"@type\":\"ListItem\",\"position\":2,\"name\":\"Shop\",\"item\":\"https:\/\/svijetopeke.com\/sl\/shop\/\"},{\"@type\":\"ListItem\",\"position\":3,\"name\":\"R 913 NF\"}]},{\"@type\":\"WebSite\",\"@id\":\"https:\/\/svijetopeke.com\/sl\/#website\",\"url\":\"https:\/\/svijetopeke.com\/sl\/\",\"name\":\"Svijet opeke\",\"description\":\"Najve\u0107i izbor opeke\",\"publisher\":{\"@id\":\"https:\/\/svijetopeke.com\/sl\/#organization\"},\"potentialAction\":[{\"@type\":\"SearchAction\",\"target\":{\"@type\":\"EntryPoint\",\"urlTemplate\":\"https:\/\/svijetopeke.com\/sl\/?s={search_term_string}\"},\"query-input\":{\"@type\":\"PropertyValueSpecification\",\"valueRequired\":true,\"valueName\":\"search_term_string\"}}],\"inLanguage\":\"sl-SI\"},{\"@type\":\"Organization\",\"@id\":\"https:\/\/svijetopeke.com\/sl\/#organization\",\"name\":\"Svijet opeke\",\"url\":\"https:\/\/svijetopeke.com\/sl\/\",\"logo\":{\"@type\":\"ImageObject\",\"inLanguage\":\"sl-SI\",\"@id\":\"https:\/\/svijetopeke.com\/sl\/#\/schema\/logo\/image\/\",\"url\":\"https:\/\/svijetopeke.com\/wp-content\/uploads\/web\/svijetopeke_logo_site_icon.png\",\"contentUrl\":\"https:\/\/svijetopeke.com\/wp-content\/uploads\/web\/svijetopeke_logo_site_icon.png\",\"width\":1024,\"height\":1024,\"caption\":\"Svijet opeke\"},\"image\":{\"@id\":\"https:\/\/svijetopeke.com\/sl\/#\/schema\/logo\/image\/\"},\"sameAs\":[\"https:\/\/www.facebook.com\/svijetopeke\/\",\"https:\/\/www.instagram.com\/svijetopeke\/\"]}]}<\/script>\n<!-- \/ Yoast SEO plugin. -->","yoast_head_json":{"title":"R 913 NF - Svijet opeke","robots":{"index":"index","follow":"follow","max-snippet":"max-snippet:-1","max-image-preview":"max-image-preview:large","max-video-preview":"max-video-preview:-1"},"canonical":"https:\/\/svijetopeke.com\/sl\/proizvod\/r-913-nf\/","og_locale":"sl_SI","og_type":"article","og_title":"R 913 NF - Svijet opeke","og_description":"Tehni\u010dke karakteristike, cetifikate, i dodatne informacije potra\u017eite na slu\u017ebenim web stranicama proizvo\u0111a\u010da.","og_url":"https:\/\/svijetopeke.com\/sl\/proizvod\/r-913-nf\/","og_site_name":"Svijet opeke","article_publisher":"https:\/\/www.facebook.com\/svijetopeke\/","article_modified_time":"2023-04-12T10:57:28+00:00","og_image":[{"width":1143,"height":1000,"url":"https:\/\/svijetopeke.com\/wp-content\/uploads\/proizvodi\/feldhaus-klinker-slip\/r913\/r913nf.jpg","type":"image\/jpeg"}],"twitter_card":"summary_large_image","schema":{"@context":"https:\/\/schema.org","@graph":[{"@type":"WebPage","@id":"https:\/\/svijetopeke.com\/sl\/proizvod\/r-913-nf\/","url":"https:\/\/svijetopeke.com\/sl\/proizvod\/r-913-nf\/","name":"R 913 NF - Svijet opeke","isPartOf":{"@id":"https:\/\/svijetopeke.com\/sl\/#website"},"primaryImageOfPage":{"@id":"https:\/\/svijetopeke.com\/sl\/proizvod\/r-913-nf\/#primaryimage"},"image":{"@id":"https:\/\/svijetopeke.com\/sl\/proizvod\/r-913-nf\/#primaryimage"},"thumbnailUrl":"https:\/\/svijetopeke.com\/wp-content\/uploads\/proizvodi\/feldhaus-klinker-slip\/r913\/r913nf.jpg","datePublished":"2022-01-18T21:48:01+00:00","dateModified":"2023-04-12T10:57:28+00:00","breadcrumb":{"@id":"https:\/\/svijetopeke.com\/sl\/proizvod\/r-913-nf\/#breadcrumb"},"inLanguage":"sl-SI","potentialAction":[{"@type":"ReadAction","target":["https:\/\/svijetopeke.com\/sl\/proizvod\/r-913-nf\/"]}]},{"@type":"ImageObject","inLanguage":"sl-SI","@id":"https:\/\/svijetopeke.com\/sl\/proizvod\/r-913-nf\/#primaryimage","url":"https:\/\/svijetopeke.com\/wp-content\/uploads\/proizvodi\/feldhaus-klinker-slip\/r913\/r913nf.jpg","contentUrl":"https:\/\/svijetopeke.com\/wp-content\/uploads\/proizvodi\/feldhaus-klinker-slip\/r913\/r913nf.jpg","width":1143,"height":1000,"caption":"R913NF"},{"@type":"BreadcrumbList","@id":"https:\/\/svijetopeke.com\/sl\/proizvod\/r-913-nf\/#breadcrumb","itemListElement":[{"@type":"ListItem","position":1,"name":"Po\u010detna stranica","item":"https:\/\/svijetopeke.com\/sl\/"},{"@type":"ListItem","position":2,"name":"Shop","item":"https:\/\/svijetopeke.com\/sl\/shop\/"},{"@type":"ListItem","position":3,"name":"R 913 NF"}]},{"@type":"WebSite","@id":"https:\/\/svijetopeke.com\/sl\/#website","url":"https:\/\/svijetopeke.com\/sl\/","name":"Svijet opeke","description":"Najve\u0107i izbor opeke","publisher":{"@id":"https:\/\/svijetopeke.com\/sl\/#organization"},"potentialAction":[{"@type":"SearchAction","target":{"@type":"EntryPoint","urlTemplate":"https:\/\/svijetopeke.com\/sl\/?s={search_term_string}"},"query-input":{"@type":"PropertyValueSpecification","valueRequired":true,"valueName":"search_term_string"}}],"inLanguage":"sl-SI"},{"@type":"Organization","@id":"https:\/\/svijetopeke.com\/sl\/#organization","name":"Svijet opeke","url":"https:\/\/svijetopeke.com\/sl\/","logo":{"@type":"ImageObject","inLanguage":"sl-SI","@id":"https:\/\/svijetopeke.com\/sl\/#\/schema\/logo\/image\/","url":"https:\/\/svijetopeke.com\/wp-content\/uploads\/web\/svijetopeke_logo_site_icon.png","contentUrl":"https:\/\/svijetopeke.com\/wp-content\/uploads\/web\/svijetopeke_logo_site_icon.png","width":1024,"height":1024,"caption":"Svijet opeke"},"image":{"@id":"https:\/\/svijetopeke.com\/sl\/#\/schema\/logo\/image\/"},"sameAs":["https:\/\/www.facebook.com\/svijetopeke\/","https:\/\/www.instagram.com\/svijetopeke\/"]}]}},"_links":{"self":[{"href":"https:\/\/svijetopeke.com\/sl\/wp-json\/wp\/v2\/product\/4161","targetHints":{"allow":["GET"]}}],"collection":[{"href":"https:\/\/svijetopeke.com\/sl\/wp-json\/wp\/v2\/product"}],"about":[{"href":"https:\/\/svijetopeke.com\/sl\/wp-json\/wp\/v2\/types\/product"}],"wp:featuredmedia":[{"embeddable":true,"href":"https:\/\/svijetopeke.com\/sl\/wp-json\/wp\/v2\/media\/5585"}],"wp:attachment":[{"href":"https:\/\/svijetopeke.com\/sl\/wp-json\/wp\/v2\/media?parent=4161"}],"wp:term":[{"taxonomy":"product_brand","embeddable":true,"href":"https:\/\/svijetopeke.com\/sl\/wp-json\/wp\/v2\/product_brand?post=4161"},{"taxonomy":"product_cat","embeddable":true,"href":"https:\/\/svijetopeke.com\/sl\/wp-json\/wp\/v2\/product_cat?post=4161"},{"taxonomy":"product_tag","embeddable":true,"href":"https:\/\/svijetopeke.com\/sl\/wp-json\/wp\/v2\/product_tag?post=4161"}],"curies":[{"name":"wp","href":"https:\/\/api.w.org\/{rel}","templated":true}]}}