{"id":6282,"date":"2022-02-06T13:58:56","date_gmt":"2022-02-06T13:58:56","guid":{"rendered":""},"modified":"2023-04-13T13:55:05","modified_gmt":"2023-04-13T11:55:05","slug":"victoria-crvena-nf","status":"publish","type":"product","link":"https:\/\/svijetopeke.com\/sl\/proizvod\/victoria-crvena-nf\/","title":{"rendered":"Victoria crvena NF"},"content":{"rendered":"\t                <ul class=\"easy-image-gallery thumbnails-5 linked\">\r\n                    <li><a rel=\"prettyPhoto[group-350]\" href=\"https:\/\/svijetopeke.com\/wp-content\/uploads\/proizvodi\/roben-fasadna\/victoria-crvena-nf\/victoria-crvena-nf-fuga-tamnosmeda.jpg\" class=\"eig-popup\" title=\"Victoria crvena NF fuga tamnosmeda\" data-caption=\"Victoria crvena NF fuga tamnosmeda\" target=\"_blank\"><i class=\"icon-view\"><\/i><span class=\"overlay\"><\/span><img decoding=\"async\" width=\"150\" height=\"150\" src=\"https:\/\/svijetopeke.com\/wp-content\/uploads\/proizvodi\/roben-fasadna\/victoria-crvena-nf\/victoria-crvena-nf-fuga-tamnosmeda-150x150.jpg\" class=\"attachment-thumbnail size-thumbnail\" alt=\"\" srcset=\"https:\/\/svijetopeke.com\/wp-content\/uploads\/proizvodi\/roben-fasadna\/victoria-crvena-nf\/victoria-crvena-nf-fuga-tamnosmeda-66x66.jpg 66w, https:\/\/svijetopeke.com\/wp-content\/uploads\/proizvodi\/roben-fasadna\/victoria-crvena-nf\/victoria-crvena-nf-fuga-tamnosmeda-150x150.jpg 150w, https:\/\/svijetopeke.com\/wp-content\/uploads\/proizvodi\/roben-fasadna\/victoria-crvena-nf\/victoria-crvena-nf-fuga-tamnosmeda-200x200.jpg 200w, https:\/\/svijetopeke.com\/wp-content\/uploads\/proizvodi\/roben-fasadna\/victoria-crvena-nf\/victoria-crvena-nf-fuga-tamnosmeda-260x260.jpg 260w, https:\/\/svijetopeke.com\/wp-content\/uploads\/proizvodi\/roben-fasadna\/victoria-crvena-nf\/victoria-crvena-nf-fuga-tamnosmeda-300x300.jpg 300w, https:\/\/svijetopeke.com\/wp-content\/uploads\/proizvodi\/roben-fasadna\/victoria-crvena-nf\/victoria-crvena-nf-fuga-tamnosmeda-400x400.jpg 400w, https:\/\/svijetopeke.com\/wp-content\/uploads\/proizvodi\/roben-fasadna\/victoria-crvena-nf\/victoria-crvena-nf-fuga-tamnosmeda-600x600.jpg 600w, https:\/\/svijetopeke.com\/wp-content\/uploads\/proizvodi\/roben-fasadna\/victoria-crvena-nf\/victoria-crvena-nf-fuga-tamnosmeda-768x768.jpg 768w, https:\/\/svijetopeke.com\/wp-content\/uploads\/proizvodi\/roben-fasadna\/victoria-crvena-nf\/victoria-crvena-nf-fuga-tamnosmeda-800x800.jpg 800w, https:\/\/svijetopeke.com\/wp-content\/uploads\/proizvodi\/roben-fasadna\/victoria-crvena-nf\/victoria-crvena-nf-fuga-tamnosmeda.jpg 1000w\" sizes=\"(max-width: 150px) 100vw, 150px\" \/><\/a><\/li><li><a rel=\"prettyPhoto[group-350]\" href=\"https:\/\/svijetopeke.com\/wp-content\/uploads\/proizvodi\/roben-fasadna\/victoria-crvena-nf\/victoria-crvena-nf-fuga-siva.jpg\" class=\"eig-popup\" title=\"Victoria crvena NF fuga siva\" data-caption=\"Victoria crvena NF fuga siva\" target=\"_blank\"><i class=\"icon-view\"><\/i><span class=\"overlay\"><\/span><img decoding=\"async\" width=\"150\" height=\"150\" src=\"https:\/\/svijetopeke.com\/wp-content\/uploads\/proizvodi\/roben-fasadna\/victoria-crvena-nf\/victoria-crvena-nf-fuga-siva-150x150.jpg\" class=\"attachment-thumbnail size-thumbnail\" alt=\"\" srcset=\"https:\/\/svijetopeke.com\/wp-content\/uploads\/proizvodi\/roben-fasadna\/victoria-crvena-nf\/victoria-crvena-nf-fuga-siva-66x66.jpg 66w, https:\/\/svijetopeke.com\/wp-content\/uploads\/proizvodi\/roben-fasadna\/victoria-crvena-nf\/victoria-crvena-nf-fuga-siva-150x150.jpg 150w, https:\/\/svijetopeke.com\/wp-content\/uploads\/proizvodi\/roben-fasadna\/victoria-crvena-nf\/victoria-crvena-nf-fuga-siva-200x200.jpg 200w, https:\/\/svijetopeke.com\/wp-content\/uploads\/proizvodi\/roben-fasadna\/victoria-crvena-nf\/victoria-crvena-nf-fuga-siva-260x260.jpg 260w, https:\/\/svijetopeke.com\/wp-content\/uploads\/proizvodi\/roben-fasadna\/victoria-crvena-nf\/victoria-crvena-nf-fuga-siva-300x300.jpg 300w, https:\/\/svijetopeke.com\/wp-content\/uploads\/proizvodi\/roben-fasadna\/victoria-crvena-nf\/victoria-crvena-nf-fuga-siva-400x400.jpg 400w, https:\/\/svijetopeke.com\/wp-content\/uploads\/proizvodi\/roben-fasadna\/victoria-crvena-nf\/victoria-crvena-nf-fuga-siva-600x600.jpg 600w, https:\/\/svijetopeke.com\/wp-content\/uploads\/proizvodi\/roben-fasadna\/victoria-crvena-nf\/victoria-crvena-nf-fuga-siva-768x768.jpg 768w, https:\/\/svijetopeke.com\/wp-content\/uploads\/proizvodi\/roben-fasadna\/victoria-crvena-nf\/victoria-crvena-nf-fuga-siva-800x800.jpg 800w, https:\/\/svijetopeke.com\/wp-content\/uploads\/proizvodi\/roben-fasadna\/victoria-crvena-nf\/victoria-crvena-nf-fuga-siva.jpg 1000w\" sizes=\"(max-width: 150px) 100vw, 150px\" \/><\/a><\/li><li><a rel=\"prettyPhoto[group-350]\" href=\"https:\/\/svijetopeke.com\/wp-content\/uploads\/proizvodi\/roben-fasadna\/victoria-crvena-nf\/victoria-crvena-nf-fuga-bijela.jpg\" class=\"eig-popup\" title=\"\" data-caption=\"\" target=\"_blank\"><i class=\"icon-view\"><\/i><span class=\"overlay\"><\/span><img decoding=\"async\" width=\"150\" height=\"150\" src=\"https:\/\/svijetopeke.com\/wp-content\/uploads\/proizvodi\/roben-fasadna\/victoria-crvena-nf\/victoria-crvena-nf-fuga-bijela-150x150.jpg\" class=\"attachment-thumbnail size-thumbnail\" alt=\"\" srcset=\"https:\/\/svijetopeke.com\/wp-content\/uploads\/proizvodi\/roben-fasadna\/victoria-crvena-nf\/victoria-crvena-nf-fuga-bijela-66x66.jpg 66w, https:\/\/svijetopeke.com\/wp-content\/uploads\/proizvodi\/roben-fasadna\/victoria-crvena-nf\/victoria-crvena-nf-fuga-bijela-150x150.jpg 150w, https:\/\/svijetopeke.com\/wp-content\/uploads\/proizvodi\/roben-fasadna\/victoria-crvena-nf\/victoria-crvena-nf-fuga-bijela-200x200.jpg 200w, https:\/\/svijetopeke.com\/wp-content\/uploads\/proizvodi\/roben-fasadna\/victoria-crvena-nf\/victoria-crvena-nf-fuga-bijela-260x260.jpg 260w, https:\/\/svijetopeke.com\/wp-content\/uploads\/proizvodi\/roben-fasadna\/victoria-crvena-nf\/victoria-crvena-nf-fuga-bijela-300x300.jpg 300w, https:\/\/svijetopeke.com\/wp-content\/uploads\/proizvodi\/roben-fasadna\/victoria-crvena-nf\/victoria-crvena-nf-fuga-bijela-400x400.jpg 400w, https:\/\/svijetopeke.com\/wp-content\/uploads\/proizvodi\/roben-fasadna\/victoria-crvena-nf\/victoria-crvena-nf-fuga-bijela-600x600.jpg 600w, https:\/\/svijetopeke.com\/wp-content\/uploads\/proizvodi\/roben-fasadna\/victoria-crvena-nf\/victoria-crvena-nf-fuga-bijela-768x768.jpg 768w, https:\/\/svijetopeke.com\/wp-content\/uploads\/proizvodi\/roben-fasadna\/victoria-crvena-nf\/victoria-crvena-nf-fuga-bijela-800x800.jpg 800w, https:\/\/svijetopeke.com\/wp-content\/uploads\/proizvodi\/roben-fasadna\/victoria-crvena-nf\/victoria-crvena-nf-fuga-bijela.jpg 1000w\" sizes=\"(max-width: 150px) 100vw, 150px\" \/><\/a><\/li><li><a rel=\"prettyPhoto[group-350]\" href=\"https:\/\/svijetopeke.com\/wp-content\/uploads\/proizvodi\/roben-fasadna\/victoria-crvena-nf\/victoria-crvena-nf-fuga-beige.jpg\" class=\"eig-popup\" title=\"Victoria crvena NF fuga beige\" data-caption=\"Victoria crvena NF fuga beige\" target=\"_blank\"><i class=\"icon-view\"><\/i><span class=\"overlay\"><\/span><img decoding=\"async\" width=\"150\" height=\"150\" src=\"https:\/\/svijetopeke.com\/wp-content\/uploads\/proizvodi\/roben-fasadna\/victoria-crvena-nf\/victoria-crvena-nf-fuga-beige-150x150.jpg\" class=\"attachment-thumbnail size-thumbnail\" alt=\"\" srcset=\"https:\/\/svijetopeke.com\/wp-content\/uploads\/proizvodi\/roben-fasadna\/victoria-crvena-nf\/victoria-crvena-nf-fuga-beige-66x66.jpg 66w, https:\/\/svijetopeke.com\/wp-content\/uploads\/proizvodi\/roben-fasadna\/victoria-crvena-nf\/victoria-crvena-nf-fuga-beige-150x150.jpg 150w, https:\/\/svijetopeke.com\/wp-content\/uploads\/proizvodi\/roben-fasadna\/victoria-crvena-nf\/victoria-crvena-nf-fuga-beige-200x200.jpg 200w, https:\/\/svijetopeke.com\/wp-content\/uploads\/proizvodi\/roben-fasadna\/victoria-crvena-nf\/victoria-crvena-nf-fuga-beige-260x260.jpg 260w, https:\/\/svijetopeke.com\/wp-content\/uploads\/proizvodi\/roben-fasadna\/victoria-crvena-nf\/victoria-crvena-nf-fuga-beige-300x300.jpg 300w, https:\/\/svijetopeke.com\/wp-content\/uploads\/proizvodi\/roben-fasadna\/victoria-crvena-nf\/victoria-crvena-nf-fuga-beige-400x400.jpg 400w, https:\/\/svijetopeke.com\/wp-content\/uploads\/proizvodi\/roben-fasadna\/victoria-crvena-nf\/victoria-crvena-nf-fuga-beige-600x600.jpg 600w, https:\/\/svijetopeke.com\/wp-content\/uploads\/proizvodi\/roben-fasadna\/victoria-crvena-nf\/victoria-crvena-nf-fuga-beige-768x768.jpg 768w, https:\/\/svijetopeke.com\/wp-content\/uploads\/proizvodi\/roben-fasadna\/victoria-crvena-nf\/victoria-crvena-nf-fuga-beige-800x800.jpg 800w, https:\/\/svijetopeke.com\/wp-content\/uploads\/proizvodi\/roben-fasadna\/victoria-crvena-nf\/victoria-crvena-nf-fuga-beige.jpg 1000w\" sizes=\"(max-width: 150px) 100vw, 150px\" \/><\/a><\/li><li><a rel=\"prettyPhoto[group-350]\" href=\"https:\/\/svijetopeke.com\/wp-content\/uploads\/proizvodi\/roben-fasadna\/victoria-crvena-nf\/victoria-crvena-nf-fuga-antracit.jpg\" class=\"eig-popup\" title=\"Victoria crvena NF fuga antracit\" data-caption=\"Victoria crvena NF fuga antracit\" target=\"_blank\"><i class=\"icon-view\"><\/i><span class=\"overlay\"><\/span><img decoding=\"async\" width=\"150\" height=\"150\" src=\"https:\/\/svijetopeke.com\/wp-content\/uploads\/proizvodi\/roben-fasadna\/victoria-crvena-nf\/victoria-crvena-nf-fuga-antracit-150x150.jpg\" class=\"attachment-thumbnail size-thumbnail\" alt=\"\" srcset=\"https:\/\/svijetopeke.com\/wp-content\/uploads\/proizvodi\/roben-fasadna\/victoria-crvena-nf\/victoria-crvena-nf-fuga-antracit-66x66.jpg 66w, https:\/\/svijetopeke.com\/wp-content\/uploads\/proizvodi\/roben-fasadna\/victoria-crvena-nf\/victoria-crvena-nf-fuga-antracit-150x150.jpg 150w, https:\/\/svijetopeke.com\/wp-content\/uploads\/proizvodi\/roben-fasadna\/victoria-crvena-nf\/victoria-crvena-nf-fuga-antracit-200x200.jpg 200w, https:\/\/svijetopeke.com\/wp-content\/uploads\/proizvodi\/roben-fasadna\/victoria-crvena-nf\/victoria-crvena-nf-fuga-antracit-260x260.jpg 260w, https:\/\/svijetopeke.com\/wp-content\/uploads\/proizvodi\/roben-fasadna\/victoria-crvena-nf\/victoria-crvena-nf-fuga-antracit-300x300.jpg 300w, https:\/\/svijetopeke.com\/wp-content\/uploads\/proizvodi\/roben-fasadna\/victoria-crvena-nf\/victoria-crvena-nf-fuga-antracit-400x400.jpg 400w, https:\/\/svijetopeke.com\/wp-content\/uploads\/proizvodi\/roben-fasadna\/victoria-crvena-nf\/victoria-crvena-nf-fuga-antracit-600x600.jpg 600w, https:\/\/svijetopeke.com\/wp-content\/uploads\/proizvodi\/roben-fasadna\/victoria-crvena-nf\/victoria-crvena-nf-fuga-antracit-768x768.jpg 768w, https:\/\/svijetopeke.com\/wp-content\/uploads\/proizvodi\/roben-fasadna\/victoria-crvena-nf\/victoria-crvena-nf-fuga-antracit-800x800.jpg 800w, https:\/\/svijetopeke.com\/wp-content\/uploads\/proizvodi\/roben-fasadna\/victoria-crvena-nf\/victoria-crvena-nf-fuga-antracit.jpg 1000w\" sizes=\"(max-width: 150px) 100vw, 150px\" \/><\/a><\/li><\/ul>\n","protected":false},"excerpt":{"rendered":"<p>Tehni\u010dke karakteristike, cetifikate, i dodatne informacije potra\u017eite na slu\u017ebenim web stranicama <a href=\"https:\/\/en.roben.pl\/facade\/facade-products\/\" target=\"_blank\" rel=\"noopener\">proizvo\u0111a\u010da<\/a>.<\/p>\n","protected":false},"featured_media":6961,"template":"","meta":{"_seopress_robots_primary_cat":"","_seopress_titles_title":"","_seopress_titles_desc":"","_seopress_robots_index":""},"product_brand":[],"product_cat":[166],"product_tag":[],"class_list":{"0":"post-6282","1":"product","2":"type-product","3":"status-publish","4":"has-post-thumbnail","6":"product_cat-roben","7":"pa_boja-crvena","8":"pa_dimenzije-nf","9":"pa_dodatna-boja-crvena","10":"pa_povrsina-gruba","11":"pa_proizvodac-roben","12":"pa_tip-jednobojna","13":"pa_vrsta-opeke-klinker-puna-opeka","14":"pa_vrsta-opeke-klinker-slip-opeka","15":"pa_vrsta-opeke-klinker-ventilirana-opeka","17":"first","18":"instock","19":"shipping-taxable","20":"product-type-simple"},"yoast_head":"<!-- This site is optimized with the Yoast SEO plugin v27.1.1 - https:\/\/yoast.com\/product\/yoast-seo-wordpress\/ -->\n<title>Victoria crvena NF - Svijet opeke<\/title>\n<meta name=\"robots\" content=\"index, follow, max-snippet:-1, max-image-preview:large, max-video-preview:-1\" \/>\n<link rel=\"canonical\" href=\"https:\/\/svijetopeke.com\/sl\/proizvod\/victoria-crvena-nf\/\" \/>\n<meta property=\"og:locale\" content=\"sl_SI\" \/>\n<meta property=\"og:type\" content=\"article\" \/>\n<meta property=\"og:title\" content=\"Victoria crvena NF - Svijet opeke\" \/>\n<meta property=\"og:description\" content=\"Tehni\u010dke karakteristike, cetifikate, i dodatne informacije potra\u017eite na slu\u017ebenim web stranicama proizvo\u0111a\u010da.\" \/>\n<meta property=\"og:url\" content=\"https:\/\/svijetopeke.com\/sl\/proizvod\/victoria-crvena-nf\/\" \/>\n<meta property=\"og:site_name\" content=\"Svijet opeke\" \/>\n<meta property=\"article:publisher\" content=\"https:\/\/www.facebook.com\/svijetopeke\/\" \/>\n<meta property=\"article:modified_time\" content=\"2023-04-13T11:55:05+00:00\" \/>\n<meta property=\"og:image\" content=\"https:\/\/svijetopeke.com\/wp-content\/uploads\/proizvodi\/roben-fasadna\/victoria-crvena-nf\/victoria-crvena-nf.jpg\" \/>\n\t<meta property=\"og:image:width\" content=\"1000\" \/>\n\t<meta property=\"og:image:height\" content=\"1000\" \/>\n\t<meta property=\"og:image:type\" content=\"image\/jpeg\" \/>\n<meta name=\"twitter:card\" content=\"summary_large_image\" \/>\n<script type=\"application\/ld+json\" class=\"yoast-schema-graph\">{\"@context\":\"https:\/\/schema.org\",\"@graph\":[{\"@type\":\"WebPage\",\"@id\":\"https:\/\/svijetopeke.com\/sl\/proizvod\/victoria-crvena-nf\/\",\"url\":\"https:\/\/svijetopeke.com\/sl\/proizvod\/victoria-crvena-nf\/\",\"name\":\"Victoria crvena NF - Svijet opeke\",\"isPartOf\":{\"@id\":\"https:\/\/svijetopeke.com\/sl\/#website\"},\"primaryImageOfPage\":{\"@id\":\"https:\/\/svijetopeke.com\/sl\/proizvod\/victoria-crvena-nf\/#primaryimage\"},\"image\":{\"@id\":\"https:\/\/svijetopeke.com\/sl\/proizvod\/victoria-crvena-nf\/#primaryimage\"},\"thumbnailUrl\":\"https:\/\/svijetopeke.com\/wp-content\/uploads\/proizvodi\/roben-fasadna\/victoria-crvena-nf\/victoria-crvena-nf.jpg\",\"datePublished\":\"2022-02-06T13:58:56+00:00\",\"dateModified\":\"2023-04-13T11:55:05+00:00\",\"breadcrumb\":{\"@id\":\"https:\/\/svijetopeke.com\/sl\/proizvod\/victoria-crvena-nf\/#breadcrumb\"},\"inLanguage\":\"sl-SI\",\"potentialAction\":[{\"@type\":\"ReadAction\",\"target\":[\"https:\/\/svijetopeke.com\/sl\/proizvod\/victoria-crvena-nf\/\"]}]},{\"@type\":\"ImageObject\",\"inLanguage\":\"sl-SI\",\"@id\":\"https:\/\/svijetopeke.com\/sl\/proizvod\/victoria-crvena-nf\/#primaryimage\",\"url\":\"https:\/\/svijetopeke.com\/wp-content\/uploads\/proizvodi\/roben-fasadna\/victoria-crvena-nf\/victoria-crvena-nf.jpg\",\"contentUrl\":\"https:\/\/svijetopeke.com\/wp-content\/uploads\/proizvodi\/roben-fasadna\/victoria-crvena-nf\/victoria-crvena-nf.jpg\",\"width\":1000,\"height\":1000,\"caption\":\"Victoria crvena NF\"},{\"@type\":\"BreadcrumbList\",\"@id\":\"https:\/\/svijetopeke.com\/sl\/proizvod\/victoria-crvena-nf\/#breadcrumb\",\"itemListElement\":[{\"@type\":\"ListItem\",\"position\":1,\"name\":\"Po\u010detna stranica\",\"item\":\"https:\/\/svijetopeke.com\/sl\/\"},{\"@type\":\"ListItem\",\"position\":2,\"name\":\"Shop\",\"item\":\"https:\/\/svijetopeke.com\/sl\/shop\/\"},{\"@type\":\"ListItem\",\"position\":3,\"name\":\"Victoria crvena NF\"}]},{\"@type\":\"WebSite\",\"@id\":\"https:\/\/svijetopeke.com\/sl\/#website\",\"url\":\"https:\/\/svijetopeke.com\/sl\/\",\"name\":\"Svijet opeke\",\"description\":\"Najve\u0107i izbor opeke\",\"publisher\":{\"@id\":\"https:\/\/svijetopeke.com\/sl\/#organization\"},\"potentialAction\":[{\"@type\":\"SearchAction\",\"target\":{\"@type\":\"EntryPoint\",\"urlTemplate\":\"https:\/\/svijetopeke.com\/sl\/?s={search_term_string}\"},\"query-input\":{\"@type\":\"PropertyValueSpecification\",\"valueRequired\":true,\"valueName\":\"search_term_string\"}}],\"inLanguage\":\"sl-SI\"},{\"@type\":\"Organization\",\"@id\":\"https:\/\/svijetopeke.com\/sl\/#organization\",\"name\":\"Svijet opeke\",\"url\":\"https:\/\/svijetopeke.com\/sl\/\",\"logo\":{\"@type\":\"ImageObject\",\"inLanguage\":\"sl-SI\",\"@id\":\"https:\/\/svijetopeke.com\/sl\/#\/schema\/logo\/image\/\",\"url\":\"https:\/\/svijetopeke.com\/wp-content\/uploads\/web\/svijetopeke_logo_site_icon.png\",\"contentUrl\":\"https:\/\/svijetopeke.com\/wp-content\/uploads\/web\/svijetopeke_logo_site_icon.png\",\"width\":1024,\"height\":1024,\"caption\":\"Svijet opeke\"},\"image\":{\"@id\":\"https:\/\/svijetopeke.com\/sl\/#\/schema\/logo\/image\/\"},\"sameAs\":[\"https:\/\/www.facebook.com\/svijetopeke\/\",\"https:\/\/www.instagram.com\/svijetopeke\/\"]}]}<\/script>\n<!-- \/ Yoast SEO plugin. -->","yoast_head_json":{"title":"Victoria crvena NF - Svijet opeke","robots":{"index":"index","follow":"follow","max-snippet":"max-snippet:-1","max-image-preview":"max-image-preview:large","max-video-preview":"max-video-preview:-1"},"canonical":"https:\/\/svijetopeke.com\/sl\/proizvod\/victoria-crvena-nf\/","og_locale":"sl_SI","og_type":"article","og_title":"Victoria crvena NF - Svijet opeke","og_description":"Tehni\u010dke karakteristike, cetifikate, i dodatne informacije potra\u017eite na slu\u017ebenim web stranicama proizvo\u0111a\u010da.","og_url":"https:\/\/svijetopeke.com\/sl\/proizvod\/victoria-crvena-nf\/","og_site_name":"Svijet opeke","article_publisher":"https:\/\/www.facebook.com\/svijetopeke\/","article_modified_time":"2023-04-13T11:55:05+00:00","og_image":[{"width":1000,"height":1000,"url":"https:\/\/svijetopeke.com\/wp-content\/uploads\/proizvodi\/roben-fasadna\/victoria-crvena-nf\/victoria-crvena-nf.jpg","type":"image\/jpeg"}],"twitter_card":"summary_large_image","schema":{"@context":"https:\/\/schema.org","@graph":[{"@type":"WebPage","@id":"https:\/\/svijetopeke.com\/sl\/proizvod\/victoria-crvena-nf\/","url":"https:\/\/svijetopeke.com\/sl\/proizvod\/victoria-crvena-nf\/","name":"Victoria crvena NF - Svijet opeke","isPartOf":{"@id":"https:\/\/svijetopeke.com\/sl\/#website"},"primaryImageOfPage":{"@id":"https:\/\/svijetopeke.com\/sl\/proizvod\/victoria-crvena-nf\/#primaryimage"},"image":{"@id":"https:\/\/svijetopeke.com\/sl\/proizvod\/victoria-crvena-nf\/#primaryimage"},"thumbnailUrl":"https:\/\/svijetopeke.com\/wp-content\/uploads\/proizvodi\/roben-fasadna\/victoria-crvena-nf\/victoria-crvena-nf.jpg","datePublished":"2022-02-06T13:58:56+00:00","dateModified":"2023-04-13T11:55:05+00:00","breadcrumb":{"@id":"https:\/\/svijetopeke.com\/sl\/proizvod\/victoria-crvena-nf\/#breadcrumb"},"inLanguage":"sl-SI","potentialAction":[{"@type":"ReadAction","target":["https:\/\/svijetopeke.com\/sl\/proizvod\/victoria-crvena-nf\/"]}]},{"@type":"ImageObject","inLanguage":"sl-SI","@id":"https:\/\/svijetopeke.com\/sl\/proizvod\/victoria-crvena-nf\/#primaryimage","url":"https:\/\/svijetopeke.com\/wp-content\/uploads\/proizvodi\/roben-fasadna\/victoria-crvena-nf\/victoria-crvena-nf.jpg","contentUrl":"https:\/\/svijetopeke.com\/wp-content\/uploads\/proizvodi\/roben-fasadna\/victoria-crvena-nf\/victoria-crvena-nf.jpg","width":1000,"height":1000,"caption":"Victoria crvena NF"},{"@type":"BreadcrumbList","@id":"https:\/\/svijetopeke.com\/sl\/proizvod\/victoria-crvena-nf\/#breadcrumb","itemListElement":[{"@type":"ListItem","position":1,"name":"Po\u010detna stranica","item":"https:\/\/svijetopeke.com\/sl\/"},{"@type":"ListItem","position":2,"name":"Shop","item":"https:\/\/svijetopeke.com\/sl\/shop\/"},{"@type":"ListItem","position":3,"name":"Victoria crvena NF"}]},{"@type":"WebSite","@id":"https:\/\/svijetopeke.com\/sl\/#website","url":"https:\/\/svijetopeke.com\/sl\/","name":"Svijet opeke","description":"Najve\u0107i izbor opeke","publisher":{"@id":"https:\/\/svijetopeke.com\/sl\/#organization"},"potentialAction":[{"@type":"SearchAction","target":{"@type":"EntryPoint","urlTemplate":"https:\/\/svijetopeke.com\/sl\/?s={search_term_string}"},"query-input":{"@type":"PropertyValueSpecification","valueRequired":true,"valueName":"search_term_string"}}],"inLanguage":"sl-SI"},{"@type":"Organization","@id":"https:\/\/svijetopeke.com\/sl\/#organization","name":"Svijet opeke","url":"https:\/\/svijetopeke.com\/sl\/","logo":{"@type":"ImageObject","inLanguage":"sl-SI","@id":"https:\/\/svijetopeke.com\/sl\/#\/schema\/logo\/image\/","url":"https:\/\/svijetopeke.com\/wp-content\/uploads\/web\/svijetopeke_logo_site_icon.png","contentUrl":"https:\/\/svijetopeke.com\/wp-content\/uploads\/web\/svijetopeke_logo_site_icon.png","width":1024,"height":1024,"caption":"Svijet opeke"},"image":{"@id":"https:\/\/svijetopeke.com\/sl\/#\/schema\/logo\/image\/"},"sameAs":["https:\/\/www.facebook.com\/svijetopeke\/","https:\/\/www.instagram.com\/svijetopeke\/"]}]}},"_links":{"self":[{"href":"https:\/\/svijetopeke.com\/sl\/wp-json\/wp\/v2\/product\/6282","targetHints":{"allow":["GET"]}}],"collection":[{"href":"https:\/\/svijetopeke.com\/sl\/wp-json\/wp\/v2\/product"}],"about":[{"href":"https:\/\/svijetopeke.com\/sl\/wp-json\/wp\/v2\/types\/product"}],"wp:featuredmedia":[{"embeddable":true,"href":"https:\/\/svijetopeke.com\/sl\/wp-json\/wp\/v2\/media\/6961"}],"wp:attachment":[{"href":"https:\/\/svijetopeke.com\/sl\/wp-json\/wp\/v2\/media?parent=6282"}],"wp:term":[{"taxonomy":"product_brand","embeddable":true,"href":"https:\/\/svijetopeke.com\/sl\/wp-json\/wp\/v2\/product_brand?post=6282"},{"taxonomy":"product_cat","embeddable":true,"href":"https:\/\/svijetopeke.com\/sl\/wp-json\/wp\/v2\/product_cat?post=6282"},{"taxonomy":"product_tag","embeddable":true,"href":"https:\/\/svijetopeke.com\/sl\/wp-json\/wp\/v2\/product_tag?post=6282"}],"curies":[{"name":"wp","href":"https:\/\/api.w.org\/{rel}","templated":true}]}}